{"id":880,"date":"2021-08-30T19:37:44","date_gmt":"2021-08-30T17:37:44","guid":{"rendered":"http:\/\/vous-avez-dit-bigbang.fr\/?page_id=880"},"modified":"2022-01-06T17:53:55","modified_gmt":"2022-01-06T16:53:55","slug":"expansion-de-lunivers-inflation-30-08-21","status":"publish","type":"page","link":"https:\/\/vous-avez-dit-bigbang.fr\/?page_id=880","title":{"rendered":"Expansion de l&rsquo;univers, inflation (6\/01\/22)"},"content":{"rendered":"\n<h2 class=\"wp-block-heading\">Expansion de l&rsquo;univers<\/h2>\n\n\n\n<p>On observe que toutes les galaxies s&rsquo;\u00e9loignent les unes des autres d&rsquo;autant plus rapidement qu&rsquo;elles sont \u00e9loign\u00e9es, que la lumi\u00e8re \u00e9mise des objets  est d&rsquo;autant plus d\u00e9cal\u00e9e vers le rouge qu&rsquo;ils sont \u00e9loign\u00e9s et que l&rsquo;intervalle entre deux \u00e9v\u00e8nements subit \u00e9galement une dilatation temporelle. On interpr\u00e8te tous ces ph\u00e9nom\u00e8nes en faisant l&rsquo;hypoth\u00e8se que l&rsquo;espace est en \u00ab\u00a0expansion\u00a0\u00bb, dans le cadre de la m\u00e9trique de Robertson-Walker. <\/p>\n\n\n\n<p>Les ph\u00e9nom\u00e8nes d\u00e9crits ont un caract\u00e8re objectif et le propos n&rsquo;est pas de les remettre en cause.<\/p>\n\n\n\n<p>Mais, au-del\u00e0 du caract\u00e8re myst\u00e9rieux de cette ph\u00e9nom\u00e9nologie (un espace qui se dilate), ceci s&rsquo;appuie sur un feuilletage  de l&rsquo;espace-temps, en temps et espace, particulier qui, m\u00eame s&rsquo;il est judicieux, est arbitraire. On sait qu&rsquo;en relativit\u00e9, temps et espace pris s\u00e9par\u00e9ment n&rsquo;ont pas de caract\u00e8re physique, celui-ci \u00e9tant l&rsquo;apanage de l&rsquo;espace-temps.<\/p>\n\n\n\n<p>De toute fa\u00e7on, il n&rsquo;y aurait pas plus de raison d&rsquo;attribuer un caract\u00e8re physique \u00e0 l&rsquo;espace d\u00e9fini de cette mani\u00e8re qu&rsquo;\u00e0 un autre d\u00e9fini en fonction d&rsquo;un autre feuilletage.<\/p>\n\n\n\n<p>Cette interpr\u00e9tation est donc critiquable, car elle ne semble valide dans ce type de feuilletage.<\/p>\n\n\n\n<p>Une autre mani\u00e8re, plus conforme \u00e0 la relativit\u00e9 g\u00e9n\u00e9rale,  de d\u00e9crire cette ph\u00e9nom\u00e9nologie est de dire que les objets c\u00e9lestes d\u00e9crivent les g\u00e9od\u00e9siques d\u00e9finies par l&rsquo;\u00e9quation d&rsquo;Einstein, ce qui est ind\u00e9niable, et que cette structure particuli\u00e8re est une propri\u00e9t\u00e9 \u00ab\u00a0interne\u00a0\u00bb de l&rsquo;espace-temps et non pas de l&rsquo;espace, et que si nous observons ces propri\u00e9t\u00e9s dans l&rsquo;espace (qui serait en expansion), cela est d\u00fb au processus exp\u00e9rimental d&rsquo;observation et \u00e0 son interpr\u00e9tation. Ceci est explicit\u00e9 dans le livre \u00ab\u00a0Vous avez-dit Big- Bang\u00a0\u00bb.<\/p>\n\n\n\n<h2 class=\"wp-block-heading\">Acc\u00e9l\u00e9ration de l&rsquo;expansion : constante cosmologique<\/h2>\n\n\n\n<p>Cette acc\u00e9l\u00e9ration qu&rsquo;on constate exp\u00e9rimentalement est g\u00e9n\u00e9ralement imput\u00e9e (cela n&rsquo;a rien de d\u00e9finitif, mais pour l&rsquo;instant c&rsquo;est l&rsquo;hypoth\u00e8se la plus conforme aux constats exp\u00e9rimentaux) \u00e0 la pr\u00e9sence d&rsquo;une constante cosmologique dans l&rsquo;univers qu&rsquo;on essaie de justifier par \u00ab\u00a0l&rsquo;\u00e9nergie du vide\u00a0\u00bb malgr\u00e9 une \u00e9norme diff\u00e9rence d&rsquo;\u00e9chelle. Nous discutons de cette diff\u00e9rence dans d&rsquo;autres articles sur ce site, notamment \u00e0 propos de la force de Planck.<\/p>\n\n\n\n<p>Si l&rsquo;interpr\u00e9tation physique est encore sujette \u00e0 caution, il faut bien pr\u00e9ciser le contexte g\u00e9om\u00e9trique, car rappelons que la relativit\u00e9 qui sous-tend la cosmologie est une th\u00e9orie g\u00e9om\u00e9trique de la gravitation. <\/p>\n\n\n\n<h2 class=\"wp-block-heading\">Expansion de l\u2019univers ou divergence des g\u00e9od\u00e9siques dans la vari\u00e9t\u00e9 repr\u00e9sentant l\u2019univers?<\/h2>\n\n\n\n<p>La constante cosmologique seule d\u00e9finit un espace-temps \u00e0 quatre dimensions \u00e0 sym\u00e9trie maximale (10 sym\u00e9tries),  nulle elle correspond \u00e0 l&rsquo;espace-temps de Minkowski (relativit\u00e9 restreinte), positive \u00e0 un espace-temps de De Sitter et n\u00e9gative \u00e0 un espace-temps d&rsquo;anti- De Sitter. <\/p>\n\n\n\n<p>Ils sont tous des espace-temps o\u00f9 la courbure spatio-temporelle, repr\u00e9sent\u00e9e par le scalaire de Ricci est constante.  <\/p>\n\n\n\n<p>Ceci implique que le tenseur de Riemann, d\u00e9pendant de la m\u00e9trique et de ses d\u00e9riv\u00e9es premi\u00e8res et seconde dont le scalaire de Ricci est issu par une double contraction a une fourme bien particuli\u00e8re: il ne comporte aucune d\u00e9riv\u00e9e de la m\u00e9trique. Sans rentrer dans les d\u00e9tails c&rsquo;est la diff\u00e9rence de 2 produits tensoriels de la m\u00e9trique. La m\u00e9trique est d\u00e9crite dans des coordonn\u00e9es dont une de type temps est de signe contraire (dans la m\u00e9trique) \u00e0 celles de type espace.<\/p>\n\n\n\n<p> On comprend alors que pour que l&rsquo;expression reste constante quand on parcoure une ligne d&rsquo;univers o\u00f9 le temps est croissant, l&rsquo;espace de signe contraire doit aussi cro\u00eetre pour maintenir la courbure constante. Bien sur il faut faire le calcul, avec la formule math\u00e9matique qui d\u00e9crit ces expressions,  pour s&rsquo;en persuader, l&rsquo;argument ayant un caract\u00e8re analogique pour le ph\u00e9nom\u00e8ne.<\/p>\n\n\n\n<p>Certes, en faisant ainsi, on proc\u00e8de par analogie pour d\u00e9crire le ph\u00e9nom\u00e8ne. Il faut faire le calcul, avec la formule math\u00e9matique qui d\u00e9crit ces expressions, pour s\u2019en persuader.<\/p>\n\n\n\n<h2 class=\"wp-block-heading\">La congruence de g\u00e9od\u00e9siques caract\u00e9rise la structure interne de l\u2019univers<\/h2>\n\n\n\n<p>Nous allons montrer par un calcul simple comment montrer que, plut\u00f4t que de parler d\u2019expansion de l\u2019univers, il faut consid\u00e9rer cela comme une propri\u00e9t\u00e9 interne \u00e0 cet univers.<\/p>\n\n\n\n<p>Pour cela nous allons consid\u00e9rer la congruence de g\u00e9od\u00e9siques dans la m\u00e9trique de Robertson-Walker. Cette congruence d\u00e9crit comment un faisceau de g\u00e9od\u00e9siques, autour et au voisinage d\u2019une g\u00e9od\u00e9sique \u00ab&nbsp;directrice&nbsp;\u00bb, se comportent quand le param\u00e8tre affine de la g\u00e9od\u00e9sique \u00ab directrice&nbsp;\u00bb varie. Ceci d\u00e9crit la structure interne de la g\u00e9om\u00e9trie de la vari\u00e9t\u00e9 repr\u00e9sentant l\u2019espace-temps, car ce que d\u00e9crit essentiellement l\u2019\u00e9quation d\u2019Einstein, c\u2019est la dynamique de la gravitation (le \u00ab&nbsp;mouvement&nbsp;\u00bb) caract\u00e9ris\u00e9e par les g\u00e9od\u00e9siques dans cette th\u00e9orie g\u00e9om\u00e9trique de la gravitation.<\/p>\n\n\n\n<p>Pour une orientation donn\u00e9e de la variation, sa section circulaire peut varier (expansion\/contraction), se d\u00e9former (cisaillement) ou tourner (rotation). Ces informations sont d\u00e9crites par des param\u00e8tres, en particulier la param\u00e8tre d\u2019expansion (ou contraction), g\u00e9n\u00e9ralement d\u00e9sign\u00e9 <em>\u03b8, <\/em>de la congruence qui est un scalaire et qui est le seul param\u00e8tre non nul, dans cette forme de m\u00e9trique. Il s\u2019\u00e9crit&nbsp;:<\/p>\n\n\n\n<div class=\"wp-block-image\"><figure class=\"aligncenter size-full\"><img loading=\"lazy\" decoding=\"async\" width=\"327\" height=\"44\" src=\"https:\/\/vous-avez-dit-bigbang.fr\/wp-content\/uploads\/2022\/01\/image.png\" alt=\"\" class=\"wp-image-1235\" srcset=\"https:\/\/vous-avez-dit-bigbang.fr\/wp-content\/uploads\/2022\/01\/image.png 327w, https:\/\/vous-avez-dit-bigbang.fr\/wp-content\/uploads\/2022\/01\/image-300x40.png 300w\" sizes=\"auto, (max-width: 327px) 85vw, 327px\" \/><\/figure><\/div>\n\n\n\n<p>&nbsp;&nbsp;&nbsp;&nbsp;&nbsp;&nbsp;&nbsp;&nbsp;&nbsp;&nbsp;Le signe \u00ab&nbsp;nabla&nbsp;\u00bb (triangle sur la pointe) repr\u00e9sente la d\u00e9riv\u00e9e covariante. L\u2019\u00e9quation (1) \u2019est la divergence covariante du 4-vecteur g\u00e9od\u00e9sique U<sup>\u00b5<\/sup> de composantes&nbsp;(<em>t, r, \u03b8, \u03c6), <\/em>conventionnellement not\u00e9es respectivement, <em>0, 1, 2, 3, <\/em>dont les composantes sont :<\/p>\n\n\n\n<p class=\"has-text-align-center\"><em>U<sup>\u00b5<\/sup> = {1, 0, 0, 0}&nbsp;&nbsp;&nbsp;&nbsp;&nbsp;&nbsp;&nbsp;&nbsp;&nbsp;&nbsp;&nbsp;&nbsp;&nbsp;&nbsp;&nbsp;&nbsp;&nbsp;&nbsp;&nbsp;&nbsp;&nbsp;&nbsp;&nbsp;&nbsp;&nbsp;&nbsp;&nbsp;&nbsp;&nbsp;&nbsp;&nbsp;&nbsp; &nbsp;&nbsp;&nbsp;&nbsp;&nbsp;&nbsp;&nbsp; <\/em>(2)<\/p>\n\n\n\n<p>Dans ces conditions, comme seul <em>U<sup>0<\/sup><\/em> n\u2019est pas nul, l\u2019\u00e9quation (1) s\u2019\u00e9crit&nbsp;:<\/p>\n\n\n\n<div class=\"wp-block-image\"><figure class=\"aligncenter size-full\"><img loading=\"lazy\" decoding=\"async\" width=\"522\" height=\"44\" src=\"https:\/\/vous-avez-dit-bigbang.fr\/wp-content\/uploads\/2022\/01\/image-1.png\" alt=\"\" class=\"wp-image-1236\" srcset=\"https:\/\/vous-avez-dit-bigbang.fr\/wp-content\/uploads\/2022\/01\/image-1.png 522w, https:\/\/vous-avez-dit-bigbang.fr\/wp-content\/uploads\/2022\/01\/image-1-300x25.png 300w\" sizes=\"auto, (max-width: 522px) 85vw, 522px\" \/><\/figure><\/div>\n\n\n\n<p>&nbsp;&nbsp;La d\u00e9riv\u00e9e partielle de U<sup>0<\/sup>est nulle car U<sup>0<\/sup> = 1, et les symboles de Christoffel valent&nbsp;:<\/p>\n\n\n\n<div class=\"wp-block-image\"><figure class=\"aligncenter size-full\"><img loading=\"lazy\" decoding=\"async\" width=\"456\" height=\"54\" src=\"https:\/\/vous-avez-dit-bigbang.fr\/wp-content\/uploads\/2022\/01\/image-2.png\" alt=\"\" class=\"wp-image-1237\" srcset=\"https:\/\/vous-avez-dit-bigbang.fr\/wp-content\/uploads\/2022\/01\/image-2.png 456w, https:\/\/vous-avez-dit-bigbang.fr\/wp-content\/uploads\/2022\/01\/image-2-300x36.png 300w\" sizes=\"auto, (max-width: 456px) 85vw, 456px\" \/><\/figure><\/div>\n\n\n\n<p>Et a\u2019 d\u00e9signe la d\u00e9riv\u00e9e de a(t) par rapport \u00e0 t. En prenant, par exemple, la solution donn\u00e9e par les \u00e9quations de Friedmann avec k = 0&nbsp;:<\/p>\n\n\n\n<figure class=\"wp-block-image size-full\"><img loading=\"lazy\" decoding=\"async\" width=\"476\" height=\"64\" src=\"https:\/\/vous-avez-dit-bigbang.fr\/wp-content\/uploads\/2022\/01\/image-3.png\" alt=\"\" class=\"wp-image-1238\" srcset=\"https:\/\/vous-avez-dit-bigbang.fr\/wp-content\/uploads\/2022\/01\/image-3.png 476w, https:\/\/vous-avez-dit-bigbang.fr\/wp-content\/uploads\/2022\/01\/image-3-300x40.png 300w\" sizes=\"auto, (max-width: 476px) 85vw, 476px\" \/><\/figure>\n\n\n\n<p>Cette expansion <em>\u03b8<\/em>, constante dans le cas d\u2019un univers de De Sitter est donc, intrins\u00e8quement, de caract\u00e8re g\u00e9om\u00e9trique, c\u2019est une propri\u00e9t\u00e9 interne \u00e0 cette g\u00e9om\u00e9trie, ind\u00e9pendamment de toutes les interpr\u00e9tations physiques qu\u2019on peut envisager.<\/p>\n\n\n\n<p>On voit que cette expansion constante des g\u00e9od\u00e9siques conduit \u00e0 une expansion de type \u00ab&nbsp;exponentiel&nbsp;\u00bb<\/p>\n\n\n\n<h2 class=\"wp-block-heading\">Cas d&rsquo;un univers non vide<\/h2>\n\n\n\n<p>Quand il y a de la mati\u00e8re \u00e9nergie dans l&rsquo;univers (mati\u00e8re froide, mati\u00e8re relativiste et rayonnement), on peut se demander vers quoi tend l&rsquo;univers lorsque cette quantit\u00e9 de mati\u00e8re \u00e9nergie tend vers z\u00e9ro pour chercher quelle structure g\u00e9om\u00e9trique \u00ab\u00a0nue\u00a0\u00bb serait la trame d&rsquo;un tel espace-temps.<\/p>\n\n\n\n<p>L&rsquo;hypoth\u00e8se habituelle est que la courbure est nulle donc qu&rsquo;un espace-temps tendrait vers l&rsquo;espace-temps de Minkowski lorsque la mati\u00e8re-\u00e9nergie tend vers z\u00e9ro.<\/p>\n\n\n\n<p> Mais elle peut tout aussi bien tendre vers un espace de De Sitter ou anti-De Sitter qui a le m\u00eame niveau de sym\u00e9trie. Y-a-il une raison pour privil\u00e9gier l&rsquo;une ou l&rsquo;autre solution ? <\/p>\n\n\n\n<p>Par exemple si la constante cosmologique s&rsquo;av\u00e8re \u00eatre la bonne solution pour notre univers, il n&rsquo;y a pas mati\u00e8re \u00e0 s&rsquo;\u00e9tonner, les 3 solutions se valent&#8230;<\/p>\n\n\n\n<h2 class=\"wp-block-heading\">Inflation primordiale<\/h2>\n\n\n\n<p>Ce paradigme, plut\u00f4t bien int\u00e9gr\u00e9 aujourd&rsquo;hui dans le mod\u00e8le cosmologique, suppose que, tr\u00e8s t\u00f4t dans l&rsquo;histoire de l&rsquo;univers, une croissance de type exponentiel a eu lieu pendant un temps \u00e9gal \u00e0 au moins 100 fois l&rsquo;\u00e2ge de l&rsquo;univers, au moment o\u00f9 elle s&rsquo;est produite.<\/p>\n\n\n\n<p>Ceci permet d&rsquo;expliquer un certain nombre de ph\u00e9nom\u00e8nes  constat\u00e9s sur l&rsquo;homog\u00e9n\u00e9it\u00e9 de l&rsquo;univers, le probl\u00e8me de l&rsquo;horizon, la courbure quasi nulle de la section spatiale dans la m\u00e9trique de Robertson-Walker et l&rsquo;absence de monopoles magn\u00e9tiques.<\/p>\n\n\n\n<h2 class=\"wp-block-heading\">Le probl\u00e8me de l&rsquo;horizon<\/h2>\n\n\n\n<p>L&rsquo;\u00e9tude du RFC (rayonnement de fond cosmologique) montre qu&rsquo;il est tr\u00e8s homog\u00e8ne (les inhomog\u00e9n\u00e9it\u00e9s sont de l&rsquo;ordre de 10<sup>-5<\/sup>) . Dans un milieu, un gaz par exemple, l&rsquo;homog\u00e9n\u00e9it\u00e9 r\u00e9sulte des nombreuses collisions entre les atomes ce qui am\u00e8ne \u00e0 un \u00e9quilibre thermique qui suit une loi de type corps noir.<\/p>\n\n\n\n<p>Pour cela, il faut que les diff\u00e9rentes parties de l&rsquo;univers aient \u00e9t\u00e9 en contact. Sans cette inflation, dans le mod\u00e8le standard, sauf  conditions initiales tr\u00e8s particuli\u00e8res, ceci semble impossible. <\/p>\n\n\n\n<p>Notons qu&rsquo;il s&rsquo;agit d&rsquo;un ph\u00e9nom\u00e8ne \u00e0 caract\u00e8re physique puisque c&rsquo;est la limite au-del\u00e0 de laquelle o\u00f9 plus aucun signal ne nous parvient.  Dans un univers dynamique cette limite d\u00e9pend du temps cosmologique, \u00e0 contrario de l&rsquo;horizon dans la solution de Schwarzschild avec trou noir o\u00f9 elle est fixe.<\/p>\n\n\n\n<h2 class=\"wp-block-heading\">Le probl\u00e8me  de la platitude de l&rsquo;espace<\/h2>\n\n\n\n<p>Un argument avanc\u00e9 est que pour rendre compte de cette quasi-nullit\u00e9 de cette courbure, il aurait fallu des conditions initiales extraordinairement particuli\u00e8res, donc extraordinairement peu probables. <\/p>\n\n\n\n<p>L&rsquo;argument est int\u00e9ressant, mais il faut faire remarquer que la \u00ab\u00a0platitude\u00a0\u00bb de la section spatiale d&rsquo;un espace-temps n&rsquo;a rien  d&rsquo;universel, car cet espace d\u00e9pend du feuilletage de l&rsquo;espace-temps en temps et espace qui d\u00e9pend-lui m\u00eame des coordonn\u00e9es.<\/p>\n\n\n\n<p>Ainsi, pour un espace-temps de De Sitter par exemple, il existe des solutions o\u00f9 la section spatiale est \u00e0 courbure positive, n\u00e9gative ou nulle, pour le m\u00eame espace-temps, (d\u00e9crit math\u00e9matiquement par la m\u00eame vari\u00e9t\u00e9), certaines couvrant toute la vari\u00e9t\u00e9 d&rsquo;autres seulement une partie, ceci d\u00e9pendant de coordonn\u00e9es.<\/p>\n\n\n\n<p>On peut donc \u00eatre dubitatif sur la valeur intrins\u00e8que et l&rsquo;importance de cette courbure nulle pour la section spatiale qui n&rsquo;a pas de caract\u00e8re physique.<\/p>\n\n\n\n<p>L&rsquo;int\u00e9r\u00eat qu&rsquo;on lui portait, dans les solutions sans constantes cosmologiques \u00e9tait sans doute li\u00e9 au fait que le destin de l&rsquo;univers d\u00e9pendait de cette courbure (ferm\u00e9, ouvert, asymptotiquement infini). Mais avec la constante cosmologique, la donne a chang\u00e9.<\/p>\n\n\n\n<h2 class=\"wp-block-heading\">Validation du paradigme de l&rsquo;inflation<\/h2>\n\n\n\n<p>Pour \u00eatre valid\u00e9 ce paradigme doit faire l&rsquo;objet de v\u00e9rifications exp\u00e9rimentales. <\/p>\n\n\n\n<p>S&rsquo;il est vrai qu&rsquo;il r\u00e9sout plusieurs probl\u00e8mes, pour les conditions initiales extraordinairement particuli\u00e8res on peut faire observer que le Big Bang est lui m\u00eame un \u00e9v\u00e8nement pas vraiment ordinaire et que si on l&rsquo;accepte, on pourrait ne pas s&rsquo;\u00e9tonner qu&rsquo;il s\u2019accompagne d&rsquo;un autre \u00e9v\u00e8nement du m\u00eame acabit.<\/p>\n\n\n\n<p>Il apparait que ce paradigme a connu de nombreuses  versions depuis le d\u00e9but et que de nombreuses variantes existent et font partie de travaux de recherche, aujourd&rsquo;hui .<\/p>\n\n\n\n<p>Le m\u00e9diateur quantique du champ scalaire \u00ab\u00a0l&rsquo;inflaton\u00a0\u00bb est inconnu et si on a pens\u00e9 que ce pouvait \u00eatre le boson de Higgs, cette hypoth\u00e8se semble abandonn\u00e9e aujourd&rsquo;hui.<\/p>\n\n\n\n<p>De plus le profil et les propri\u00e9t\u00e9s du champ scalaire associ\u00e9 \u00e0 l&rsquo;inflation exigent d&rsquo;importantes contraintes pour repr\u00e9senter le ph\u00e9nom\u00e8ne tel qu&rsquo;on le d\u00e9crit, ce qui fait dire que si des contraintes aussi fortes que celles initiales requises pour un univers de g\u00e9om\u00e9trie spatiale plate, on ne voit pas bien l&rsquo;int\u00e9r\u00eat d&rsquo;ajouter ce paradigme, sauf s&rsquo;il r\u00e9sout des probl\u00e8mes que l&rsquo;ajustement fin des param\u00e8tres initiaux ne r\u00e9sout pas (probl\u00e8me de l&rsquo;horizon, homog\u00e9n\u00e9it\u00e9, spectre des fluctuations, absence de monopoles magn\u00e9tiques). <\/p>\n\n\n\n<p>Il est certain que tous ces points donnent du cr\u00e9dit \u00e0 l&rsquo;inflation, mais la confusion actuelle et la pl\u00e9thore de variantes montrent que l&rsquo;histoire est loin d&rsquo;\u00eatre termin\u00e9e. Seule une v\u00e9rification exp\u00e9rimentale non ambig\u00fce l\u00e8verait l&rsquo;hypoth\u00e8que sur ce paradigme.<\/p>\n\n\n\n<p><\/p>\n","protected":false},"excerpt":{"rendered":"<p>Expansion de l&rsquo;univers On observe que toutes les galaxies s&rsquo;\u00e9loignent les unes des autres d&rsquo;autant plus rapidement qu&rsquo;elles sont \u00e9loign\u00e9es, que la lumi\u00e8re \u00e9mise des objets est d&rsquo;autant plus d\u00e9cal\u00e9e vers le rouge qu&rsquo;ils sont \u00e9loign\u00e9s et que l&rsquo;intervalle entre deux \u00e9v\u00e8nements subit \u00e9galement une dilatation temporelle. On interpr\u00e8te tous ces ph\u00e9nom\u00e8nes en faisant l&rsquo;hypoth\u00e8se &hellip; <a href=\"https:\/\/vous-avez-dit-bigbang.fr\/?page_id=880\" class=\"more-link\">Continuer la lecture<span class=\"screen-reader-text\"> de &laquo;&nbsp;Expansion de l&rsquo;univers, inflation (6\/01\/22)&nbsp;&raquo;<\/span><\/a><\/p>\n","protected":false},"author":1,"featured_media":0,"parent":0,"menu_order":0,"comment_status":"closed","ping_status":"closed","template":"","meta":{"footnotes":""},"class_list":["post-880","page","type-page","status-publish","hentry"],"_links":{"self":[{"href":"https:\/\/vous-avez-dit-bigbang.fr\/index.php?rest_route=\/wp\/v2\/pages\/880","targetHints":{"allow":["GET"]}}],"collection":[{"href":"https:\/\/vous-avez-dit-bigbang.fr\/index.php?rest_route=\/wp\/v2\/pages"}],"about":[{"href":"https:\/\/vous-avez-dit-bigbang.fr\/index.php?rest_route=\/wp\/v2\/types\/page"}],"author":[{"embeddable":true,"href":"https:\/\/vous-avez-dit-bigbang.fr\/index.php?rest_route=\/wp\/v2\/users\/1"}],"replies":[{"embeddable":true,"href":"https:\/\/vous-avez-dit-bigbang.fr\/index.php?rest_route=%2Fwp%2Fv2%2Fcomments&post=880"}],"version-history":[{"count":13,"href":"https:\/\/vous-avez-dit-bigbang.fr\/index.php?rest_route=\/wp\/v2\/pages\/880\/revisions"}],"predecessor-version":[{"id":1250,"href":"https:\/\/vous-avez-dit-bigbang.fr\/index.php?rest_route=\/wp\/v2\/pages\/880\/revisions\/1250"}],"wp:attachment":[{"href":"https:\/\/vous-avez-dit-bigbang.fr\/index.php?rest_route=%2Fwp%2Fv2%2Fmedia&parent=880"}],"curies":[{"name":"wp","href":"https:\/\/api.w.org\/{rel}","templated":true}]}}