{"id":83,"date":"2020-05-08T09:37:25","date_gmt":"2020-05-08T07:37:25","guid":{"rendered":"http:\/\/vous-avez-dit-bigbang.fr\/?page_id=83"},"modified":"2026-05-04T11:26:17","modified_gmt":"2026-05-04T09:26:17","slug":"vous-avez-dit-big-bang","status":"publish","type":"page","link":"https:\/\/vous-avez-dit-bigbang.fr\/","title":{"rendered":"Vous avez dit Big Bang? 04\/05\/26"},"content":{"rendered":"\n<p>En suivant Platon dans sa doctrine, les articles et commentaires, \u00e0 caract\u00e8re philosophique, pr\u00e9sentent le point de vue de l&rsquo;auteur et sont laiss\u00e9s \u00e0 la libre interpr\u00e9tation du lecteur. Ils sont fondamentalement destin\u00e9s \u00e0 nourrir et stimuler la r\u00e9flexion du lecteur sur ces sujets. <\/p>\n\n\n\n<p>Mise \u00e0 jour du 04\/05\/26 <a href=\"https:\/\/vous-avez-dit-bigbang.fr\/?page_id=348\" data-type=\"page\" data-id=\"348\">L\u2019\u00e9nergie noire est-elle l\u2019\u00e9nergie du vide \u00e0 l\u2019\u00e9chelle de l\u2019univers? Mise \u00e0 jour 04\/05\/26<\/a>   <a href=\"https:\/\/vous-avez-dit-bigbang.fr\/?page_id=4239\" data-type=\"page\" data-id=\"4239\">Synth\u00e8se partielle de documents sur les \u00ab\u00a0r\u00e9flexions\u00a0\u00bb philosophiques sur notre existence et ses liens avec celle de l\u2019univers. 19\/04\/26<\/a> <a href=\"https:\/\/vous-avez-dit-bigbang.fr\/?page_id=3868\" data-type=\"page\" data-id=\"3868\">Lagrangien g\u00e9od\u00e9sique en relativit\u00e9 g\u00e9n\u00e9rale 24\/4\/26<\/a> <a href=\"https:\/\/vous-avez-dit-bigbang.fr\/?page_id=4184\" data-type=\"page\" data-id=\"4184\">Si la physique est la d\u00e9couverte des th\u00e9ories compatibles avec notre esprit, celles -ci doivent elles \u00eatre autoduales \u00e0 l\u2019image de notre conscience? 31\/03\/26<\/a> <a href=\"https:\/\/vous-avez-dit-bigbang.fr\/?page_id=4090\" data-type=\"page\" data-id=\"4090\">R\u00e9flexions compl\u00e9mentaires sur l\u2019existence de l\u2019univers 14\/03\/26<\/a> <a href=\"https:\/\/vous-avez-dit-bigbang.fr\/?page_id=4062\" data-type=\"page\" data-id=\"4062\">Du sens de la vie dans l\u2019univers 26\/01\/26<\/a> <a href=\"https:\/\/vous-avez-dit-bigbang.fr\/?page_id=348\" data-type=\"page\" data-id=\"348\">L\u2019\u00e9nergie noire est-elle l\u2019\u00e9nergie du vide \u00e0 l\u2019\u00e9chelle de l\u2019univers? Mise \u00e0 jour 25\/12\/25<\/a> <a href=\"https:\/\/vous-avez-dit-bigbang.fr\/?page_id=51\" data-type=\"page\" data-id=\"51\">Errata et addendum 22\/12\/25<\/a> <a href=\"https:\/\/vous-avez-dit-bigbang.fr\/?page_id=3990\" data-type=\"page\" data-id=\"3990\">Une approche thermodynamique de la formation des galaxies dans l\u2019univers. 7\/12\/25<\/a> <a href=\"https:\/\/vous-avez-dit-bigbang.fr\/?p=3985\">https:\/\/vous-avez-dit-bigbang.fr\/?p=3985<\/a> <a href=\"https:\/\/vous-avez-dit-bigbang.fr\/?page_id=3980\" data-type=\"page\" data-id=\"3980\">Vitesse limite et localit\u00e9 3\/12\/25<\/a> <a href=\"https:\/\/vous-avez-dit-bigbang.fr\/?page_id=3558\" data-type=\"page\" data-id=\"3558\">L\u2019espace-temps comme paradigme de notre existence\u00a0: au-del\u00e0 de l\u2019\u00e9ternit\u00e9\u00a0! 30\/11\/25<\/a> <a href=\"https:\/\/vous-avez-dit-bigbang.fr\/?page_id=3868\" data-type=\"page\" data-id=\"3868\">Lagrangien g\u00e9od\u00e9sique en relativit\u00e9 g\u00e9n\u00e9rale 24\/10\/25<\/a> <a href=\"https:\/\/vous-avez-dit-bigbang.fr\/?page_id=3558\" data-type=\"page\" data-id=\"3558\">,<\/a> <a href=\"https:\/\/vous-avez-dit-bigbang.fr\/?page_id=3670\" data-type=\"page\" data-id=\"3670\">Espace-temps relativistes \u00e0 sym\u00e9trie maximale<\/a> <a href=\"https:\/\/vous-avez-dit-bigbang.fr\/?page_id=3711\" data-type=\"page\" data-id=\"3711\">La sphere comme paradigme pour l\u2019hypersphere 01\/12\/25<\/a><\/p>\n\n\n\n<p>Nouveau: <a href=\"https:\/\/vous-avez-dit-bigbang.fr\/?page_id=4125\" data-type=\"page\" data-id=\"4125\">Fusion nucl\u00e9aire, \u00e9nergie du futur -diaporama 9\/3\/26<\/a> article du 22\/03\/26, <\/p>\n\n\n\n<h2 class=\"wp-block-heading\">Did you say Big Bang ? 04\/26\/26<\/h2>\n\n\n\n<p>Following Plato, the philosophical comments, on some topics, are the opinion, of the author of this book but the reader is invited to think about them and make his own statement about them. .<\/p>\n\n\n\n<p>Updated 05\/04\/26 <a href=\"https:\/\/vous-avez-dit-bigbang.fr\/?page_id=4032\" data-type=\"page\" data-id=\"4032\">Is dark energy the energy of the vacuum at the scale of the universe? Updated 05\/04\/26<\/a>  <a href=\"https:\/\/vous-avez-dit-bigbang.fr\/?page_id=4092\" data-type=\"page\" data-id=\"4092\">Further investigations on the Existence of the Universe 3\/14\/26<\/a> <a href=\"https:\/\/vous-avez-dit-bigbang.fr\/?page_id=4065\" data-type=\"page\" data-id=\"4065\">The Meaning of Life in the Universe 01\/04\/26<\/a> <a href=\"https:\/\/vous-avez-dit-bigbang.fr\/?page_id=4032\" data-type=\"page\" data-id=\"4032\">Is dark energy the energy of the vacuum at the scale of the universe? Updated 25\/12\/25<\/a> <a href=\"https:\/\/vous-avez-dit-bigbang.fr\/?page_id=3993\" data-type=\"page\" data-id=\"3993\">A thermodynamic approach to the formation of galaxies in the universe. 12\/7\/25<\/a> <a href=\"https:\/\/vous-avez-dit-bigbang.fr\/?page_id=3537\" data-type=\"page\" data-id=\"3537\">Spacetime as a paradigm of our existence: beyond eternity! 10\/27\/25<\/a> <a href=\"https:\/\/vous-avez-dit-bigbang.fr\/?page_id=3700\" data-type=\"page\" data-id=\"3700\">Sphere as a paradigm for understanding hypersphere 09\/19\/25<\/a> article 03\/26\/26<\/p>\n\n\n\n<p>Ci-dessous: Conf\u00e9rence sur \u00ab\u00a0<strong>l&rsquo;univers et l&rsquo;homme<\/strong>\u00a0\u00bb (CNAM &#8211; Paris, oct -2020). <\/p>\n\n\n\n<div class=\"wp-block-file\"><a id=\"wp-block-file--media-de46aa1d-2c5c-4cab-bcde-12964c832eca\" href=\"https:\/\/vous-avez-dit-bigbang.fr\/wp-content\/uploads\/2022\/12\/univers_et_homme-saf-141020.pptx\">univers_et_homme-saf-141020<\/a><a href=\"https:\/\/vous-avez-dit-bigbang.fr\/wp-content\/uploads\/2022\/12\/univers_et_homme-saf-141020.pptx\" class=\"wp-block-file__button wp-element-button\" download aria-describedby=\"wp-block-file--media-de46aa1d-2c5c-4cab-bcde-12964c832eca\">T\u00e9l\u00e9charger<\/a><\/div>\n\n\n\n<figure class=\"wp-block-embed is-type-video is-provider-youtube wp-block-embed-youtube wp-embed-aspect-16-9 wp-has-aspect-ratio\"><div class=\"wp-block-embed__wrapper\">\n<iframe loading=\"lazy\" title=\"L&#039;Univers et l&#039;homme par Jacques Fric\" width=\"840\" height=\"473\" src=\"https:\/\/www.youtube.com\/embed\/od2kYjNhRLE?feature=oembed\" frameborder=\"0\" allow=\"accelerometer; autoplay; clipboard-write; encrypted-media; gyroscope; picture-in-picture; web-share\" referrerpolicy=\"strict-origin-when-cross-origin\" allowfullscreen><\/iframe>\n<\/div><\/figure>\n\n\n\n<p>Diaporama seul: <a href=\"http:\/\/www.astromontgeron.fr\/univers_et_homme-saf-141020.pptx\">http:\/\/www.astromontgeron.fr\/univers_et_homme-saf-141020.pptx<\/a>   Translation in english of the slides: <a href=\"http:\/\/www.astromontgeron.fr\/The universe and the mankind.pptx\">http:\/\/www.astromontgeron.fr\/The universe and the mankind.pptx<\/a><\/p>\n\n\n\n<p><strong>Le livre \u00a0\u00bb <a href=\"https:\/\/g.co\/gemini\/share\/e98efcc2753c\" data-type=\"link\" data-id=\"https:\/\/g.co\/gemini\/share\/e98efcc2753c\">Vous avez dit Big Bang ?<\/a>\u00a0\u00bb <\/strong>est disponible sur les sites en ligne<strong>:<\/strong> <strong><a href=\"https:\/\/www.fnac.com\/a14925519\/Monsieur-Jacques-FRIC-Vous-avez-dit-Big-Bang\">F<strong>nac<\/strong><\/a><\/strong> , <strong><a href=\"https:\/\/www.amazon.fr\/s?k=%2C+vous+avez+dit+big+bang&amp;link_code=qs&amp;sourceid=Mozilla-search&amp;tag=firefox-fr-21,\">Amazon<\/a><\/strong><\/p>\n\n\n<div class=\"wp-block-image\">\n<figure class=\"aligncenter size-large is-resized\"><img loading=\"lazy\" decoding=\"async\" width=\"1024\" height=\"718\" src=\"https:\/\/vous-avez-dit-bigbang.fr\/wp-content\/uploads\/2020\/06\/couverture-1024x718.jpg\" alt=\"\" class=\"wp-image-91\" style=\"width:771px;height:540px\" srcset=\"https:\/\/vous-avez-dit-bigbang.fr\/wp-content\/uploads\/2020\/06\/couverture-1024x718.jpg 1024w, https:\/\/vous-avez-dit-bigbang.fr\/wp-content\/uploads\/2020\/06\/couverture-300x210.jpg 300w, https:\/\/vous-avez-dit-bigbang.fr\/wp-content\/uploads\/2020\/06\/couverture-768x538.jpg 768w, https:\/\/vous-avez-dit-bigbang.fr\/wp-content\/uploads\/2020\/06\/couverture-1536x1077.jpg 1536w, https:\/\/vous-avez-dit-bigbang.fr\/wp-content\/uploads\/2020\/06\/couverture-2048x1436.jpg 2048w, https:\/\/vous-avez-dit-bigbang.fr\/wp-content\/uploads\/2020\/06\/couverture-1200x841.jpg 1200w\" sizes=\"auto, (max-width: 709px) 85vw, (max-width: 909px) 67vw, (max-width: 1362px) 62vw, 840px\" \/><\/figure>\n<\/div>\n\n\n<p class=\"has-text-align-center\"><em>Essai sur une analyse multidisciplinaire du mod\u00e8le standard de la cosmologie scientifique moderne, commun\u00e9ment appel\u00e9e th\u00e9orie du Big Bang<\/em><\/p>\n\n\n\n<p><strong>Citation<\/strong>: <span style=\"color:#00a30b\" class=\"has-inline-color\">\u00ab\u00a0L\u2019arbre doit baigner dans la clart\u00e9. Car plant\u00e9 dans la terre par ses racines, plant\u00e9 dans les astres par ses branchages, il est le chemin de l\u2019\u00e9change entre les \u00e9toiles et nous.\u00a0\u00bb<\/span> <span style=\"color:#00a32e\" class=\"has-inline-color\">Antoine de <strong>Saint-Exup\u00e9ry, <em>Citadelle<\/em><\/strong><\/span><\/p>\n\n\n\n<p>Quelques extraits du livre en (Some excepts of the book in): <a href=\"https:\/\/www.google.fr\/books\/edition\/Vous_avez_dit_Big_Bang\/1OjzDwAAQBAJ?hl=fr&amp;gbpv=1&amp;dq=vous+avez+dit+big+bang&amp;printsec=frontcover \">https:\/\/www.google.fr\/books\/edition\/Vous_avez_dit_Big_Bang\/1OjzDwAAQBAJ?hl=fr&amp;gbpv=1&amp;dq=vous+avez+dit+big+bang&amp;printsec=frontcover <\/a><\/p>\n\n\n\n<p><strong>Article sur l&rsquo;auteur en: <\/strong> <a href=\"https:\/\/www.insa-lyon.fr\/fr\/actualites\/jacques-fric-pieds-sur-terre-tete-dans-etoiles\">https:\/\/www.insa-lyon.fr\/fr\/actualites\/jacques-fric-pieds-sur-terre-tete-dans-etoiles<\/a><\/p>\n\n\n\n<p class=\"has-text-align-center\">Rapport 2025, report for 2025 (top 20) (OVH statistics, robots excluded). Average time 1 mn 40 s<\/p>\n\n\n\n<figure class=\"wp-block-table\"><table class=\"has-fixed-layout\"><thead><tr><td><strong>#<\/strong><\/td><td><strong>Pays<\/strong><\/td><td><strong>Nombre de sessions<\/strong><\/td><td><strong>Ratio (%)<\/strong><\/td><\/tr><\/thead><tbody><tr><td>1<\/td><td>\u00c9tats-Unis<\/td><td>15906<\/td><td>36.6<\/td><\/tr><tr><td>2<\/td><td>Allemagne<\/td><td>3215<\/td><td>7.4<\/td><\/tr><tr><td>3<\/td><td>France<\/td><td>3147<\/td><td>7.2<\/td><\/tr><tr><td>4<\/td><td>Chine<\/td><td>2477<\/td><td>5.7<\/td><\/tr><tr><td>5<\/td><td>Royaume-Uni<\/td><td>1546<\/td><td>3.6<\/td><\/tr><tr><td>6<\/td><td>Russie<\/td><td>1384<\/td><td>3.2<\/td><\/tr><tr><td>7<\/td><td>Pays-Bas<\/td><td>1323<\/td><td>3.0<\/td><\/tr><tr><td>8<\/td><td>Singapour<\/td><td>1277<\/td><td>2.9<\/td><\/tr><tr><td>9<\/td><td>Inde<\/td><td>1052<\/td><td>2.4<\/td><\/tr><tr><td>10<\/td><td>Viet Nam<\/td><td>1032<\/td><td>2.4<\/td><\/tr><tr><td>11<\/td><td>Canada<\/td><td>984<\/td><td>2.3<\/td><\/tr><tr><td>12<\/td><td>Japon<\/td><td>754<\/td><td>1.7<\/td><\/tr><tr><td>13<\/td><td>Br\u00e9sil<\/td><td>580<\/td><td>1.3<\/td><\/tr><tr><td>14<\/td><td>R\u00e9publique Islamique d&rsquo;Iran<\/td><td>514<\/td><td>1.2<\/td><\/tr><tr><td>15<\/td><td>Italie<\/td><td>407<\/td><td>0.9<\/td><\/tr><tr><td>16<\/td><td>Hong-Kong<\/td><td>397<\/td><td>0.9<\/td><\/tr><tr><td>17<\/td><td>Espagne<\/td><td>354<\/td><td>0.8<\/td><\/tr><tr><td>18<\/td><td>Irlande<\/td><td>347<\/td><td>0.8<\/td><\/tr><tr><td>19<\/td><td>Australie<\/td><td>344<\/td><td>0.8<\/td><\/tr><tr><td>20<\/td><td>Afrique du Sud<\/td><td>341<\/td><td>0.8<\/td><\/tr><\/tbody><\/table><\/figure>\n\n\n\n<figure class=\"wp-block-image size-large\"><img loading=\"lazy\" decoding=\"async\" width=\"872\" height=\"1024\" src=\"https:\/\/vous-avez-dit-bigbang.fr\/wp-content\/uploads\/2026\/01\/countries-1-872x1024.png\" alt=\"\" class=\"wp-image-4040\" srcset=\"https:\/\/vous-avez-dit-bigbang.fr\/wp-content\/uploads\/2026\/01\/countries-1-872x1024.png 872w, https:\/\/vous-avez-dit-bigbang.fr\/wp-content\/uploads\/2026\/01\/countries-1-255x300.png 255w, https:\/\/vous-avez-dit-bigbang.fr\/wp-content\/uploads\/2026\/01\/countries-1-768x902.png 768w, https:\/\/vous-avez-dit-bigbang.fr\/wp-content\/uploads\/2026\/01\/countries-1.png 884w\" sizes=\"auto, (max-width: 709px) 85vw, (max-width: 909px) 67vw, (max-width: 1362px) 62vw, 840px\" \/><\/figure>\n\n\n\n<p>Contact: contact{at}vous{tiret}avez{tiret}dit{tiret}bigbang{point}fr ___ Hosted by ovh.com\/fr<\/p>\n\n\n\n<p><\/p>\n","protected":false},"excerpt":{"rendered":"<p>En suivant Platon dans sa doctrine, les articles et commentaires, \u00e0 caract\u00e8re philosophique, pr\u00e9sentent le point de vue de l&rsquo;auteur et sont laiss\u00e9s \u00e0 la libre interpr\u00e9tation du lecteur. Ils sont fondamentalement destin\u00e9s \u00e0 nourrir et stimuler la r\u00e9flexion du lecteur sur ces sujets. Mise \u00e0 jour du 04\/05\/26 L\u2019\u00e9nergie noire est-elle l\u2019\u00e9nergie du vide &hellip; <a href=\"https:\/\/vous-avez-dit-bigbang.fr\/\" class=\"more-link\">Continuer la lecture<span class=\"screen-reader-text\"> de &laquo;&nbsp;Vous avez dit Big Bang? 04\/05\/26&nbsp;&raquo;<\/span><\/a><\/p>\n","protected":false},"author":1,"featured_media":0,"parent":0,"menu_order":0,"comment_status":"open","ping_status":"closed","template":"","meta":{"footnotes":""},"class_list":["post-83","page","type-page","status-publish","hentry"],"_links":{"self":[{"href":"https:\/\/vous-avez-dit-bigbang.fr\/index.php?rest_route=\/wp\/v2\/pages\/83","targetHints":{"allow":["GET"]}}],"collection":[{"href":"https:\/\/vous-avez-dit-bigbang.fr\/index.php?rest_route=\/wp\/v2\/pages"}],"about":[{"href":"https:\/\/vous-avez-dit-bigbang.fr\/index.php?rest_route=\/wp\/v2\/types\/page"}],"author":[{"embeddable":true,"href":"https:\/\/vous-avez-dit-bigbang.fr\/index.php?rest_route=\/wp\/v2\/users\/1"}],"replies":[{"embeddable":true,"href":"https:\/\/vous-avez-dit-bigbang.fr\/index.php?rest_route=%2Fwp%2Fv2%2Fcomments&post=83"}],"version-history":[{"count":322,"href":"https:\/\/vous-avez-dit-bigbang.fr\/index.php?rest_route=\/wp\/v2\/pages\/83\/revisions"}],"predecessor-version":[{"id":4306,"href":"https:\/\/vous-avez-dit-bigbang.fr\/index.php?rest_route=\/wp\/v2\/pages\/83\/revisions\/4306"}],"wp:attachment":[{"href":"https:\/\/vous-avez-dit-bigbang.fr\/index.php?rest_route=%2Fwp%2Fv2%2Fmedia&parent=83"}],"curies":[{"name":"wp","href":"https:\/\/api.w.org\/{rel}","templated":true}]}}