{"id":51,"date":"2020-04-03T12:02:28","date_gmt":"2020-04-03T10:02:28","guid":{"rendered":"http:\/\/vous-avez-dit-bigbang.fr\/?page_id=51"},"modified":"2026-01-04T18:31:20","modified_gmt":"2026-01-04T17:31:20","slug":"errata","status":"publish","type":"page","link":"https:\/\/vous-avez-dit-bigbang.fr\/?page_id=51","title":{"rendered":"Errata et addendum 22\/12\/25"},"content":{"rendered":"\n<p>Remplacer l&rsquo;ensemble du texte du prologue par la citation ci-dessous, en caract\u00e8re gras, que je n&rsquo;ai d\u00e9couverte qu&rsquo;apr\u00e8s la publication du livre..<\/p>\n\n\n\n<p><strong>\u201cL\u2019arbre doit baigner dans la clart\u00e9. Car plant\u00e9 dans la terre par ses racines, plant\u00e9 dans les astres par ses branchages, il est le chemin de l\u2019\u00e9change entre les \u00e9toiles et nous.\u201d<\/strong><\/p>\n\n\n\n<p><strong>Antoine de Saint-Exup\u00e9ry, <em>Citadelle<\/em><\/strong><\/p>\n\n\n\n<p>&#8211;<em>Corriger: note 58, p 173 &#8230; parall\u00e8les<\/em>, <strong><u>dont le nombre incalculable redonne<\/u><\/strong> &#8230;<\/p>\n\n\n\n<p><em>Addendum page 142<\/em>, apr\u00e8s le dernier paragraphe, sur le constat que la science, dont l&rsquo;objet est de d\u00e9crire la nature, est une activit\u00e9 humaine, donc soumise \u00e0 sa subjectivit\u00e9, on pourrait renvoyer \u00e0 une annexe sur la diff\u00e9rence entre la connaissance analytique, qu&rsquo;on pourrait associer aux math\u00e9matiques dont la puissance a \u00e9t\u00e9 soulign\u00e9e, et la connaissance synth\u00e9tique qui pose bien des probl\u00e8mes \u00e0 notre esprit. Par exemple, un espace \u00e0 4 dimensions que les math\u00e9matiques d\u00e9crivent avec une grande pr\u00e9cision mais que notre esprit ne peut pas concevoir. voir par exemple: <a href=\"https:\/\/vous-avez-dit-bigbang.fr\/?p=3898\" data-type=\"post\" data-id=\"3898\">Connaissance analytique et connaissance synth\u00e9tique, all\u00e9gorie du puzzle.(14\/11\/25)<\/a><\/p>\n\n\n\n<p>&#8211;<em>Addendum: p.166, \u00e0 la fin du premier sous-chapitre \u00ab\u00a0Lignes d&rsquo;univers &#8230;\u00a0\u00bb , ajouter apr\u00e8s &#8230;.leur ligne d&rsquo;univers. :<\/em> <strong><u>Autrement dit, l&rsquo;espace-temps repr\u00e9sentant l&rsquo;univers n&rsquo;a ni pr\u00e9sent, ni pass\u00e9, ni futur, car il est le tout. Pr\u00e9sent, pass\u00e9, futur sont des \u00e9l\u00e9ments internes \u00e0 l&rsquo;espace-temps mod\u00e9lisant l&rsquo;univers qui r\u00e9sultent d&rsquo;un feuilletage arbitraire de cet espace-temps<\/u><\/strong><strong><u>.<\/u><\/strong><\/p>\n\n\n\n<p>&#8211;<em>Corriger coquille page 201, r\u00e9f\u00e9rence 25, remplacer \u00ab\u00a0Newmann Ezra T. Penrose and Roger\u2026\u00a0\u00bb<\/em> par: <strong><u>Newmann Ezra T. and Penrose Roger<\/u><\/strong><em>.<strong>&#8230;<\/strong><\/em><\/p>\n\n\n\n<p><\/p>\n\n\n\n<p>&lt;<\/p>\n","protected":false},"excerpt":{"rendered":"<p>Remplacer l&rsquo;ensemble du texte du prologue par la citation ci-dessous, en caract\u00e8re gras, que je n&rsquo;ai d\u00e9couverte qu&rsquo;apr\u00e8s la publication du livre.. \u201cL\u2019arbre doit baigner dans la clart\u00e9. Car plant\u00e9 dans la terre par ses racines, plant\u00e9 dans les astres par ses branchages, il est le chemin de l\u2019\u00e9change entre les \u00e9toiles et nous.\u201d Antoine &hellip; <a href=\"https:\/\/vous-avez-dit-bigbang.fr\/?page_id=51\" class=\"more-link\">Continuer la lecture<span class=\"screen-reader-text\"> de &laquo;&nbsp;Errata et addendum 22\/12\/25&nbsp;&raquo;<\/span><\/a><\/p>\n","protected":false},"author":1,"featured_media":0,"parent":0,"menu_order":0,"comment_status":"closed","ping_status":"closed","template":"","meta":{"footnotes":""},"class_list":["post-51","page","type-page","status-publish","hentry"],"_links":{"self":[{"href":"https:\/\/vous-avez-dit-bigbang.fr\/index.php?rest_route=\/wp\/v2\/pages\/51","targetHints":{"allow":["GET"]}}],"collection":[{"href":"https:\/\/vous-avez-dit-bigbang.fr\/index.php?rest_route=\/wp\/v2\/pages"}],"about":[{"href":"https:\/\/vous-avez-dit-bigbang.fr\/index.php?rest_route=\/wp\/v2\/types\/page"}],"author":[{"embeddable":true,"href":"https:\/\/vous-avez-dit-bigbang.fr\/index.php?rest_route=\/wp\/v2\/users\/1"}],"replies":[{"embeddable":true,"href":"https:\/\/vous-avez-dit-bigbang.fr\/index.php?rest_route=%2Fwp%2Fv2%2Fcomments&post=51"}],"version-history":[{"count":23,"href":"https:\/\/vous-avez-dit-bigbang.fr\/index.php?rest_route=\/wp\/v2\/pages\/51\/revisions"}],"predecessor-version":[{"id":4049,"href":"https:\/\/vous-avez-dit-bigbang.fr\/index.php?rest_route=\/wp\/v2\/pages\/51\/revisions\/4049"}],"wp:attachment":[{"href":"https:\/\/vous-avez-dit-bigbang.fr\/index.php?rest_route=%2Fwp%2Fv2%2Fmedia&parent=51"}],"curies":[{"name":"wp","href":"https:\/\/api.w.org\/{rel}","templated":true}]}}