{"id":3990,"date":"2025-12-07T18:40:01","date_gmt":"2025-12-07T17:40:01","guid":{"rendered":"https:\/\/vous-avez-dit-bigbang.fr\/?page_id=3990"},"modified":"2025-12-07T18:40:36","modified_gmt":"2025-12-07T17:40:36","slug":"une-approche-thermodynamique-de-la-formation-des-galaxies-dans-lunivers-7-12-25","status":"publish","type":"page","link":"https:\/\/vous-avez-dit-bigbang.fr\/?page_id=3990","title":{"rendered":"Une approche thermodynamique de la formation des galaxies dans l&rsquo;univers. 7\/12\/25"},"content":{"rendered":"\n<p>Nous constatons la pr\u00e9sence de trous noirs g\u00e9ants au centre des galaxies. On peut supposer que ces trous noirs pr\u00e9existaient et ont \u00e9t\u00e9 les germes de la galaxie en accr\u00e9tant, par leur \u00e9norme gravitation, de la mati\u00e8re autour d&rsquo;eux.<\/p>\n\n\n\n<p>On peut, tout autant, soutenir l&rsquo;hypoth\u00e8se oppos\u00e9e : les galaxies se sont form\u00e9es par un m\u00e9canisme ind\u00e9pendant, les trous noirs au centre des galaxies r\u00e9sultant de la fusion d&rsquo;\u00e9toiles ou de trous noirs stellaires dans le bulbe de la galaxie o\u00f9 la densit\u00e9 d&rsquo;\u00e9toiles est importante.<\/p>\n\n\n\n<p>On peut aussi supposer que les deux processus sont concomitants.<\/p>\n\n\n\n<p>L&rsquo;approche thermodynamique favorise cette hypoth\u00e8se car le nuage de gaz qui par fragmentation et effondrement va former une galaxie avec une structure complexe, (incluant de nombreuses \u00e9toiles, n\u00e9buleuses, amas, plan\u00e8tes, &#8230; , toutes diff\u00e9rentes), a une entropie bien moindre [1] que celle de nuage de gaz g\u00e9niteur qui peut \u00eatre d\u00e9crit par peu de param\u00e8tres (sa densit\u00e9, sa pression, sa temp\u00e9rature, car il a sans doute une structure de corps noir).<\/p>\n\n\n\n<p>Comme l&rsquo;entropie d&rsquo;un syst\u00e8me isol\u00e9 ne peut pas d\u00e9cro\u00eetre, pour que l&rsquo;entropie locale, dans un de ses sous- syst\u00e8me puisse diminuer, il est n\u00e9cessaire que dans ce syst\u00e8me \u00ab\u00a0isol\u00e9\u00a0\u00bb l&rsquo;incluant, dans un autre de ses sous-syst\u00e8me, l&rsquo;entropie, augmente, au moins, autant.<\/p>\n\n\n\n<p>Les trous noirs sont d&rsquo;excellents candidats pour cela puisqu&rsquo;en se formant \u00e0 partir d&rsquo;un sous-syst\u00e8me complexe \u00e0 faible entropie, ils vont lui conf\u00e9rer une entropie \u00e9norme.<\/p>\n\n\n\n<p>En effet, les trous noirs de Kerr, qui sont les trous noirs les plus physiques, sont d\u00e9finis par seulement 2 param\u00e8tres, masse et moment cin\u00e9tique angulaire. On ignore le cas statique et le cas avec charge \u00e9lectrique qui sont assez th\u00e9oriques.<\/p>\n\n\n\n<p>Ainsi dans le processus de fragmentation et d&rsquo;effondrement du nuage de gaz, en surdensit\u00e9, si une partie des fragments s&rsquo;effondre en trous noirs, cela permet aux autres fragments de former des sous- syst\u00e8mes complexes \u00e0 faible entropie, en respectant les lois de la thermodynamique qui impose que l&rsquo;entropie du syst\u00e8me isol\u00e9 ne peut pas d\u00e9cro\u00eetre.<\/p>\n\n\n\n<h1 class=\"wp-block-heading\">Notes<\/h1>\n\n\n\n<p>En th\u00e9orie de l&rsquo;information, la quantit\u00e9 d&rsquo;information n\u00e9cessaire pour d\u00e9crire un syst\u00e8me cro\u00eet avec sa diversification et sa complexit\u00e9. Son entropie varie en sens contraire (elle diminue). En effet l&rsquo;entropie est maximale pour un syst\u00e8me le plus simple possible, demandant un minimum de param\u00e8tres pour le d\u00e9crire (un minimum d&rsquo;information).<\/p>\n","protected":false},"excerpt":{"rendered":"<p>Nous constatons la pr\u00e9sence de trous noirs g\u00e9ants au centre des galaxies. On peut supposer que ces trous noirs pr\u00e9existaient et ont \u00e9t\u00e9 les germes de la galaxie en accr\u00e9tant, par leur \u00e9norme gravitation, de la mati\u00e8re autour d&rsquo;eux. On peut, tout autant, soutenir l&rsquo;hypoth\u00e8se oppos\u00e9e : les galaxies se sont form\u00e9es par un m\u00e9canisme &hellip; <a href=\"https:\/\/vous-avez-dit-bigbang.fr\/?page_id=3990\" class=\"more-link\">Continuer la lecture<span class=\"screen-reader-text\"> de &laquo;&nbsp;Une approche thermodynamique de la formation des galaxies dans l&rsquo;univers. 7\/12\/25&nbsp;&raquo;<\/span><\/a><\/p>\n","protected":false},"author":1,"featured_media":0,"parent":0,"menu_order":0,"comment_status":"closed","ping_status":"closed","template":"","meta":{"footnotes":""},"class_list":["post-3990","page","type-page","status-publish","hentry"],"_links":{"self":[{"href":"https:\/\/vous-avez-dit-bigbang.fr\/index.php?rest_route=\/wp\/v2\/pages\/3990","targetHints":{"allow":["GET"]}}],"collection":[{"href":"https:\/\/vous-avez-dit-bigbang.fr\/index.php?rest_route=\/wp\/v2\/pages"}],"about":[{"href":"https:\/\/vous-avez-dit-bigbang.fr\/index.php?rest_route=\/wp\/v2\/types\/page"}],"author":[{"embeddable":true,"href":"https:\/\/vous-avez-dit-bigbang.fr\/index.php?rest_route=\/wp\/v2\/users\/1"}],"replies":[{"embeddable":true,"href":"https:\/\/vous-avez-dit-bigbang.fr\/index.php?rest_route=%2Fwp%2Fv2%2Fcomments&post=3990"}],"version-history":[{"count":2,"href":"https:\/\/vous-avez-dit-bigbang.fr\/index.php?rest_route=\/wp\/v2\/pages\/3990\/revisions"}],"predecessor-version":[{"id":3992,"href":"https:\/\/vous-avez-dit-bigbang.fr\/index.php?rest_route=\/wp\/v2\/pages\/3990\/revisions\/3992"}],"wp:attachment":[{"href":"https:\/\/vous-avez-dit-bigbang.fr\/index.php?rest_route=%2Fwp%2Fv2%2Fmedia&parent=3990"}],"curies":[{"name":"wp","href":"https:\/\/api.w.org\/{rel}","templated":true}]}}