{"id":348,"date":"2021-02-13T17:53:26","date_gmt":"2021-02-13T16:53:26","guid":{"rendered":"http:\/\/vous-avez-dit-bigbang.fr\/?page_id=348"},"modified":"2025-12-25T17:52:53","modified_gmt":"2025-12-25T16:52:53","slug":"lenergie-noire-est-elle-lenergie-du-vide-a-lechelle-de-lunivers","status":"publish","type":"page","link":"https:\/\/vous-avez-dit-bigbang.fr\/?page_id=348","title":{"rendered":"L&rsquo;\u00e9nergie noire est-elle l&rsquo;\u00e9nergie du vide \u00e0 l&rsquo;\u00e9chelle de l&rsquo;univers? Mise \u00e0 jour 25\/12\/25"},"content":{"rendered":"\n<h2 class=\"wp-block-heading\">Introduction<\/h2>\n\n\n\n<p>A la fin du 20<sup>i\u00e8me<\/sup> si\u00e8cle, l&rsquo;\u00e9tude de la dynamique de l&rsquo;univers par la mesure de la distance de luminosit\u00e9 des supernovas SN1A a conduit \u00e0 introduire un param\u00e8tre de \u00ab\u00a0r\u00e9pulsion\u00a0\u00bb qu&rsquo;on a appel\u00e9 <strong>l&rsquo;\u00e9nergie noire<\/strong>. La constante cosmologique produisant ce type d&rsquo;effet, elle a \u00e9t\u00e9 consid\u00e9r\u00e9e comme une solution possible.<\/p>\n\n\n\n<p>Ce point a \u00e9t\u00e9 trait\u00e9 dans l&rsquo;article <a href=\"https:\/\/vous-avez-dit-bigbang.fr\/wp-content\/uploads\/2022\/08\/force_de_Planck.pdf\" data-type=\"attachment\" data-id=\"1566\">force_de_Planck<\/a> , parmi d&rsquo;autres sujets, ici nous reprenons ce sujet seulement.<\/p>\n\n\n\n<h2 class=\"wp-block-heading\">La constante cosmologique est un param\u00e8tre g\u00e9om\u00e9trique qui r\u00e9sulte d&rsquo;une condition initiale<\/h2>\n\n\n\n<p>D&rsquo;un point de vue g\u00e9om\u00e9trique, on peut consid\u00e9rer que c&rsquo;est un param\u00e8tre r\u00e9sultant de conditions initiales. <\/p>\n\n\n\n<p>En effet, il existe 3 classes d&rsquo;espace-temps \u00e0 sym\u00e9trie maximale (Minkowski \u00e0 courbure nulle, De Sitter \u00e0 courbure constante positive et Anti-De Sitter \u00e0 courbure n\u00e9gative constante). Ces espace-temps , poss\u00e9dant tous 10 sym\u00e9tries, sont consid\u00e9r\u00e9s comme les \u00e9tats \u00ab\u00a0<strong>fondamentaux<\/strong>\u00a0\u00bb des espace-temps physiques que la mati\u00e8re \u00e9nergie d\u00e9forme.<\/p>\n\n\n\n<p>On a s\u00e9lectionn\u00e9 \u00ab\u00a0arbitrairement\u00a0\u00bb l&rsquo;espace-temps \u00e0 courbure nulle (Minkowski) dans le mod\u00e8le cosmologique mais, d&rsquo;un point de vue srictemment g\u00e9om\u00e9trique, rien ne l&rsquo;impose comme condition initiale, ces espace-temps \u00e9tant \u00ab\u00a0\u00e9quivalents\u00a0\u00bb en sym\u00e9trie.<\/p>\n\n\n\n<p><strong>Tous ces choix se valent, donc s\u00e9lectionner l&rsquo;espace-temps de De Sitter ne r\u00e9duit en rien la g\u00e9n\u00e9ralit\u00e9 du probl\u00e8me!<\/strong> <strong>Cela propose une solution  simple \u00ab\u00a0La condition initiale est un espace-temps de Sitter\u00a0\u00bb. [1]<\/strong><\/p>\n\n\n\n<p>Si cela est le cas, peut-on associer \u00e0 cette propri\u00e9t\u00e9 \u00ab\u00a0<strong>g\u00e9om\u00e9trique<\/strong>\u00a0\u00bb une ph\u00e9nom\u00e9nologie de type <strong>physique <\/strong>dans l&rsquo;univers qui la caract\u00e9rise et qui permettrait donner corps \u00e0 cette hypoth\u00e8se? <\/p>\n\n\n\n<p>Dans ce cas, la force de Planck, lien dimensionnel entre les grandeurs g\u00e9om\u00e9triques et les grandeurs physiques, qui figure dans l&rsquo;\u00e9quation d&rsquo;Einstein, devrait \u00eatre implicitement impliqu\u00e9e (voir le lien cit\u00e9).<\/p>\n\n\n\n<h2 class=\"wp-block-heading\">L&rsquo;\u00e9nergie du vide<\/h2>\n\n\n\n<p>Une solution envisag\u00e9e pour cette justification physique est ce qu&rsquo;on appelle \u00ab\u00a0<strong>l&rsquo;\u00e9nergie du vide<\/strong>\u00a0\u00bb r\u00e9sultant des cr\u00e9ations \/annihilations de paires particules\/antiparticules localement.<\/p>\n\n\n\n<h2 class=\"wp-block-heading\">Rappel: le calcul standard<\/h2>\n\n\n\n<p>Habituellement nous pensons que le vide est \u00ab\u00a0vide\u00a0\u00bb et sans masse, et nous avons d\u00e9termin\u00e9 que sa densit\u00e9 est en tout \u00e9tat de cause inf\u00e9rieure <em>e<sup>-30<\/sup> g\/cm<sup>3<\/sup><\/em>, soit environ <em>1<\/em> proton par m<sup>3<\/sup>, aujourd&rsquo;hui, ce qui est un vide tr\u00e8s pouss\u00e9, car l\u2019univers s\u2019est beaucoup \u00e9tendu.<\/p>\n\n\n\n<p>Mais en th\u00e9orie quantique des champs, le vide n&rsquo;est pas vraiment vide car la m\u00e9canique quantique nous apprend qu&rsquo;il existe une \u00e9nergie minimum qui n&rsquo;est pas nulle.  Il appara\u00eet comme rempli d\u2019un bouillonnement de particules virtuelles qui r\u00e9sultent de cr\u00e9ation\/ annihilation de paires particules &#8211; antiparticules, pendant un temps d&rsquo;autant plus court que l&rsquo;\u00e9nergie de ces paires est grande, cela \u00e9tant d\u00e9termin\u00e9 par la relation d\u2019ind\u00e9termination d\u2019Heisenberg.<\/p>\n\n\n\n<p>On estime qu\u2019il y a une particule virtuelle de masse <strong><em>m<\/em><\/strong>, par volume \u00e9gal au cube de <strong><em>\u03bb = h\/mc<\/em><\/strong>, d\u00e9duit de la relation <strong><em>E=hc\/<\/em><\/strong><strong><em>\u03bb= mc\u00b2 <\/em><\/strong>qui d\u00e9finit la longueur d\u2019onde <strong><em>\u03bb<\/em><\/strong> du photon quia m\u00eame \u00e9nergie <strong><em>E<\/em><\/strong> que cette particule, o\u00f9 <strong><em>h<\/em> <\/strong>est la constante de Planck, <strong><em>c<\/em><\/strong>la vitesse de la lumi\u00e8re et <strong><em>\u03bb<\/em><\/strong> est la <strong>longueur de Compton <\/strong>associ\u00e9e \u00e0<strong> <em>m<\/em>.<\/strong> Comme ce volume, est tr\u00e8s petit, cela en fait beaucoup.<\/p>\n\n\n\n<p>Donc la densit\u00e9 suppos\u00e9e du vide est <strong><em>\u03c1 = m<sup>4<\/sup>c<sup>3<\/sup>\/h<sup>3<\/sup><\/em><\/strong> ce qui est \u00e9norme.<\/p>\n\n\n\n<p>Autrement dit, vu d\u2019aujourd\u2019hui, la masse de tout l\u2019univers \u00e9tait contenue dans la taille d\u2019un proton ! Mais rappelons-nous ce que nous avons dit au sujet des dimensions des objets dans cet univers primordial, car m\u00eame r\u00e9duit \u00e0 cette taille il peut avoir une grande complexit\u00e9. Il ne faut pas se laisser impressionner par ces chiffres gigantesques, mais les replacer dans le contexte.<\/p>\n\n\n\n<p>La densit\u00e9 d&rsquo;\u00e9nergie du vide constat\u00e9e (<em>e<sup>-30<\/sup> g\/cm<sup>3<\/sup><\/em>) est au moins de <em>121 <\/em>ordres de grandeurs inf\u00e9rieure \u00e0 l&rsquo;estimation brute de la m\u00e9canique quantique, donc il doit y avoir un m\u00e9canisme de \u00a0\u00bb compensation \u00a0\u00bb manifestement tr\u00e8s, mais pas totalement, efficace.<\/p>\n\n\n\n<p>Si un petit r\u00e9sidu de l&rsquo;\u00e9nergie du vide subsiste, cela se traduit par une constante cosmologique, qui est un m\u00e9canisme propos\u00e9 pour \u00eatre compatible avec les contraintes impos\u00e9es par le mod\u00e8le avec <em>\u03a9o = 1<\/em>, qui conduisait \u00e0 un \u00e2ge de l&rsquo;Univers : <em>to = (2\/3)\/Ho = 10 Ga<\/em>.<\/p>\n\n\n\n<p>Comme l&rsquo;\u00e2ge des plus vieux amas globulaires est de <em>16 <\/em><em>\u00b1 4 Ga<\/em>, cette valeur de l\u2019\u00e2ge de l\u2019univers est trop petite !<\/p>\n\n\n\n<p>La constante cosmologique permet d\u2019augmenter l\u2019\u00e2ge de l\u2019univers pour le rendre compatible avec ces donn\u00e9es.<\/p>\n\n\n\n<p>Mais ce calcul, <strong>qui suppose que ce qui est vrai au niveau local l&rsquo;est au niveau de l&rsquo;univers global<\/strong> en \u00ab\u00a0additionnant\u00a0\u00bb les effets locaux suppos\u00e9s ind\u00e9pendants, ce qui serait le cas dans un espace de type newtonien o\u00f9 l&rsquo;espace est absolu et ind\u00e9pendant du temps, donne un <strong>r\u00e9sultat<\/strong>, pour la \u00ab\u00a0constante cosmologique\u00a0\u00bb \u00e9quivalente, diff\u00e9rent d&rsquo; un facteur de 10<sup>122<\/sup> par rapport \u00e0 la valeur mesur\u00e9e de la constante cosmologique qui produit l&rsquo;acc\u00e9l\u00e9ration qu&rsquo;on constate.<\/p>\n\n\n\n<h2 class=\"wp-block-heading\">Un argument fondamental: La relativit\u00e9 d\u00e9finit un espace-temps.<\/h2>\n\n\n\n<p>Nous soutenons que le calcul pr\u00e9c\u00e9demment cit\u00e9 ne s&rsquo;applique pas en relativit\u00e9, o\u00f9 c&rsquo;est un espace-temps qui est d\u00e9fini, car  chaque \u00e9v\u00e9nement introduisant une perturbation locale de l&rsquo;espace-temps, par une interaction autre que la gravitation, ici un effet \u00ab\u00a0quantique\u00a0\u00bb, a une action globale au niveau de l&rsquo;univers (l&rsquo;espace-temps). C&rsquo;est une cons\u00e9quence de la th\u00e9orie de la relativit\u00e9 g\u00e9n\u00e9rale d\u00e9finissant un espace-temps.<\/p>\n\n\n\n<p>Ceci s&rsquo;accompagne d&rsquo;ondes gravitationnelles qui propagent la perturbation dans l&rsquo;univers, (cela n&rsquo;est pas \u00ab\u00a0instantan\u00e9\u00a0\u00bb). Si au niveau local les fluctuations quantiques sont suppos\u00e9es  \u00ab\u00a0ind\u00e9pendantes\u00a0\u00bb, chacune a une action globale qui lui est propre sur l&rsquo;univers avec les ondes gravitationnelles associ\u00e9es.<\/p>\n\n\n\n<p>Le r\u00e9sultat sur l&rsquo;univers r\u00e9sulte de la combinaison de toutes ces perturbations ind\u00e9pendantes, pas de mani\u00e8re additive au niveau de l&rsquo;\u00e9nergie, mais d\u00e9pendant du param\u00e8tre de phase des ondes gravitationnelles g\u00e9n\u00e9r\u00e9es par ces fluctuations.<\/p>\n\n\n\n<p>Ces ondes vont se combiner, en interf\u00e9rant, dans leur propagation dans l&rsquo;espace-temps qu&rsquo;elles font \u00ab\u00a0vibrer\u00a0\u00bb, et si on fait une analyse spectrale de cette vibration, on sait que, dans un corps de taille finie, le maximum en amplitude de ces ondes correspond \u00e0 celle dont la p\u00e9riode est la taille de l&rsquo;univers [2].<\/p>\n\n\n\n<p>On voit qu&rsquo;il faut alors se r\u00e9f\u00e9rer \u00e0 la taille de l&rsquo;univers pour estimer l&rsquo;ampleur du ph\u00e9nom\u00e8ne ce qui donne un r\u00e9sultat (tr\u00e8s) diff\u00e9rent.<\/p>\n\n\n\n<p>Ce point a \u00e9t\u00e9 d\u00e9velopp\u00e9 dans un chapitre de la page sur la force de Planck, <a href=\"https:\/\/vous-avez-dit-bigbang.fr\/wp-content\/uploads\/2022\/08\/force_de_Planck.pdf\" data-type=\"attachment\" data-id=\"1566\">force_de_Planck<\/a> et, en la consid\u00e9rant comme une constante de la physique car, c&rsquo;est cette constante dimensionn\u00e9e qui intervient dans l&rsquo;\u00e9quation d&rsquo;Einstein pour assurer son homog\u00e9n\u00e9it\u00e9, nous avons montr\u00e9, par des arguments \u00ab\u00a0dimensionnels \u00ab\u00a0que <strong>ce facteur de 10<sup>122<\/sup> r\u00e9sulte, tr\u00e8s pr\u00e9cis\u00e9ment de la diff\u00e9rence d&rsquo;\u00e9chelle entre l&rsquo;\u00e9chelle de Planck et l&rsquo;\u00e9chelle de l&rsquo;univers . <\/strong><\/p>\n\n\n\n<p>Puisque l&rsquo;\u00e9cart gigantesque correspond exactement \u00e0 l&rsquo;\u00e9cart gigantesque d&rsquo;\u00e9chelle ceci r\u00e9habiliterait l&rsquo;hypoth\u00e8se de la constante cosmologique repr\u00e9sent\u00e9e par l&rsquo;\u00e9nergie du vide.<\/p>\n\n\n\n<h2 class=\"wp-block-heading\">Autre ph\u00e9nom\u00e9nologie associ\u00e9e aux fluctuations quantiques<\/h2>\n\n\n\n<p>Un autre point \u00e0 prendre en compte est inspir\u00e9 par l&rsquo;hypoth\u00e8se consid\u00e9rant le ph\u00e9nom\u00e8ne de dilatation exponentiel des fluctuations quantiques par l&rsquo;inflation dans l&rsquo;univers primordial o\u00f9 les fluctuations quantiques au d\u00e9but de l&rsquo;inflation vont \u00eatre tr\u00e8s dilat\u00e9es et donner de grandes structures alors que celles vers la fin de l&rsquo;inflation ne le seront que peu, ce qui produit un spectre de puissance quasi-invariant d&rsquo;\u00e9chelle.<\/p>\n\n\n\n<p>On voit que l&rsquo;expansion de l&rsquo;univers, en particulier pendant l&rsquo;inflation o\u00f9 elle est exponentielle, \u00ab\u00a0dissym\u00e9trise\u00a0\u00bb le ph\u00e9nom\u00e8ne de fluctuation quantique.<\/p>\n\n\n\n<p>En effet, \u00e0 la diff\u00e9rence d&rsquo;une fluctuation quantique dans un espace sans expansion (dans l&rsquo;espace-temps) qui quitte un \u00e9tat de base en violant des lois physiques de conservation, mais pendant un temps d&rsquo;autant plus court que la violation est importante, ce qui induit une ph\u00e9nom\u00e9nologie sym\u00e9trique, pendant l&rsquo;inflation on ne retourne pas \u00e0 l&rsquo;\u00e9tat de base dissym\u00e9trie la paire particule\/antiparticule est \u00ab\u00a0dissoci\u00e9e\u00a0\u00bb. <\/p>\n\n\n\n<p>Ceci conf\u00e8re un caract\u00e8re <strong>physique<\/strong> au ph\u00e9nom\u00e8ne <strong>g\u00e9om\u00e9trique<\/strong> d&rsquo;expansion de l&rsquo;espace: cette expansion est mat\u00e9rialis\u00e9e par les particules et antiparticules.<\/p>\n\n\n\n<p>Comme \u00e0 ce niveau d&rsquo;\u00e9nergie on a un plasma tr\u00e8s chaud, o\u00f9 l&rsquo;\u00e9nergie thermique est bien sup\u00e9rieure \u00e0 l&rsquo;\u00e9nergie de masse  des particules et antiparticules, ils sont \u00e0 l&rsquo;\u00e9quilibre thermique et peuvent coexister, du moins \u00e0 \u00ab\u00a0statistiquement\u00a0\u00bb. <\/p>\n\n\n\n<p>L&rsquo;expansion exponentielle continue \u00e0 amplifier la \u00ab\u00a0fluctuation\u00a0\u00bb tout au long de l&rsquo;inflation. Cette expansion exponentielle permet de violer le principe d&rsquo;ind\u00e9termination d&rsquo;Heisenberg, puisque les particules\/antiparticules ne se recombinent pas selon ce principe.<\/p>\n\n\n\n<p>L&rsquo;inflation termin\u00e9e, le rythme actuel de l&rsquo;\u00e9volution de l&rsquo;univers n&rsquo;est pas assez violent pour que cette violation perdure, mais ce ph\u00e9nom\u00e8ne de fluctuations quantiques perdure localement de la m\u00eame mani\u00e8re, avec un effet qui est r\u00e9pulsif, car ce bouillonnement cr\u00e9ation\/annihilation, qu&rsquo;on interpr\u00e8te par une constante cosmologique,  correspond \u00e0 une \u00e9nergie qui chauffe l&rsquo;univers fait de gaz ce qui le dilate.<\/p>\n\n\n\n<h2 class=\"wp-block-heading\">Notes<\/h2>\n\n\n\n<hr class=\"wp-block-separator has-css-opacity\"\/>\n\n\n\n<p><a href=\"https:\/\/vous-avez-dit-bigbang.fr\/?page_id=217#_ftnref1\">[1]<\/a> Cette solution, pour l&rsquo;espace-temps d\u00e9crivant l&rsquo;univers, propos\u00e9e par De Sitter en 1918 est souvent consid\u00e9r\u00e9e comme un \u00ab\u00a0univers en expansion exponentielle, au motif que si on consid\u00e8re 2 points ils s&rsquo;\u00e9loignent l&rsquo;un de l&rsquo;autre au \u00ab\u00a0cours du temps. En fait c&rsquo;est une interpr\u00e9tation de type newtonien o\u00f9 temps et espace sont consid\u00e9r\u00e9s comme les entit\u00e9s fondamentales physiques alors qu&rsquo;en relativit\u00e9 seul l&rsquo;espace-temps est physique. L&rsquo;espace-temps de De Sitter est mod\u00e9lis\u00e9 par une vari\u00e9t\u00e9 \u00e0 courbure spatio-temporelle constante, positive, certainement pas en expansion. Cette expansion est une propri\u00e9t\u00e9 \u00ab\u00a0<strong>interne<\/strong>\u00a0\u00bb \u00e0 la vari\u00e9t\u00e9 qu&rsquo;on peut observer dans la ph\u00e9nom\u00e9nologie r\u00e9sultant d\u00a0\u00bbun feuilletage particulier. <\/p>\n\n\n\n<p>[2] On peut rapprocher cela de la structure de la d\u00e9composition en ondes de densit\u00e9 du RFC (CMB).<\/p>\n\n\n\n<p><\/p>\n\n\n\n<p><\/p>\n","protected":false},"excerpt":{"rendered":"<p>Introduction A la fin du 20i\u00e8me si\u00e8cle, l&rsquo;\u00e9tude de la dynamique de l&rsquo;univers par la mesure de la distance de luminosit\u00e9 des supernovas SN1A a conduit \u00e0 introduire un param\u00e8tre de \u00ab\u00a0r\u00e9pulsion\u00a0\u00bb qu&rsquo;on a appel\u00e9 l&rsquo;\u00e9nergie noire. La constante cosmologique produisant ce type d&rsquo;effet, elle a \u00e9t\u00e9 consid\u00e9r\u00e9e comme une solution possible. Ce point a &hellip; <a href=\"https:\/\/vous-avez-dit-bigbang.fr\/?page_id=348\" class=\"more-link\">Continuer la lecture<span class=\"screen-reader-text\"> de &laquo;&nbsp;L&rsquo;\u00e9nergie noire est-elle l&rsquo;\u00e9nergie du vide \u00e0 l&rsquo;\u00e9chelle de l&rsquo;univers? Mise \u00e0 jour 25\/12\/25&nbsp;&raquo;<\/span><\/a><\/p>\n","protected":false},"author":1,"featured_media":0,"parent":0,"menu_order":0,"comment_status":"closed","ping_status":"closed","template":"","meta":{"footnotes":""},"class_list":["post-348","page","type-page","status-publish","hentry"],"_links":{"self":[{"href":"https:\/\/vous-avez-dit-bigbang.fr\/index.php?rest_route=\/wp\/v2\/pages\/348","targetHints":{"allow":["GET"]}}],"collection":[{"href":"https:\/\/vous-avez-dit-bigbang.fr\/index.php?rest_route=\/wp\/v2\/pages"}],"about":[{"href":"https:\/\/vous-avez-dit-bigbang.fr\/index.php?rest_route=\/wp\/v2\/types\/page"}],"author":[{"embeddable":true,"href":"https:\/\/vous-avez-dit-bigbang.fr\/index.php?rest_route=\/wp\/v2\/users\/1"}],"replies":[{"embeddable":true,"href":"https:\/\/vous-avez-dit-bigbang.fr\/index.php?rest_route=%2Fwp%2Fv2%2Fcomments&post=348"}],"version-history":[{"count":30,"href":"https:\/\/vous-avez-dit-bigbang.fr\/index.php?rest_route=\/wp\/v2\/pages\/348\/revisions"}],"predecessor-version":[{"id":4027,"href":"https:\/\/vous-avez-dit-bigbang.fr\/index.php?rest_route=\/wp\/v2\/pages\/348\/revisions\/4027"}],"wp:attachment":[{"href":"https:\/\/vous-avez-dit-bigbang.fr\/index.php?rest_route=%2Fwp%2Fv2%2Fmedia&parent=348"}],"curies":[{"name":"wp","href":"https:\/\/api.w.org\/{rel}","templated":true}]}}