{"id":3470,"date":"2025-03-19T18:51:04","date_gmt":"2025-03-19T17:51:04","guid":{"rendered":"https:\/\/vous-avez-dit-bigbang.fr\/?page_id=3470"},"modified":"2025-04-05T10:54:48","modified_gmt":"2025-04-05T08:54:48","slug":"pendule-de-foucault-19-03-25","status":"publish","type":"page","link":"https:\/\/vous-avez-dit-bigbang.fr\/?page_id=3470","title":{"rendered":"Pendule de Foucault et autres dispositifs inertiels 2\/04\/25"},"content":{"rendered":"\n<h2 class=\"wp-block-heading\">Introduction<\/h2>\n\n\n\n<p>Si on lance le pendule dans une certaine direction sur la Terre, le pendule de Foucault suit une trajectoire qui semble tourner par rapport au sol.<\/p>\n\n\n\n<p>En fait, on constate exp\u00e9rimentalement, qu&rsquo;au premier ordre au moins [1], nonobstant l&rsquo;action gravitationnelle des astres \u00ab\u00a0proches\u00a0\u00bb (Terre, Soleil, Voie lact\u00e9e,..), il bat dans une direction pointant, au loin, vers un <strong>point fixe <\/strong>par rapport aux quasars lointains qui sont les rep\u00e8res du balisage de l\u2019univers dans sa totalit\u00e9, utilis\u00e9s en astrom\u00e9trie.<\/p>\n\n\n\n<p>Le pendule \u00e9tant un instrument de type \u00ab\u00a0inertiel\u00a0\u00bb, sa trajectoire est une g\u00e9od\u00e9sique, mais de quelle g\u00e9om\u00e9trie?<\/p>\n\n\n\n<p>Si on d\u00e9crit ce ph\u00e9nom\u00e8ne qui semble (au premier ordre) ne <strong>prendre en compte que l&rsquo;univers entier<\/strong>, en relativit\u00e9 g\u00e9n\u00e9rale, ce sera alors une g\u00e9od\u00e9sique de la g\u00e9om\u00e9trie de l&rsquo;univers, telle que d\u00e9crite par le mod\u00e8le standard de la cosmologie.<\/p>\n\n\n\n<p>Cette rotation du mouvement du pendule par rapport au r\u00e9f\u00e9rentiel donn\u00e9 par la Terre constat\u00e9e est donc <strong>apparente <\/strong>car le ph\u00e9nom\u00e8ne physique d\u00e9tect\u00e9 est la rotation de la Terre, ceci \u00e0 l&rsquo;instar du mouvement apparent du Soleil dans le ciel qui n&rsquo;est, \u00e9galement, que la manifestation de la rotation de la Terre.<\/p>\n\n\n\n<p>Les dispositifs de type inertiel (pendule, gyroscopes, gyrom\u00e8tres, acc\u00e9l\u00e9rom\u00e8tres, ..) ont la capacit\u00e9 de d\u00e9tecter des acc\u00e9l\u00e9rations \u00ab\u00a0propres\u00a0\u00bb, dont celles li\u00e9es aux rotations qui sont des ph\u00e9nom\u00e8nes <strong>non inertiels<\/strong>, ces ph\u00e9nom\u00e8nes \u00ab\u00a0non inertiels\u00a0\u00bb ayant un caract\u00e8re <strong>intrins\u00e8que, <\/strong>(li\u00e9 \u00e0 la dynamique de l&rsquo;objet concern\u00e9 lui-m\u00eame) ne pouvant pas \u00eatre \u00ab\u00a0annul\u00e9s\u00a0\u00bb dans un r\u00e9f\u00e9rentiel inertiel.<\/p>\n\n\n\n<h2 class=\"wp-block-heading\">Principe de Mach<\/h2>\n\n\n\n<p>Mach a stipul\u00e9 au 19i\u00e8me si\u00e8cle que l\u2019inertie [2] des corps r\u00e9sultait de leur interaction gravitationnelle avec tous les corps de l\u2019univers. L\u2019inertie \u00e9tait de nature\u00a0<strong>gravitationnelle<\/strong>. En cons\u00e9quence cela fondait le principe d\u2019\u00e9quivalence : masse inerte = masse pesante (masse gravitationnelle passive qui se couple au champ gravitationnel), puisque l\u2019inertie \u00e9tait de nature gravitationnelle.<\/p>\n\n\n\n<h2 class=\"wp-block-heading\">La relativit\u00e9 g\u00e9n\u00e9rale<\/h2>\n\n\n\n<p>En relativit\u00e9 g\u00e9n\u00e9rale tous les corps contribuent \u00e0 la g\u00e9om\u00e9trie de l\u2019espace-temps auquel, en retour, tous ces m\u00eames corps se couplent en suivant des g\u00e9od\u00e9siques de cette g\u00e9om\u00e9trie. Sur le principe, on voit que cela va dans le sens de ce que Mach \u00e0 stipul\u00e9.<\/p>\n\n\n\n<p>On comprend alors que, le pendule est un instrument ayant un mouvement inertiel d\u00e9crivant une g\u00e9od\u00e9sique, ce soit une g\u00e9od\u00e9sique de l\u2019univers.<\/p>\n\n\n\n<h2 class=\"wp-block-heading\">Pourquoi la direction ne change pas<\/h2>\n\n\n\n<p>Comme dans le mod\u00e8le standard, l\u2019univers est suppos\u00e9&nbsp;<strong>isotrope<\/strong>&nbsp;en tout point, toutes les directions sont&nbsp;<strong>\u00e9quivalentes<\/strong>, donc ce sont les conditions initiales qui vont d\u00e9terminer une g\u00e9od\u00e9sique (parmi toutes celles possibles) dans l\u2019univers, et il n\u2019y a aucune raison physique pour qu\u2019elle change, sauf \u00e0 \u00eatre perturb\u00e9e.<\/p>\n\n\n\n<p>Avant de passer \u00e0 suite, consid\u00e9rons quelques autres instruments \u00ab\u00a0inertiels,\u00a0\u00bb permettant de d\u00e9tecter et mesurer des mouvements non inertiels.<\/p>\n\n\n\n<h2 class=\"wp-block-heading\">Gyroscopes<\/h2>\n\n\n\n<p>Le gyroscope est un autre dispositif inertiel tr\u00e8s utilis\u00e9. L&rsquo;axe de rotation, d&rsquo;une masse isotrope autour de cet axe de rotation et en rotation, en l&rsquo;absence de perturbation, va pointer une direction fixe qui d\u00e9pend des conditions initiales.<\/p>\n\n\n\n<h2 class=\"wp-block-heading\">Acc\u00e9l\u00e9rom\u00e8tres et gyrom\u00e8tres<\/h2>\n\n\n\n<h2 class=\"wp-block-heading\">Acc\u00e9l\u00e9rom\u00e8tres<\/h2>\n\n\n\n<p>Cet instrument permet de d\u00e9tecter et mesurer des acc\u00e9l\u00e9rations lin\u00e9aires propres, par exemple, en utilisant l&rsquo;inertie d&rsquo;une masse, inclue dans le dispositif constituant l&rsquo;acc\u00e9l\u00e9rom\u00e8tre, solidaire de l&rsquo;acc\u00e9l\u00e9ration du corps.<\/p>\n\n\n\n<h2 class=\"wp-block-heading\">Gyrom\u00e8tres<\/h2>\n\n\n\n<p>Ces instruments inertiels sont destin\u00e9s \u00e0 d\u00e9tecter et mesurer une rotation propre. On peut citer les gyrom\u00e8tres \u00e0 fibre optique utilisant l&rsquo;effet Sagnac pour leur pr\u00e9cision.<\/p>\n\n\n\n<h2 class=\"wp-block-heading\">Par rapport \u00e0 quoi d\u00e9finit-on l&rsquo; acc\u00e9l\u00e9ration et la rotation propres? <\/h2>\n\n\n\n<p>On entend souvent \u00e0 propos de la rotation d&rsquo;un objet : Mais par rapport \u00e0 quoi tourne un objet?<\/p>\n\n\n\n<p>Cette question sous-entend une approche newtonienne avec un espace absolu de r\u00e9f\u00e9rence.  En fait, la d\u00e9tection d&rsquo;un mouvement non inertiel (acc\u00e9l\u00e9ration lin\u00e9aire propre ou rotation propre) par un dispositif inertiel, (Pendule, gyroscope, acc\u00e9l\u00e9rom\u00e8tre, gyrom\u00e8tre,..), se r\u00e9f\u00e8re au corps lui m\u00eame. <\/p>\n\n\n\n<p>Par rapport \u00e0 son \u00e9tat \u00e0 l&rsquo;instant <em>t<\/em>, si l&rsquo;\u00e9tat imm\u00e9diatement suivant \u00e0 (<em>t +dt<\/em>) ne r\u00e9sulte pas d&rsquo;un mouvement inertiel, ind\u00e9pendamment de toute r\u00e9f\u00e9rence ext\u00e9rieure, le dispositif va le d\u00e9tecter et \u00e9ventuellement le mesurer.<\/p>\n\n\n\n<h2 class=\"wp-block-heading\">L&rsquo;exemple des trous noirs de Kerr en relativit\u00e9 g\u00e9n\u00e9rale<\/h2>\n\n\n\n<p>On peut se demander <strong>par rapport \u00e0 quoi<\/strong> ces trous noirs dits \u00ab\u00a0en rotation\u00a0\u00bb, par comparaison avec les trous noirs \u00ab\u00a0statiques\u00a0\u00bb de Schwarzschild par exemple, tourneraient. <\/p>\n\n\n\n<p>Dans l&rsquo;approche relativiste, comme un trou noir de Kerr d\u00e9finit un espace-temps complet (infini) effectivement, comme il ne tourne pas par rapport \u00e0 lui-m\u00eame, on peut \u00eatre dubitatif. <\/p>\n\n\n\n<p>En fait c&rsquo;est la g\u00e9om\u00e9trie de cet espace-temps de Kerr, diff\u00e9rente de celle des trous noirs \u00ab\u00a0statiques\u00a0\u00bb qui caract\u00e9rise le ph\u00e9nom\u00e8ne de rotation.<\/p>\n\n\n\n<p>Ainsi, par exemple, la<strong> g\u00e9od\u00e9sique<\/strong> d&rsquo;un objet \u00e0 l&rsquo;infini, sans vitesse initiale tombant radialement, est une \u00ab\u00a0radiale entrante\u00a0\u00bb, mod\u00e9lis\u00e9e par une \u00ab\u00a0<strong>ligne droite<\/strong>\u00a0\u00bb pointant vers la singularit\u00e9 centrale (un rayon) dans la solution d&rsquo;un trou noir statique, alors que le  m\u00eame objet, dans les m\u00eames conditions initiales va suivre des courbes, qu&rsquo;on pourrait interpr\u00e9ter (de fa\u00e7on newtonienne) comme subissant une \u00ab\u00a0rotation\u00a0\u00bb alors qu&rsquo;en fait il ne fait que suivre les g\u00e9od\u00e9siques de cette g\u00e9om\u00e9trie .<\/p>\n\n\n\n<p>La m\u00e9trique de Kerr qui d\u00e9finit sa g\u00e9om\u00e9trie, qui contient un param\u00e8tre caract\u00e9risant cette rotation (un moment angulaire) est plus complexe de celle Schwarzschild, mais elle se ram\u00e8ne \u00e0 elle quand ce param\u00e8tre est nul.<\/p>\n\n\n\n<h2 class=\"wp-block-heading\">Situation physique<\/h2>\n\n\n\n<p>En fait cette condition d\u2019homog\u00e9n\u00e9it\u00e9 et d\u2019isotropie que nous avons d\u00e9crit pour expliquer pourquoi le pendule pointerait toujours une direction ne d\u00e9pendant que des conditions initiales est une <strong>approximation <\/strong>\u00e0 l\u2019\u00e9chelle de l\u2019univers, mais localement, elle n\u2019est pas totalement respect\u00e9e [3] . Ceci entraine des effets locaux qui vont provoquer une <strong>infime d\u00e9viation <\/strong>le la direction.<\/p>\n\n\n\n<h2 class=\"wp-block-heading\">Exemple de mesure de la d\u00e9viation g\u00e9od\u00e9sique dans un cas r\u00e9el<\/h2>\n\n\n\n<p>Cela a \u00e9t\u00e9 mesur\u00e9 par l\u2019exp\u00e9rience Gravity Probe B, [4] utilisant des gyroscopes ultra-pr\u00e9cis qui ont montr\u00e9 une tr\u00e8s faible d\u00e9viation g\u00e9od\u00e9tique (li\u00e9e \u00e0 la courbure de l\u2019espace-temps par la masse de la Terre) et une d\u00e9viation \u00ab\u00a0gravitomagn\u00e9tique\u00a0\u00bb (entrainement de r\u00e9f\u00e9rentiel) encore plus faible li\u00e9e \u00e0 la rotation de la Terre.<\/p>\n\n\n\n<p><\/p>\n\n\n\n<figure class=\"wp-block-image\"><img loading=\"lazy\" decoding=\"async\" width=\"800\" height=\"598\" src=\"https:\/\/vous-avez-dit-bigbang.fr\/wp-content\/uploads\/2025\/03\/image001.jpg\" alt=\"\" class=\"wp-image-3465\" srcset=\"https:\/\/vous-avez-dit-bigbang.fr\/wp-content\/uploads\/2025\/03\/image001.jpg 800w, https:\/\/vous-avez-dit-bigbang.fr\/wp-content\/uploads\/2025\/03\/image001-300x224.jpg 300w, https:\/\/vous-avez-dit-bigbang.fr\/wp-content\/uploads\/2025\/03\/image001-768x574.jpg 768w\" sizes=\"auto, (max-width: 800px) 85vw, 800px\" \/><\/figure>\n\n\n\n<p>Article complet sur Gravity Probe-B, ci-dessous.<\/p>\n\n\n\n<div data-wp-interactive=\"core\/file\" class=\"wp-block-file\"><object data-wp-bind--hidden=\"!state.hasPdfPreview\" hidden class=\"wp-block-file__embed\" data=\"https:\/\/vous-avez-dit-bigbang.fr\/wp-content\/uploads\/2025\/04\/Gravity-Probe-B.pdf\" type=\"application\/pdf\" style=\"width:100%;height:600px\" aria-label=\"Contenu embarqu\u00e9 Gravity-Probe-B.\"><\/object><a id=\"wp-block-file--media-1f5524b9-e152-43ae-a651-387bacf67054\" href=\"https:\/\/vous-avez-dit-bigbang.fr\/wp-content\/uploads\/2025\/04\/Gravity-Probe-B.pdf\">Gravity-Probe-B<\/a><a href=\"https:\/\/vous-avez-dit-bigbang.fr\/wp-content\/uploads\/2025\/04\/Gravity-Probe-B.pdf\" class=\"wp-block-file__button wp-element-button\" download aria-describedby=\"wp-block-file--media-1f5524b9-e152-43ae-a651-387bacf67054\">T\u00e9l\u00e9charger<\/a><\/div>\n\n\n\n<div class=\"wp-block-file\"><a id=\"wp-block-file--media-cc97f64f-b470-4fdb-8d1d-031e1af4359c\" href=\"https:\/\/vous-avez-dit-bigbang.fr\/wp-content\/uploads\/2025\/04\/Gravity-probe-B.htm\">Gravity-probe-B<\/a><a href=\"https:\/\/vous-avez-dit-bigbang.fr\/wp-content\/uploads\/2025\/04\/Gravity-probe-B.htm\" class=\"wp-block-file__button wp-element-button\" download aria-describedby=\"wp-block-file--media-cc97f64f-b470-4fdb-8d1d-031e1af4359c\">T\u00e9l\u00e9charger<\/a><\/div>\n\n\n\n<figure class=\"wp-block-embed\"><div class=\"wp-block-embed__wrapper\">\nhttps:\/\/physics.aps.org\/articles\/v4\/43\n<\/div><\/figure>\n\n\n\n<h2 class=\"wp-block-heading\">Notes<\/h2>\n\n\n\n<p>[1] En fait, comme l&rsquo;univers n&rsquo;est pas du tout homog\u00e8ne et isotrope localement, m\u00eame si cet effet est faible localement pour la Terre et m\u00eame le Soleil, la <strong>g\u00e9od\u00e9sique <\/strong>va subir <strong>localement<\/strong> d&rsquo;infimes d\u00e9formations par rapport \u00e0 la g\u00e9od\u00e9sique d&rsquo;un univers parfaitement homog\u00e8ne et isotrope. <\/p>\n\n\n\n<p>Cet aspect du probl\u00e8me sera explicit\u00e9 dans la fin du document. <\/p>\n\n\n\n<p>Insistons sur le fait que c&rsquo;est bien la <strong>g\u00e9od\u00e9sique qui est localement d\u00e9form\u00e9e<\/strong> par rapport \u00e0 la g\u00e9od\u00e9sique si l&rsquo;univers \u00e9tait homog\u00e8ne et isotrope. La perturbation  du mouvement du pendule, dispositif inertiel, est li\u00e9e au fait que le pendule suit cette g\u00e9od\u00e9sique d\u00e9form\u00e9e localement. <\/p>\n\n\n\n<p>Ceci peut \u00eatre observ\u00e9 comme l&rsquo;exp\u00e9rience \u00ab\u00a0Gravity Probe-B\u00a0\u00bb le montre (avec des gyroscopes) . Bien entendu, compte-tenu de la faiblesse de la perturbation, le dispositif inertiel doit \u00eatre quasi-parfait et tr\u00e8s sensible.<\/p>\n\n\n\n<p>[2] L\u2019inertie cette capacit\u00e9 des corps de r\u00e9sister \u00e0 un changement d\u2019\u00e9tat, un \u00e9tat inertiel se caract\u00e9risant par le fait que, ponctuellement ,aucune contrainte n\u2019est ressentie.<\/p>\n\n\n\n<p>[3] La g\u00e9om\u00e9trie locale n\u2019est pas celle de l\u2019univers global, par exemple autour de la Terre ce serait une g\u00e9om\u00e9trie d\u00e9crite par la m\u00e9trique de Schwarzschild avec un effet Lense-Thirring pour sa rotation.<\/p>\n\n\n\n<p>[4] Pour l&rsquo;effet g\u00e9od\u00e9tique, cela a \u00e9t\u00e9 mesur\u00e9 (et confirm\u00e9) avec une bonne pr\u00e9cision, pour l&rsquo;effet Lense-Thirring la pr\u00e9cision est m\u00e9diocre du fait de l&rsquo;extr\u00eame faiblesse de la perturbation. Il semble que les auteurs de l&rsquo;exp\u00e9rience aient un peu surestim\u00e9 les performances des gyroscopes (r\u00e9put\u00e9s 10 fois plus performants que ce qui existait alors) qui ont \u00e9t\u00e9 limites pour mesurer l&rsquo;effet Lense-Thirring.<\/p>\n\n\n\n<p>Bien entendu c&rsquo;est parce que cet effet est tr\u00e8s petit pour un astre comme la Terre, mais pour des \u00e9toiles \u00e0 neutrons et encore plus pour des trous noirs de Kerr, o\u00f9 il existe une ergosph\u00e8re, region entrainant inexorablement en rotation tous les \u00e9l\u00e9ments physiques y compris les photons, cet effet Lense-Thirring devient tr\u00e8s important.<\/p>\n\n\n\n<p>Certains ont m\u00eame mis en doute la validit\u00e9 de la mesure, obtenue apr\u00e8s de nombreux calculs destin\u00e9s \u00e0 \u00e9liminer les effets ind\u00e9sirables. <\/p>\n\n\n\n<p>publi\u00e9 par J. FRIC<\/p>\n\n\n\n<p> le <a href=\"https:\/\/vous-avez-dit-bigbang.fr\/?p=3463\"><time datetime=\"2025-03-19T09:19:14+01:00\">19 mars 2025<\/time><\/a><\/p>\n\n\n\n<p><\/p>\n","protected":false},"excerpt":{"rendered":"<p>Introduction Si on lance le pendule dans une certaine direction sur la Terre, le pendule de Foucault suit une trajectoire qui semble tourner par rapport au sol. En fait, on constate exp\u00e9rimentalement, qu&rsquo;au premier ordre au moins [1], nonobstant l&rsquo;action gravitationnelle des astres \u00ab\u00a0proches\u00a0\u00bb (Terre, Soleil, Voie lact\u00e9e,..), il bat dans une direction pointant, au &hellip; <a href=\"https:\/\/vous-avez-dit-bigbang.fr\/?page_id=3470\" class=\"more-link\">Continuer la lecture<span class=\"screen-reader-text\"> de &laquo;&nbsp;Pendule de Foucault et autres dispositifs inertiels 2\/04\/25&nbsp;&raquo;<\/span><\/a><\/p>\n","protected":false},"author":1,"featured_media":0,"parent":0,"menu_order":0,"comment_status":"closed","ping_status":"closed","template":"","meta":{"footnotes":""},"class_list":["post-3470","page","type-page","status-publish","hentry"],"_links":{"self":[{"href":"https:\/\/vous-avez-dit-bigbang.fr\/index.php?rest_route=\/wp\/v2\/pages\/3470","targetHints":{"allow":["GET"]}}],"collection":[{"href":"https:\/\/vous-avez-dit-bigbang.fr\/index.php?rest_route=\/wp\/v2\/pages"}],"about":[{"href":"https:\/\/vous-avez-dit-bigbang.fr\/index.php?rest_route=\/wp\/v2\/types\/page"}],"author":[{"embeddable":true,"href":"https:\/\/vous-avez-dit-bigbang.fr\/index.php?rest_route=\/wp\/v2\/users\/1"}],"replies":[{"embeddable":true,"href":"https:\/\/vous-avez-dit-bigbang.fr\/index.php?rest_route=%2Fwp%2Fv2%2Fcomments&post=3470"}],"version-history":[{"count":9,"href":"https:\/\/vous-avez-dit-bigbang.fr\/index.php?rest_route=\/wp\/v2\/pages\/3470\/revisions"}],"predecessor-version":[{"id":3522,"href":"https:\/\/vous-avez-dit-bigbang.fr\/index.php?rest_route=\/wp\/v2\/pages\/3470\/revisions\/3522"}],"wp:attachment":[{"href":"https:\/\/vous-avez-dit-bigbang.fr\/index.php?rest_route=%2Fwp%2Fv2%2Fmedia&parent=3470"}],"curies":[{"name":"wp","href":"https:\/\/api.w.org\/{rel}","templated":true}]}}