{"id":3288,"date":"2025-02-05T18:32:00","date_gmt":"2025-02-05T17:32:00","guid":{"rendered":"https:\/\/vous-avez-dit-bigbang.fr\/?page_id=3288"},"modified":"2025-02-05T18:32:00","modified_gmt":"2025-02-05T17:32:00","slug":"equation-de-tsiolkovski-relativiste-demonstration-alternative-24-01-25","status":"publish","type":"page","link":"https:\/\/vous-avez-dit-bigbang.fr\/?page_id=3288","title":{"rendered":"Equation de Tsiolkovski relativiste, d\u00e9monstration alternative 24\/01\/25"},"content":{"rendered":"\n<h2 class=\"wp-block-heading\">Introduction<\/h2>\n\n\n\n<p>Cet aspect de l\u2019\u00e9quation de Tsiolkovski est peu abord\u00e9 dans la litt\u00e9rature, sans doute du fait qu\u2019elle n\u2019est pas utile aujourd\u2019hui, compte tenu que v &lt;&lt;c, o\u00f9 v est la vitesse atteinte par les fus\u00e9es actuelles et c la vitesse de la lumi\u00e8re. On trouve une d\u00e9monstration en :&nbsp;<a href=\"https:\/\/en.wikipedia.org\/wiki\/Tsiolkovsky_rocket_equation\">https:\/\/en.wikipedia.org\/wiki\/Tsiolkovsky_rocket_equation<\/a><\/p>\n\n\n\n<p>au chapitre \u00ab&nbsp;Special Relativity&nbsp;\u00bb.<\/p>\n\n\n\n<p>Nous proposons ici une autre d\u00e9monstration qui aboutit au m\u00eame r\u00e9sultat mais qui est peut-\u00eatre plus facile \u00e0 comprendre. Ce texte est extrait d\u2019une conf\u00e9rence en PPT.<\/p>\n\n\n\n<h2 class=\"wp-block-heading\">D\u00e9monstration<\/h2>\n\n\n\n<p>Utiliser le mode diaporama pour visualiser les animations<\/p>\n\n\n\n<p><a href=\"https:\/\/vous-avez-dit-bigbang.fr\/wp-content\/uploads\/2024\/12\/tsiokovski-relativiste-site.odp\">tsiokovski-relativiste-site<\/a><a href=\"https:\/\/vous-avez-dit-bigbang.fr\/wp-content\/uploads\/2024\/12\/tsiokovski-relativiste-site.odp\">T\u00e9l\u00e9charger<\/a><\/p>\n\n\n\n<p>Published by Jacques Fric, PHD History and Philosophy of Sciences Paris Cit\u00e9 University<\/p>\n","protected":false},"excerpt":{"rendered":"<p>Introduction Cet aspect de l\u2019\u00e9quation de Tsiolkovski est peu abord\u00e9 dans la litt\u00e9rature, sans doute du fait qu\u2019elle n\u2019est pas utile aujourd\u2019hui, compte tenu que v &lt;&lt;c, o\u00f9 v est la vitesse atteinte par les fus\u00e9es actuelles et c la vitesse de la lumi\u00e8re. On trouve une d\u00e9monstration en :&nbsp;https:\/\/en.wikipedia.org\/wiki\/Tsiolkovsky_rocket_equation au chapitre \u00ab&nbsp;Special Relativity&nbsp;\u00bb. Nous &hellip; <a href=\"https:\/\/vous-avez-dit-bigbang.fr\/?page_id=3288\" class=\"more-link\">Continuer la lecture<span class=\"screen-reader-text\"> de &laquo;&nbsp;Equation de Tsiolkovski relativiste, d\u00e9monstration alternative 24\/01\/25&nbsp;&raquo;<\/span><\/a><\/p>\n","protected":false},"author":1,"featured_media":0,"parent":0,"menu_order":0,"comment_status":"closed","ping_status":"closed","template":"","meta":{"footnotes":""},"class_list":["post-3288","page","type-page","status-publish","hentry"],"_links":{"self":[{"href":"https:\/\/vous-avez-dit-bigbang.fr\/index.php?rest_route=\/wp\/v2\/pages\/3288","targetHints":{"allow":["GET"]}}],"collection":[{"href":"https:\/\/vous-avez-dit-bigbang.fr\/index.php?rest_route=\/wp\/v2\/pages"}],"about":[{"href":"https:\/\/vous-avez-dit-bigbang.fr\/index.php?rest_route=\/wp\/v2\/types\/page"}],"author":[{"embeddable":true,"href":"https:\/\/vous-avez-dit-bigbang.fr\/index.php?rest_route=\/wp\/v2\/users\/1"}],"replies":[{"embeddable":true,"href":"https:\/\/vous-avez-dit-bigbang.fr\/index.php?rest_route=%2Fwp%2Fv2%2Fcomments&post=3288"}],"version-history":[{"count":1,"href":"https:\/\/vous-avez-dit-bigbang.fr\/index.php?rest_route=\/wp\/v2\/pages\/3288\/revisions"}],"predecessor-version":[{"id":3289,"href":"https:\/\/vous-avez-dit-bigbang.fr\/index.php?rest_route=\/wp\/v2\/pages\/3288\/revisions\/3289"}],"wp:attachment":[{"href":"https:\/\/vous-avez-dit-bigbang.fr\/index.php?rest_route=%2Fwp%2Fv2%2Fmedia&parent=3288"}],"curies":[{"name":"wp","href":"https:\/\/api.w.org\/{rel}","templated":true}]}}