{"id":3100,"date":"2024-11-23T12:01:06","date_gmt":"2024-11-23T11:01:06","guid":{"rendered":"https:\/\/vous-avez-dit-bigbang.fr\/?page_id=3100"},"modified":"2024-11-23T12:01:06","modified_gmt":"2024-11-23T11:01:06","slug":"cours-relativite-generale-traduction-de-lecture-notes-on-general-relativity-de-sean-carroll","status":"publish","type":"page","link":"https:\/\/vous-avez-dit-bigbang.fr\/?page_id=3100","title":{"rendered":"Cours relativit\u00e9 g\u00e9n\u00e9rale: traduction de lecture notes on general relativity de Sean Carroll."},"content":{"rendered":"\n<div class=\"wp-block-file\"><a id=\"wp-block-file--media-92b42d74-a520-4e55-9955-a322d993aae2\" href=\"https:\/\/vous-avez-dit-bigbang.fr\/wp-content\/uploads\/2024\/11\/MIT-RG1F.htm\">MIT-RG1F<\/a><a href=\"https:\/\/vous-avez-dit-bigbang.fr\/wp-content\/uploads\/2024\/11\/MIT-RG1F.htm\" class=\"wp-block-file__button wp-element-button\" download aria-describedby=\"wp-block-file--media-92b42d74-a520-4e55-9955-a322d993aae2\">T\u00e9l\u00e9charger<\/a><\/div>\n\n\n\n<div data-wp-interactive=\"core\/file\" class=\"wp-block-file\"><object data-wp-bind--hidden=\"!state.hasPdfPreview\" hidden class=\"wp-block-file__embed\" data=\"https:\/\/vous-avez-dit-bigbang.fr\/wp-content\/uploads\/2024\/11\/MIT-RG1F.pdf\" type=\"application\/pdf\" style=\"width:100%;height:600px\" aria-label=\"Contenu embarqu\u00e9 MIT-RG1F.\"><\/object><a id=\"wp-block-file--media-ccf03832-fdea-4bd4-92e6-012502a01c55\" href=\"https:\/\/vous-avez-dit-bigbang.fr\/wp-content\/uploads\/2024\/11\/MIT-RG1F.pdf\">MIT-RG1F<\/a><a href=\"https:\/\/vous-avez-dit-bigbang.fr\/wp-content\/uploads\/2024\/11\/MIT-RG1F.pdf\" class=\"wp-block-file__button wp-element-button\" download aria-describedby=\"wp-block-file--media-ccf03832-fdea-4bd4-92e6-012502a01c55\">T\u00e9l\u00e9charger<\/a><\/div>\n\n\n\n<div data-wp-interactive=\"core\/file\" class=\"wp-block-file\"><object data-wp-bind--hidden=\"!state.hasPdfPreview\" hidden class=\"wp-block-file__embed\" data=\"https:\/\/vous-avez-dit-bigbang.fr\/wp-content\/uploads\/2024\/11\/MIT-RG2F.pdf\" type=\"application\/pdf\" style=\"width:100%;height:600px\" aria-label=\"Contenu embarqu\u00e9 MIT-RG2F.\"><\/object><a id=\"wp-block-file--media-29cdb753-f654-425a-8591-296688057127\" href=\"https:\/\/vous-avez-dit-bigbang.fr\/wp-content\/uploads\/2024\/11\/MIT-RG2F.pdf\">MIT-RG2F<\/a><a href=\"https:\/\/vous-avez-dit-bigbang.fr\/wp-content\/uploads\/2024\/11\/MIT-RG2F.pdf\" class=\"wp-block-file__button wp-element-button\" download aria-describedby=\"wp-block-file--media-29cdb753-f654-425a-8591-296688057127\">T\u00e9l\u00e9charger<\/a><\/div>\n\n\n\n<div data-wp-interactive=\"core\/file\" class=\"wp-block-file\"><object data-wp-bind--hidden=\"!state.hasPdfPreview\" hidden class=\"wp-block-file__embed\" data=\"https:\/\/vous-avez-dit-bigbang.fr\/wp-content\/uploads\/2024\/11\/MIT-RG3F.pdf\" type=\"application\/pdf\" style=\"width:100%;height:600px\" aria-label=\"Contenu embarqu\u00e9 MIT-RG3F.\"><\/object><a id=\"wp-block-file--media-5190ae4f-fc88-45f7-8ecd-043eec414eb9\" href=\"https:\/\/vous-avez-dit-bigbang.fr\/wp-content\/uploads\/2024\/11\/MIT-RG3F.pdf\">MIT-RG3F<\/a><a href=\"https:\/\/vous-avez-dit-bigbang.fr\/wp-content\/uploads\/2024\/11\/MIT-RG3F.pdf\" class=\"wp-block-file__button wp-element-button\" download aria-describedby=\"wp-block-file--media-5190ae4f-fc88-45f7-8ecd-043eec414eb9\">T\u00e9l\u00e9charger<\/a><\/div>\n\n\n\n<div data-wp-interactive=\"core\/file\" class=\"wp-block-file\"><object data-wp-bind--hidden=\"!state.hasPdfPreview\" hidden class=\"wp-block-file__embed\" data=\"https:\/\/vous-avez-dit-bigbang.fr\/wp-content\/uploads\/2024\/11\/MIT-RG4F.pdf\" type=\"application\/pdf\" style=\"width:100%;height:600px\" aria-label=\"Contenu embarqu\u00e9 MIT-RG4F.\"><\/object><a id=\"wp-block-file--media-fdda5cde-becc-4687-9d1a-7527489852c2\" href=\"https:\/\/vous-avez-dit-bigbang.fr\/wp-content\/uploads\/2024\/11\/MIT-RG4F.pdf\">MIT-RG4F<\/a><a href=\"https:\/\/vous-avez-dit-bigbang.fr\/wp-content\/uploads\/2024\/11\/MIT-RG4F.pdf\" class=\"wp-block-file__button wp-element-button\" download aria-describedby=\"wp-block-file--media-fdda5cde-becc-4687-9d1a-7527489852c2\">T\u00e9l\u00e9charger<\/a><\/div>\n\n\n\n<div data-wp-interactive=\"core\/file\" class=\"wp-block-file\"><object data-wp-bind--hidden=\"!state.hasPdfPreview\" hidden class=\"wp-block-file__embed\" data=\"https:\/\/vous-avez-dit-bigbang.fr\/wp-content\/uploads\/2024\/11\/MIT-RG5F.pdf\" type=\"application\/pdf\" style=\"width:100%;height:600px\" aria-label=\"Contenu embarqu\u00e9 MIT-RG5F.\"><\/object><a id=\"wp-block-file--media-6896cb3e-2e3c-497a-8b23-807eaf0e971e\" href=\"https:\/\/vous-avez-dit-bigbang.fr\/wp-content\/uploads\/2024\/11\/MIT-RG5F.pdf\">MIT-RG5F<\/a><a href=\"https:\/\/vous-avez-dit-bigbang.fr\/wp-content\/uploads\/2024\/11\/MIT-RG5F.pdf\" class=\"wp-block-file__button wp-element-button\" download aria-describedby=\"wp-block-file--media-6896cb3e-2e3c-497a-8b23-807eaf0e971e\">T\u00e9l\u00e9charger<\/a><\/div>\n\n\n\n<div data-wp-interactive=\"core\/file\" class=\"wp-block-file\"><object data-wp-bind--hidden=\"!state.hasPdfPreview\" hidden class=\"wp-block-file__embed\" data=\"https:\/\/vous-avez-dit-bigbang.fr\/wp-content\/uploads\/2024\/11\/MIT-RG6F.pdf\" type=\"application\/pdf\" style=\"width:100%;height:600px\" aria-label=\"Contenu embarqu\u00e9 MIT-RG6F.\"><\/object><a id=\"wp-block-file--media-20d2a2ca-79e1-407b-b979-8567e7f40bd5\" href=\"https:\/\/vous-avez-dit-bigbang.fr\/wp-content\/uploads\/2024\/11\/MIT-RG6F.pdf\">MIT-RG6F<\/a><a href=\"https:\/\/vous-avez-dit-bigbang.fr\/wp-content\/uploads\/2024\/11\/MIT-RG6F.pdf\" class=\"wp-block-file__button wp-element-button\" download aria-describedby=\"wp-block-file--media-20d2a2ca-79e1-407b-b979-8567e7f40bd5\">T\u00e9l\u00e9charger<\/a><\/div>\n\n\n\n<div data-wp-interactive=\"core\/file\" class=\"wp-block-file\"><object data-wp-bind--hidden=\"!state.hasPdfPreview\" hidden class=\"wp-block-file__embed\" data=\"https:\/\/vous-avez-dit-bigbang.fr\/wp-content\/uploads\/2024\/11\/MIT-RG-27.pdf\" type=\"application\/pdf\" style=\"width:100%;height:600px\" aria-label=\"Contenu embarqu\u00e9 MIT-RG-27.\"><\/object><a id=\"wp-block-file--media-77ac4e65-7606-4543-a56d-1bcc435fe8b0\" href=\"https:\/\/vous-avez-dit-bigbang.fr\/wp-content\/uploads\/2024\/11\/MIT-RG-27.pdf\">MIT-RG-27<\/a><a href=\"https:\/\/vous-avez-dit-bigbang.fr\/wp-content\/uploads\/2024\/11\/MIT-RG-27.pdf\" class=\"wp-block-file__button wp-element-button\" download aria-describedby=\"wp-block-file--media-77ac4e65-7606-4543-a56d-1bcc435fe8b0\">T\u00e9l\u00e9charger<\/a><\/div>\n\n\n\n<div class=\"wp-block-file\"><a id=\"wp-block-file--media-aa76f1a8-c281-4f3a-b5e3-9b9d1d814a30\" href=\"https:\/\/vous-avez-dit-bigbang.fr\/wp-content\/uploads\/2024\/11\/MIT-RG8F.htm\">MIT-RG8F<\/a><a href=\"https:\/\/vous-avez-dit-bigbang.fr\/wp-content\/uploads\/2024\/11\/MIT-RG8F.htm\" class=\"wp-block-file__button wp-element-button\" download aria-describedby=\"wp-block-file--media-aa76f1a8-c281-4f3a-b5e3-9b9d1d814a30\">T\u00e9l\u00e9charger<\/a><\/div>\n\n\n\n<p><\/p>\n","protected":false},"excerpt":{"rendered":"","protected":false},"author":1,"featured_media":0,"parent":0,"menu_order":0,"comment_status":"closed","ping_status":"closed","template":"","meta":{"footnotes":""},"class_list":["post-3100","page","type-page","status-publish","hentry"],"_links":{"self":[{"href":"https:\/\/vous-avez-dit-bigbang.fr\/index.php?rest_route=\/wp\/v2\/pages\/3100","targetHints":{"allow":["GET"]}}],"collection":[{"href":"https:\/\/vous-avez-dit-bigbang.fr\/index.php?rest_route=\/wp\/v2\/pages"}],"about":[{"href":"https:\/\/vous-avez-dit-bigbang.fr\/index.php?rest_route=\/wp\/v2\/types\/page"}],"author":[{"embeddable":true,"href":"https:\/\/vous-avez-dit-bigbang.fr\/index.php?rest_route=\/wp\/v2\/users\/1"}],"replies":[{"embeddable":true,"href":"https:\/\/vous-avez-dit-bigbang.fr\/index.php?rest_route=%2Fwp%2Fv2%2Fcomments&post=3100"}],"version-history":[{"count":1,"href":"https:\/\/vous-avez-dit-bigbang.fr\/index.php?rest_route=\/wp\/v2\/pages\/3100\/revisions"}],"predecessor-version":[{"id":3110,"href":"https:\/\/vous-avez-dit-bigbang.fr\/index.php?rest_route=\/wp\/v2\/pages\/3100\/revisions\/3110"}],"wp:attachment":[{"href":"https:\/\/vous-avez-dit-bigbang.fr\/index.php?rest_route=%2Fwp%2Fv2%2Fmedia&parent=3100"}],"curies":[{"name":"wp","href":"https:\/\/api.w.org\/{rel}","templated":true}]}}