{"id":3047,"date":"2024-09-23T11:29:12","date_gmt":"2024-09-23T09:29:12","guid":{"rendered":"https:\/\/vous-avez-dit-bigbang.fr\/?page_id=3047"},"modified":"2024-09-23T16:55:44","modified_gmt":"2024-09-23T14:55:44","slug":"expansion-de-lunivers-une-interpretation-erronee-de-la-solution-donnee-par-lequation-deinstein","status":"publish","type":"page","link":"https:\/\/vous-avez-dit-bigbang.fr\/?page_id=3047","title":{"rendered":"Expansion de l&rsquo;univers: une interpr\u00e9tation erron\u00e9e de la solution donn\u00e9e par l&rsquo;\u00e9quation d&rsquo;Einstein? 23\/09\/24"},"content":{"rendered":"\n<h2 class=\"wp-block-heading\">Introduction<\/h2>\n\n\n\n<p>Dans le mod\u00e8le cosmologique standard (big bang) on interpr\u00e8te le ph\u00e9nom\u00e8ne de la fuite des galaxies et du d\u00e9calage spectral \u00ab\u00a0cosmologique\u00a0\u00bb par une \u00ab\u00a0expansion\u00a0\u00bb de l&rsquo;univers. L&rsquo;espace se serait dilat\u00e9 depuis le big bang jusqu&rsquo;\u00e0 nos jours et continuerait de la faire. On per\u00e7oit le caract\u00e8re physique myst\u00e9rieux d&rsquo;un espace (un vide suppos\u00e9 \u00eatre le contenant des objets physiques) se dilatant dans le temps.<\/p>\n\n\n\n<h2 class=\"wp-block-heading\">Objet de l&rsquo;\u00e9quation d&rsquo;Einstein<\/h2>\n\n\n\n<p>La solution donn\u00e9e par l&rsquo;\u00e9quation d&rsquo;Einstein n&rsquo;est pas un espace et un temps mais un espace-temps qui est une entit\u00e9 plus synth\u00e9tique et le seul \u00e0 poss\u00e9der un caract\u00e8re physique [1], dont l&rsquo;espace et le temps ne sont que des \u00ab\u00a0ombres\u00a0\u00bb comme l&rsquo;avait stipul\u00e9 Minkowski. Donc il faut consid\u00e9rer une ph\u00e9nom\u00e9nologie (physique) en terme d&rsquo;espace-temps.<\/p>\n\n\n\n<p>Le but de l&rsquo;\u00e9quation d&rsquo;Einstein est de d\u00e9crire la <strong>dynamique<\/strong> d&rsquo;un syst\u00e8me \u00ab\u00a0gravitationnel\u00a0\u00bb (o\u00f9 seule l&rsquo;interaction gravitationnelle est prise en compte), autrement dit de d\u00e9terminer <strong>les g\u00e9od\u00e9siques<\/strong> de cette mati\u00e8re \u00e9nergie, \u00e0 la fois source de l&rsquo;interaction et la subissant, en suivant la courbure (couplage) de l&rsquo;espace-temps qu&rsquo;elle a g\u00e9n\u00e9r\u00e9.<\/p>\n\n\n\n<h2 class=\"wp-block-heading\">Implications<\/h2>\n\n\n\n<p>De ceci il ressort que ces g\u00e9od\u00e9siques sont des \u00e9l\u00e9ments <strong>internes<\/strong> \u00e0 l&rsquo;espace-temps ainsi d\u00e9termin\u00e9. Le fait qu&rsquo;elles \u00ab\u00a0divergent\u00a0\u00bb dans  une direction est une propri\u00e9t\u00e9 interne \u00e0 l&rsquo;espace-temps.<\/p>\n\n\n\n<h2 class=\"wp-block-heading\">L&rsquo;expansion suppos\u00e9e de l&rsquo;espace<\/h2>\n\n\n\n<p>On caract\u00e9rise souvent cette \u00ab\u00a0divergence\u00a0\u00bb en utilisant un feuilletage particulier (mais arbitraire, en suivant, en g\u00e9n\u00e9ral, la m\u00e9trique de Robertson-Walker) ) de l&rsquo;espace-temps en espace et temps, en soulignant que les sections d&rsquo;espace se \u00ab\u00a0dilatent\u00a0\u00bb en fonction du temps \u00ab\u00a0cosmologique\u00a0\u00bb (temps issu de la m\u00e9trique de Robertson-Walker) et que ce serait cette dilatation qui provoquerait la divergence des g\u00e9od\u00e9siques.<\/p>\n\n\n\n<h2 class=\"wp-block-heading\">La confusion<\/h2>\n\n\n\n<p>Mais ce ce constat, sur des notions de temps et d&rsquo;espace, \u00e0 caract\u00e8re non physique,  est arbitraire et donc non physique [2].<\/p>\n\n\n\n<p>Car si cette divergence de g\u00e9od\u00e9siques est g\u00e9n\u00e9ralement interpr\u00e9t\u00e9e comme due \u00e0 une expansion de l&rsquo;espace, c&rsquo;est une interpr\u00e9tation newtonienne o\u00f9 on attribue \u00e0 l&rsquo;espace un caract\u00e8re physique, un \u00ab\u00a0contenant fixe\u00a0\u00bb comme en m\u00e9canique newtonienne: les g\u00e9od\u00e9siques seraient contenues dans cet espace \u00ab\u00a0fixe\u00a0\u00bb (r\u00e9sultant d&rsquo;un feuilletage particulier).<\/p>\n\n\n\n<h2 class=\"wp-block-heading\">L&rsquo;espace ainsi d\u00e9fini est de nature math\u00e9matique et non physique<\/h2>\n\n\n\n<p>Ceci n&rsquo;est pas le cas, cet espace est <strong> une entit\u00e9 math\u00e9matique<\/strong> purement formelle permettant de d\u00e9crire la g\u00e9om\u00e9trie des g\u00e9od\u00e9siques mais n&rsquo;a aucun caract\u00e8re de \u00ab\u00a0contenant\u00a0\u00bb ce qui lui conf\u00e9rerait un caract\u00e8re physique comme en m\u00e9canique newtonienne.<\/p>\n\n\n\n<p>Par contre les g\u00e9od\u00e9siques lignes d&rsquo;univers d&rsquo;espace-temps sont physiques et ne confondons pas les outils formels pour d\u00e9crire une entit\u00e9 physique avec cette entit\u00e9.<\/p>\n\n\n\n<h2 class=\"wp-block-heading\">Le big bang est-il la cr\u00e9ation de l&rsquo;univers?<\/h2>\n\n\n\n<p>Ce point a \u00e9t\u00e9 comment\u00e9 dans une autre page, mais rappelons que comme J. Peebles la soulign\u00e9, cette interpr\u00e9tation d&rsquo;un \u00e9v\u00e9nement connotant un lieu et un temps est sujette \u00e0 caution et que, comme c&rsquo;est d\u00e9velopp\u00e9 dans mon livre, en suivant l&rsquo;approche existentialiste, il vaut mieux parler de <strong>l&rsquo;existence<\/strong> (et de la n\u00f4tre en cons\u00e9quence) de l&rsquo;univers que de sa cr\u00e9ation. <\/p>\n\n\n\n<p>Cette notion d&rsquo;existence au lieu de cr\u00e9ation est d&rsquo;ailleurs confort\u00e9 par la repr\u00e9sentation math\u00e9matique de l&rsquo;espace-temps, par une vari\u00e9t\u00e9 en relativit\u00e9 g\u00e9n\u00e9rale,  objet math\u00e9matique qui n&rsquo;a ni pr\u00e9sent, ni pass\u00e9, ni futur qui n&rsquo;a pas besoin d&rsquo;\u00eatre inclus dans une structure plus vaste et qui contient tous les \u00e9l\u00e9ments n\u00e9cessaires \u00e0 sa description. <\/p>\n\n\n\n<p>Le seul probl\u00e8me qu&rsquo;on peut se poser est alors celui de l&rsquo;existence de l&rsquo;espace-temps, car  il n&rsquo;a pas besoin de pr\u00e9d\u00e9cesseur pour exister, il n&rsquo;a pas \u00ab\u00a0d&rsquo;acte de naissance\u00a0\u00bb dans l&rsquo;espace et le temps <strong>car il est \u00ab\u00a0bien plus\u00a0\u00bb que l&rsquo;espace et le temps<\/strong> qui, au mieux, ne sont que des ombres  de lui-m\u00eame! <\/p>\n\n\n\n<p>On voit mal comment il pourrait d\u00e9pendre et \u00eatre inclus dans des entit\u00e9s que lui- m\u00eame inclut et d\u00e9finit: les notions de pr\u00e9sent, pass\u00e9, futur, d&rsquo;espace et de temps sont des param\u00e8tres internes \u00e0 la vari\u00e9t\u00e9 (l&rsquo;espace-temps).<\/p>\n\n\n\n<p><\/p>\n\n\n\n<h2 class=\"wp-block-heading\">Notes<\/h2>\n\n\n\n<p>[1] Il a un caract\u00e8re universel, tous les observateurs, quels qu&rsquo;ils soient s&rsquo;accorderont sur les param\u00e8tres scalaires quadridimensionnels (comme le scalaire de Ricci, par exemple)  de cet espace-temps (covariance). Ceci n&rsquo;est pas le cas des param\u00e8tres de temps et d&rsquo;espace dont la valeur d\u00e9pend du feuilletage de l&rsquo;espace-temps en espace et temps r\u00e9alis\u00e9.<\/p>\n\n\n\n<p>[2] La notion de congruence de g\u00e9od\u00e9siques semble plus adapt\u00e9e <\/p>\n\n\n\n<p><\/p>\n","protected":false},"excerpt":{"rendered":"<p>Introduction Dans le mod\u00e8le cosmologique standard (big bang) on interpr\u00e8te le ph\u00e9nom\u00e8ne de la fuite des galaxies et du d\u00e9calage spectral \u00ab\u00a0cosmologique\u00a0\u00bb par une \u00ab\u00a0expansion\u00a0\u00bb de l&rsquo;univers. L&rsquo;espace se serait dilat\u00e9 depuis le big bang jusqu&rsquo;\u00e0 nos jours et continuerait de la faire. On per\u00e7oit le caract\u00e8re physique myst\u00e9rieux d&rsquo;un espace (un vide suppos\u00e9 \u00eatre &hellip; <a href=\"https:\/\/vous-avez-dit-bigbang.fr\/?page_id=3047\" class=\"more-link\">Continuer la lecture<span class=\"screen-reader-text\"> de &laquo;&nbsp;Expansion de l&rsquo;univers: une interpr\u00e9tation erron\u00e9e de la solution donn\u00e9e par l&rsquo;\u00e9quation d&rsquo;Einstein? 23\/09\/24&nbsp;&raquo;<\/span><\/a><\/p>\n","protected":false},"author":1,"featured_media":0,"parent":0,"menu_order":0,"comment_status":"closed","ping_status":"closed","template":"","meta":{"footnotes":""},"class_list":["post-3047","page","type-page","status-publish","hentry"],"_links":{"self":[{"href":"https:\/\/vous-avez-dit-bigbang.fr\/index.php?rest_route=\/wp\/v2\/pages\/3047","targetHints":{"allow":["GET"]}}],"collection":[{"href":"https:\/\/vous-avez-dit-bigbang.fr\/index.php?rest_route=\/wp\/v2\/pages"}],"about":[{"href":"https:\/\/vous-avez-dit-bigbang.fr\/index.php?rest_route=\/wp\/v2\/types\/page"}],"author":[{"embeddable":true,"href":"https:\/\/vous-avez-dit-bigbang.fr\/index.php?rest_route=\/wp\/v2\/users\/1"}],"replies":[{"embeddable":true,"href":"https:\/\/vous-avez-dit-bigbang.fr\/index.php?rest_route=%2Fwp%2Fv2%2Fcomments&post=3047"}],"version-history":[{"count":6,"href":"https:\/\/vous-avez-dit-bigbang.fr\/index.php?rest_route=\/wp\/v2\/pages\/3047\/revisions"}],"predecessor-version":[{"id":3058,"href":"https:\/\/vous-avez-dit-bigbang.fr\/index.php?rest_route=\/wp\/v2\/pages\/3047\/revisions\/3058"}],"wp:attachment":[{"href":"https:\/\/vous-avez-dit-bigbang.fr\/index.php?rest_route=%2Fwp%2Fv2%2Fmedia&parent=3047"}],"curies":[{"name":"wp","href":"https:\/\/api.w.org\/{rel}","templated":true}]}}