{"id":2146,"date":"2023-02-02T10:08:41","date_gmt":"2023-02-02T09:08:41","guid":{"rendered":"https:\/\/vous-avez-dit-bigbang.fr\/?page_id=2146"},"modified":"2025-01-29T13:27:47","modified_gmt":"2025-01-29T12:27:47","slug":"quand-les-mathematiques-revelent-la-face-cachee-de-la-physique","status":"publish","type":"page","link":"https:\/\/vous-avez-dit-bigbang.fr\/?page_id=2146","title":{"rendered":"Quand les math\u00e9matiques r\u00e9v\u00e8lent la face cach\u00e9e de la physique 29\/01\/2025"},"content":{"rendered":"\n<div data-wp-interactive=\"core\/file\" class=\"wp-block-file\"><object data-wp-bind--hidden=\"!state.hasPdfPreview\" hidden class=\"wp-block-file__embed\" data=\"https:\/\/vous-avez-dit-bigbang.fr\/wp-content\/uploads\/2025\/01\/seminaire-maths-philo_2025-2.pdf\" type=\"application\/pdf\" style=\"width:100%;height:600px\" aria-label=\"Contenu embarqu\u00e9 s\u00e9minaire-maths-philo_2025-2.\"><\/object><a id=\"wp-block-file--media-1823e16b-683e-423b-b070-9b5ce9fdc1d3\" href=\"https:\/\/vous-avez-dit-bigbang.fr\/wp-content\/uploads\/2025\/01\/seminaire-maths-philo_2025-2.pdf\">s\u00e9minaire-maths-philo_2025-2<\/a><a href=\"https:\/\/vous-avez-dit-bigbang.fr\/wp-content\/uploads\/2025\/01\/seminaire-maths-philo_2025-2.pdf\" class=\"wp-block-file__button wp-element-button\" download aria-describedby=\"wp-block-file--media-1823e16b-683e-423b-b070-9b5ce9fdc1d3\">T\u00e9l\u00e9charger<\/a><\/div>\n","protected":false},"excerpt":{"rendered":"","protected":false},"author":1,"featured_media":0,"parent":0,"menu_order":0,"comment_status":"closed","ping_status":"closed","template":"","meta":{"footnotes":""},"class_list":["post-2146","page","type-page","status-publish","hentry"],"_links":{"self":[{"href":"https:\/\/vous-avez-dit-bigbang.fr\/index.php?rest_route=\/wp\/v2\/pages\/2146","targetHints":{"allow":["GET"]}}],"collection":[{"href":"https:\/\/vous-avez-dit-bigbang.fr\/index.php?rest_route=\/wp\/v2\/pages"}],"about":[{"href":"https:\/\/vous-avez-dit-bigbang.fr\/index.php?rest_route=\/wp\/v2\/types\/page"}],"author":[{"embeddable":true,"href":"https:\/\/vous-avez-dit-bigbang.fr\/index.php?rest_route=\/wp\/v2\/users\/1"}],"replies":[{"embeddable":true,"href":"https:\/\/vous-avez-dit-bigbang.fr\/index.php?rest_route=%2Fwp%2Fv2%2Fcomments&post=2146"}],"version-history":[{"count":2,"href":"https:\/\/vous-avez-dit-bigbang.fr\/index.php?rest_route=\/wp\/v2\/pages\/2146\/revisions"}],"predecessor-version":[{"id":3279,"href":"https:\/\/vous-avez-dit-bigbang.fr\/index.php?rest_route=\/wp\/v2\/pages\/2146\/revisions\/3279"}],"wp:attachment":[{"href":"https:\/\/vous-avez-dit-bigbang.fr\/index.php?rest_route=%2Fwp%2Fv2%2Fmedia&parent=2146"}],"curies":[{"name":"wp","href":"https:\/\/api.w.org\/{rel}","templated":true}]}}