{"id":189,"date":"2020-12-11T10:09:07","date_gmt":"2020-12-11T09:09:07","guid":{"rendered":"http:\/\/vous-avez-dit-bigbang.fr\/?page_id=189"},"modified":"2025-03-02T11:21:21","modified_gmt":"2025-03-02T10:21:21","slug":"le-big-bang-nest-pas-la-creation-de-lunivers","status":"publish","type":"page","link":"https:\/\/vous-avez-dit-bigbang.fr\/?page_id=189","title":{"rendered":"Le Big Bang n&rsquo;est pas la cr\u00e9ation de l&rsquo;univers, c&rsquo;est une singularit\u00e9 qui en fait partie! (rev. 2\/03\/25)"},"content":{"rendered":"\n<h2 class=\"wp-block-heading\">Vous avez dit big bang? <\/h2>\n\n\n\n<p>Comme James Peebles l&rsquo;a soulign\u00e9 apr\u00e8s son prix Nobel en 2019, le terme Big Bang qui connote une cr\u00e9ation de l&rsquo;univers en un lieu \u00e0 un temps d\u00e9termin\u00e9 qui, comme cela est suppos\u00e9 implicitement se r\u00e9f\u00e8rent  \u00e0 notre perception d&rsquo;espace et de temps dans notre univers, n&rsquo;a pas de sens puisque notre univers est un espace-temps (ce qui est explicit\u00e9 par sa mod\u00e9lisation math\u00e9matique). <\/p>\n\n\n\n<p>En effet, la relativit\u00e9 nous enseigne que l&rsquo;espace et le temps n&rsquo;ont pas de caract\u00e8re physique individuel, contrairement \u00e0 la conception newtonienne et commune, car il ne sont que des ombres de l&rsquo;espace-temps,  seul concept \u00e0 avoir un sens physique. <\/p>\n\n\n\n<p>Rappelons qu&rsquo;un espace-temps n&rsquo;a nul besoin d&rsquo;\u00eatre localis\u00e9 dans le temps et dans l&rsquo;espace pour \u00eatre dot\u00e9 des concepts de temps et d&rsquo;espace puisque ces concepts, tels que nous les percevons, sont les ombres de cet espace-temps, donc sont internes \u00e0 notre univers!<\/p>\n\n\n\n<h2 class=\"wp-block-heading\">L&rsquo;univers est-il inclus dans quelque chose dont il serait issu?<\/h2>\n\n\n\n<p>A supposer que notre univers soit inclus dans une entit\u00e9, dot\u00e9 de ces param\u00e8tres d&rsquo;espace et de temps, qui le contiendrait et qui les lui conf\u00e8rerait (ce que certaines th\u00e9ories postulent, mais cela ne fait que reporter le probl\u00e8me vers cette entit\u00e9, d&rsquo;o\u00f9 vient-elle, comment a-t-elle \u00e9t\u00e9 dot\u00e9e de ces param\u00e8tres ?) , le terme Big Bang, ainsi pens\u00e9 , serait-il ad\u00e9quat? <\/p>\n\n\n\n<p>Cette hypoth\u00e8se ne fait que reporter le probl\u00e8me <\/p>\n\n\n\n<h2 class=\"wp-block-heading\">Espace-temps et singularit\u00e9<\/h2>\n\n\n\n<p>Pour le mod\u00e8le cosmologique standard, l&rsquo;\u00e9quation d&rsquo;Einstein d\u00e9finit un espace-temps avec une singularit\u00e9, ce qui n&rsquo;est pas trivial, car il existe des vari\u00e9t\u00e9s mod\u00e9lisant des espaces sans singularit\u00e9  (la surface d&rsquo;une sph\u00e8re est une vari\u00e9t\u00e9 compacte sans singularit\u00e9). <\/p>\n\n\n\n<p>Peut-on associer \u00e0 cette singularit\u00e9 la cr\u00e9ation de l&rsquo;univers?  <\/p>\n\n\n\n<p>Cela est tentant, mais sachant que cette singularit\u00e9 n&rsquo;appartient pas \u00e0 notre espace-temps (du-moins dans sa mod\u00e9lisation par une vari\u00e9t\u00e9) ceci est probl\u00e9matique car il semble alors qu il n&rsquo;y ait pas de continuit\u00e9 entre la singularit\u00e9 et l&rsquo;espace-temps, qui est ce qu&rsquo;on appelle un \u00ab\u00a0ouvert\u00a0\u00bb, (math\u00e9matiquement on peut s&rsquo;approcher autant qu&rsquo;on veut de la singularit\u00e9 mais on ne peut l&rsquo;atteindre).<\/p>\n\n\n\n<p>Curieusement si on examine le les \u00e9quations de chute libre radiale dans un trou noir (autre solution de la relativit\u00e9 g\u00e9n\u00e9rale), on atteint pourtant la singularit\u00e9 en un temps propre fini (Si on part d&rsquo;une distance finie de la singularit\u00e9).<\/p>\n\n\n\n<p>Cependant ce point est int\u00e9ressant, car bien qu&rsquo;il n&rsquo;y ait pas de continuit\u00e9, cela ne signifie pas qu&rsquo;il n&rsquo;y ait pas d&rsquo;influence.<\/p>\n\n\n\n<p>Par exemple, en relativit\u00e9,  dans les trous noirs,  toute la masse qui conditionne l&rsquo;espace-temps infini associ\u00e9 est \u00ab\u00a0dans\u00a0\u00bb la singularit\u00e9 qui, pourtant, n&rsquo;en fait pas partie, m\u00eame s&rsquo;il en est infiniment proche.  <\/p>\n\n\n\n<p>Finalement l&rsquo;existence de singularit\u00e9 est, peut-\u00eatre, plus une ouverture pour une r\u00e9flexion sur l&rsquo;existence de l&rsquo;univers, \u00e0 laquelle il serait int\u00e9ressant d&rsquo;associer cette r\u00e9flexion \u00e0 celle de la \u00ab\u00a0censure cosmique\u00a0\u00bb qui encapsule les singularit\u00e9s de ce type et permet une physique raisonnable sans violation de la causalit\u00e9, qu&rsquo;une fin de non recevoir. <\/p>\n\n\n\n<h2 class=\"wp-block-heading\">L&rsquo;espace-temps d\u00e9finit-il tous les param\u00e8tres?<\/h2>\n\n\n\n<p>Apr\u00e8s ces digressions, pour revenir \u00e0 ce que produit l&rsquo;\u00e9quation d&rsquo;Einstein, on constate que la ph\u00e9nom\u00e9nologie de l&rsquo;univers peut \u00eatre totalement d\u00e9finie uniquement par les propri\u00e9t\u00e9s g\u00e9om\u00e9triques internes de cet espace-temps. Ainsi l&rsquo;expansion, par exemple, est une propri\u00e9t\u00e9 interne : Les g\u00e9od\u00e9siques suivies par les \u00e9l\u00e9ments infinit\u00e9simaux des fluides constitutifs de l&rsquo;univers, toutes \u00e9mergentes du voisinage de la singularit\u00e9, divergent.<\/p>\n\n\n\n<h2 class=\"wp-block-heading\">Le n\u00e9cessaire \u00ab\u00a0ajout\u00a0\u00bb de la m\u00e9canique quantique <\/h2>\n\n\n\n<p>Ce mod\u00e8le d\u00e9fini par la relativit\u00e9 g\u00e9n\u00e9rale reste th\u00e9orique, car un univers tel que celui d\u00e9crit par l&rsquo;\u00e9quation d&rsquo;Einstein avec des fluides cosmiques serait totalement st\u00e9rile et ne pourrait pas produire ce qu&rsquo;on observe (galaxies, \u00e9toiles, plan\u00e8tes, et par cons\u00e9quence de l&rsquo;humain).<\/p>\n\n\n\n<p>Dans la phase d&rsquo;inflation du mod\u00e8le standard cosmologique, (un ajout qu&rsquo;on estime pertinent) on suppose que ce sont les fluctuations quantiques dilat\u00e9es par l&rsquo;expansion qui ont produit les germes qui vont donner naissance aux structures qu&rsquo;on observe. Leur \u00e9volution \u00e9tant alors mod\u00e9lis\u00e9es par un processus de type \u00ab\u00a0perturbatif\u00a0\u00bb dans l&rsquo;univers d\u00e9fini par l&rsquo;\u00e9quation d&rsquo;Einstein qui sert alors \u00ab\u00a0d&rsquo;espace de fond\u00a0\u00bb.<\/p>\n\n\n\n<p>Une telle m\u00e9thode, m\u00eame si elle peut \u00eatre efficace, n&rsquo;est gu\u00e8re satisfaisante pour l&rsquo;esprit, car c&rsquo;est une approche hybride du probl\u00e8me. <\/p>\n\n\n\n<p>Un mod\u00e8le r\u00e9sultant d&rsquo;une th\u00e9orie  donnant un espace-temps de fond perturb\u00e9 par des \u00e9l\u00e9ments r\u00e9gis par une autre th\u00e9orie ind\u00e9pendante, la dynamique globale r\u00e9sultant, au moins au premier ordre de l&rsquo;espace de fond d\u00e9fini par la relativit\u00e9 g\u00e9n\u00e9rale. <\/p>\n\n\n\n<p>En l&rsquo;absence d&rsquo;une th\u00e9orie unifiant relativit\u00e9 g\u00e9n\u00e9rale et m\u00e9canique quantique, c&rsquo;est pour l&rsquo;instant ce qu&rsquo;on peut proposer de plus efficace.<\/p>\n\n\n\n<h2 class=\"wp-block-heading\">Existence de l&rsquo;univers et de l&rsquo;humain<\/h2>\n\n\n\n<p>L&rsquo;univers r\u00e9sultant de l&rsquo;\u00e9quation d&rsquo;Einstein, qui est un espace-temps , dans le contexte de la relativit\u00e9 g\u00e9n\u00e9rale, n&rsquo;a ni cr\u00e9ation, ni pass\u00e9, ni pr\u00e9sent, ni futur et n&rsquo;est pas en expansion, le seul probl\u00e8me \u00e0 se poser est celui de son existence. <\/p>\n\n\n\n<p>Compte tenu que nous faisons partie de cet univers, du fait de notre existence la r\u00e9ponse est sans ambigu\u00eft\u00e9 : Il existe et le probl\u00e8me de sa cr\u00e9ation est finalement,  peut-\u00eatre, un faux probl\u00e8me li\u00e9 \u00e0 des habitudes de pens\u00e9e que nous consid\u00e9rerions, \u00e0 tort, comme absolues.<\/p>\n","protected":false},"excerpt":{"rendered":"<p>Vous avez dit big bang? Comme James Peebles l&rsquo;a soulign\u00e9 apr\u00e8s son prix Nobel en 2019, le terme Big Bang qui connote une cr\u00e9ation de l&rsquo;univers en un lieu \u00e0 un temps d\u00e9termin\u00e9 qui, comme cela est suppos\u00e9 implicitement se r\u00e9f\u00e8rent \u00e0 notre perception d&rsquo;espace et de temps dans notre univers, n&rsquo;a pas de sens &hellip; <a href=\"https:\/\/vous-avez-dit-bigbang.fr\/?page_id=189\" class=\"more-link\">Continuer la lecture<span class=\"screen-reader-text\"> de &laquo;&nbsp;Le Big Bang n&rsquo;est pas la cr\u00e9ation de l&rsquo;univers, c&rsquo;est une singularit\u00e9 qui en fait partie! (rev. 2\/03\/25)&nbsp;&raquo;<\/span><\/a><\/p>\n","protected":false},"author":1,"featured_media":0,"parent":0,"menu_order":0,"comment_status":"closed","ping_status":"closed","template":"","meta":{"footnotes":""},"class_list":["post-189","page","type-page","status-publish","hentry"],"_links":{"self":[{"href":"https:\/\/vous-avez-dit-bigbang.fr\/index.php?rest_route=\/wp\/v2\/pages\/189","targetHints":{"allow":["GET"]}}],"collection":[{"href":"https:\/\/vous-avez-dit-bigbang.fr\/index.php?rest_route=\/wp\/v2\/pages"}],"about":[{"href":"https:\/\/vous-avez-dit-bigbang.fr\/index.php?rest_route=\/wp\/v2\/types\/page"}],"author":[{"embeddable":true,"href":"https:\/\/vous-avez-dit-bigbang.fr\/index.php?rest_route=\/wp\/v2\/users\/1"}],"replies":[{"embeddable":true,"href":"https:\/\/vous-avez-dit-bigbang.fr\/index.php?rest_route=%2Fwp%2Fv2%2Fcomments&post=189"}],"version-history":[{"count":10,"href":"https:\/\/vous-avez-dit-bigbang.fr\/index.php?rest_route=\/wp\/v2\/pages\/189\/revisions"}],"predecessor-version":[{"id":3414,"href":"https:\/\/vous-avez-dit-bigbang.fr\/index.php?rest_route=\/wp\/v2\/pages\/189\/revisions\/3414"}],"wp:attachment":[{"href":"https:\/\/vous-avez-dit-bigbang.fr\/index.php?rest_route=%2Fwp%2Fv2%2Fmedia&parent=189"}],"curies":[{"name":"wp","href":"https:\/\/api.w.org\/{rel}","templated":true}]}}