{"id":1829,"date":"2022-12-27T16:20:08","date_gmt":"2022-12-27T15:20:08","guid":{"rendered":"https:\/\/vous-avez-dit-bigbang.fr\/?page_id=1829"},"modified":"2026-03-31T10:44:26","modified_gmt":"2026-03-31T08:44:26","slug":"philosophie","status":"publish","type":"page","link":"https:\/\/vous-avez-dit-bigbang.fr\/?page_id=1829","title":{"rendered":"Philosophie (31\/03\/26)-28 items"},"content":{"rendered":"\n<p><\/p>\n\n\n\n<p><a href=\"https:\/\/vous-avez-dit-bigbang.fr\/?page_id=4184\" data-type=\"page\" data-id=\"4184\">Si la physique est la d\u00e9couverte des th\u00e9ories compatibles avec notre esprit, celles -ci doivent elles \u00eatre autoduales \u00e0 l\u2019image de notre conscience? 31\/03\/26<\/a><\/p>\n\n\n\n<p><a href=\"https:\/\/vous-avez-dit-bigbang.fr\/?page_id=4090\" data-type=\"page\" data-id=\"4090\">R\u00e9flexions compl\u00e9mentaires sur l\u2019existence de l\u2019univers 14\/03\/26<\/a><\/p>\n\n\n\n<p> <a href=\"https:\/\/vous-avez-dit-bigbang.fr\/?page_id=4073\" data-type=\"page\" data-id=\"4073\">Connaissance analytique et connaissance synth\u00e9tique, all\u00e9gorie du puzzle.(6\/01\/26)<\/a><\/p>\n\n\n\n<p><a href=\"https:\/\/vous-avez-dit-bigbang.fr\/?page_id=4062\" data-type=\"page\" data-id=\"4062\">Du sens de la vie dans l\u2019univers 26\/01\/26<\/a><\/p>\n\n\n\n<p><a href=\"https:\/\/vous-avez-dit-bigbang.fr\/?page_id=3558\" data-type=\"page\" data-id=\"3558\">L\u2019espace-temps comme paradigme de notre existence&nbsp;: au-del\u00e0 de l\u2019\u00e9ternit\u00e9&nbsp;! 30\/11\/25<\/a><\/p>\n\n\n\n<p><a href=\"https:\/\/vous-avez-dit-bigbang.fr\/?page_id=3340\" data-type=\"page\" data-id=\"3340\">Science: description de la nature ou description de la connaissance de la nature? 20\/02\/25<\/a><\/p>\n\n\n\n<p><a href=\"https:\/\/vous-avez-dit-bigbang.fr\/?page_id=3312\" data-type=\"page\" data-id=\"3312\">Bri\u00e8vet\u00e9 de l\u2019humanit\u00e9&nbsp;et existence 24\/3\/25<\/a> <\/p>\n\n\n\n<p> <a href=\"https:\/\/vous-avez-dit-bigbang.fr\/?page_id=3241\" data-type=\"page\" data-id=\"3241\">Existence intrins\u00e8que, extrins\u00e8que, implicite. 24\/03\/25<\/a><\/p>\n\n\n\n<p> <a href=\"https:\/\/vous-avez-dit-bigbang.fr\/?page_id=3061\" data-type=\"page\" data-id=\"3061\">Comment notre esprit peut d\u00e9crire l\u2019inconcevable! (3\/11\/24)<\/a><\/p>\n\n\n\n<p><a href=\"https:\/\/vous-avez-dit-bigbang.fr\/?page_id=3018\" data-type=\"page\" data-id=\"3018\">M\u00e9canique quantique: Le point de vue de Wigner est-il justifi\u00e9?5\/09\/24<\/a><\/p>\n\n\n\n<p><a href=\"https:\/\/vous-avez-dit-bigbang.fr\/?page_id=3006\" data-type=\"page\" data-id=\"3006\">Le myst\u00e8re de notre existence: le point de vue cosmologique: 9\/09\/24<\/a><\/p>\n\n\n\n<p><a href=\"https:\/\/vous-avez-dit-bigbang.fr\/?page_id=2895\" data-type=\"page\" data-id=\"2895\">Paradoxe de l\u2019esprit 21\/09\/24<\/a><\/p>\n\n\n\n<p><a href=\"https:\/\/vous-avez-dit-bigbang.fr\/?page_id=2799\" data-type=\"page\" data-id=\"2799\">Univers vs Humain 10\/06\/24<\/a><\/p>\n\n\n\n<p><a href=\"https:\/\/vous-avez-dit-bigbang.fr\/?page_id=2343\" data-type=\"page\" data-id=\"2343\">Existence : Tautologie vs transcendance: Quelles limites pour l\u2019esprit ? 28\/04\/24<\/a><\/p>\n\n\n\n<p><a href=\"https:\/\/vous-avez-dit-bigbang.fr\/?page_id=1420\" data-type=\"page\" data-id=\"1420\">Existence de l\u2019univers et de l\u2019humain:  Tautologie, coh\u00e9rence et quelle finalit\u00e9 pour l\u2019humain et la soci\u00e9t\u00e9?17\/09\/24<\/a><\/p>\n\n\n\n<p><a href=\"https:\/\/vous-avez-dit-bigbang.fr\/?page_id=1709\" data-type=\"page\" data-id=\"1709\">Les lois physiques sont-elles une cr\u00e9ation de notre esprit ? 18\/12\/23<\/a><\/p>\n\n\n\n<p><a href=\"https:\/\/vous-avez-dit-bigbang.fr\/?page_id=1684\" data-type=\"page\" data-id=\"1684\">Lib\u00e9rer l\u2019esprit de sa condition&nbsp;? 17\/10\/22<\/a><\/p>\n\n\n\n<p><a href=\"https:\/\/vous-avez-dit-bigbang.fr\/?page_id=1538\" data-type=\"page\" data-id=\"1538\">Myst\u00e8re de la conscience: un robot construit par l\u2019humain peut-il avoir une conscience? 17\/06\/24<\/a><\/p>\n\n\n\n<p><a href=\"https:\/\/vous-avez-dit-bigbang.fr\/?page_id=1476\" data-type=\"page\" data-id=\"1476\">Paradigme, essence, existence, cr\u00e9ation (02\/06\/22)<\/a><\/p>\n\n\n\n<p><a href=\"https:\/\/vous-avez-dit-bigbang.fr\/?page_id=1015\" data-type=\"page\" data-id=\"1015\">Pour expliquer la complexit\u00e9 physique : n\u00e9cessit\u00e9 d\u2019un autre paradigme ! (29\/03\/22)<\/a><\/p>\n\n\n\n<p><a href=\"https:\/\/vous-avez-dit-bigbang.fr\/?page_id=836\" data-type=\"page\" data-id=\"836\">Th\u00e9orie et exp\u00e9rience, raison et r\u00e9el (maj 29\/12\/21)<\/a><\/p>\n\n\n\n<p><a href=\"https:\/\/vous-avez-dit-bigbang.fr\/?page_id=2034\" data-type=\"page\" data-id=\"2034\">L\u2019important c\u2019est ce qu\u2019on ne comprend pas ! 23\/08\/22<\/a><\/p>\n\n\n\n<p><a href=\"https:\/\/vous-avez-dit-bigbang.fr\/?page_id=2146\" data-type=\"page\" data-id=\"2146\">Quand les math\u00e9matiques r\u00e9v\u00e8lent la face cach\u00e9e de la physique 29\/01\/2025<\/a><\/p>\n\n\n\n<p> <a href=\"https:\/\/vous-avez-dit-bigbang.fr\/?page_id=2177\" data-type=\"page\" data-id=\"2177\">La nature des math\u00e9matiques 28\/02\/23<\/a><\/p>\n\n\n\n<p> <a href=\"https:\/\/vous-avez-dit-bigbang.fr\/?page_id=1347\" data-type=\"page\" data-id=\"1347\">Conscience et existence : quelques consid\u00e9rations sur le sujet (29\/03\/25)<\/a><\/p>\n\n\n\n<p> <a href=\"https:\/\/vous-avez-dit-bigbang.fr\/?page_id=2248\" data-type=\"page\" data-id=\"2248\">R\u00e9alit\u00e9 physique, connaissance et cr\u00e9ation 20\/02\/24<\/a><\/p>\n\n\n\n<p><a href=\"https:\/\/vous-avez-dit-bigbang.fr\/?page_id=2260\" data-type=\"page\" data-id=\"2260\">Finitude et continu (18\/04\/23)<\/a><\/p>\n\n\n\n<p><a href=\"https:\/\/vous-avez-dit-bigbang.fr\/?page_id=2278\" data-type=\"page\" data-id=\"2278\">Nombres complexes en physique: artefacts de repr\u00e9sentation ou r\u00e9v\u00e9lateurs de propri\u00e9t\u00e9s structurelles de la physique?2\/5\/23<\/a><\/p>\n\n\n\n<p><\/p>\n","protected":false},"excerpt":{"rendered":"<p>Si la physique est la d\u00e9couverte des th\u00e9ories compatibles avec notre esprit, celles -ci doivent elles \u00eatre autoduales \u00e0 l\u2019image de notre conscience? 31\/03\/26 R\u00e9flexions compl\u00e9mentaires sur l\u2019existence de l\u2019univers 14\/03\/26 Connaissance analytique et connaissance synth\u00e9tique, all\u00e9gorie du puzzle.(6\/01\/26) Du sens de la vie dans l\u2019univers 26\/01\/26 L\u2019espace-temps comme paradigme de notre existence&nbsp;: au-del\u00e0 de &hellip; <a href=\"https:\/\/vous-avez-dit-bigbang.fr\/?page_id=1829\" class=\"more-link\">Continuer la lecture<span class=\"screen-reader-text\"> de &laquo;&nbsp;Philosophie (31\/03\/26)-28 items&nbsp;&raquo;<\/span><\/a><\/p>\n","protected":false},"author":1,"featured_media":0,"parent":0,"menu_order":0,"comment_status":"closed","ping_status":"closed","template":"","meta":{"footnotes":""},"class_list":["post-1829","page","type-page","status-publish","hentry"],"_links":{"self":[{"href":"https:\/\/vous-avez-dit-bigbang.fr\/index.php?rest_route=\/wp\/v2\/pages\/1829","targetHints":{"allow":["GET"]}}],"collection":[{"href":"https:\/\/vous-avez-dit-bigbang.fr\/index.php?rest_route=\/wp\/v2\/pages"}],"about":[{"href":"https:\/\/vous-avez-dit-bigbang.fr\/index.php?rest_route=\/wp\/v2\/types\/page"}],"author":[{"embeddable":true,"href":"https:\/\/vous-avez-dit-bigbang.fr\/index.php?rest_route=\/wp\/v2\/users\/1"}],"replies":[{"embeddable":true,"href":"https:\/\/vous-avez-dit-bigbang.fr\/index.php?rest_route=%2Fwp%2Fv2%2Fcomments&post=1829"}],"version-history":[{"count":126,"href":"https:\/\/vous-avez-dit-bigbang.fr\/index.php?rest_route=\/wp\/v2\/pages\/1829\/revisions"}],"predecessor-version":[{"id":4216,"href":"https:\/\/vous-avez-dit-bigbang.fr\/index.php?rest_route=\/wp\/v2\/pages\/1829\/revisions\/4216"}],"wp:attachment":[{"href":"https:\/\/vous-avez-dit-bigbang.fr\/index.php?rest_route=%2Fwp%2Fv2%2Fmedia&parent=1829"}],"curies":[{"name":"wp","href":"https:\/\/api.w.org\/{rel}","templated":true}]}}