{"id":1827,"date":"2022-12-27T16:19:45","date_gmt":"2022-12-27T15:19:45","guid":{"rendered":"https:\/\/vous-avez-dit-bigbang.fr\/?page_id=1827"},"modified":"2025-02-06T10:15:54","modified_gmt":"2025-02-06T09:15:54","slug":"histoire-des-sciences","status":"publish","type":"page","link":"https:\/\/vous-avez-dit-bigbang.fr\/?page_id=1827","title":{"rendered":"Histoire des sciences-history of sciences (7\/3\/23)-5 items"},"content":{"rendered":"\n<p><a href=\"https:\/\/vous-avez-dit-bigbang.fr\/?page_id=1979\" data-type=\"page\" data-id=\"1979\">Painlev\u00e9 et la relativit\u00e9 g\u00e9n\u00e9rale<\/a><\/p>\n\n\n\n<p><a href=\"https:\/\/vous-avez-dit-bigbang.fr\/?page_id=1982\" data-type=\"page\" data-id=\"1982\">Painlev\u00e9 and general relativity<\/a><\/p>\n\n\n\n<p><a href=\"https:\/\/vous-avez-dit-bigbang.fr\/?page_id=1742\" data-type=\"page\" data-id=\"1742\">Paul Langevin et l\u2019effet Sagnac (27\/11\/22)<\/a><\/p>\n\n\n\n<p><a href=\"https:\/\/vous-avez-dit-bigbang.fr\/?page_id=2166\" data-type=\"page\" data-id=\"2166\">Langevin and the Sagnac effect<\/a><\/p>\n\n\n\n<p><a href=\"https:\/\/vous-avez-dit-bigbang.fr\/?page_id=2292\" data-type=\"page\" data-id=\"2292\">Espace-temps de De Sitter, historique et consid\u00e9rations \u00e9pist\u00e9mologiques (7\/5\/23)<\/a><\/p>\n","protected":false},"excerpt":{"rendered":"<p>Painlev\u00e9 et la relativit\u00e9 g\u00e9n\u00e9rale Painlev\u00e9 and general relativity Paul Langevin et l\u2019effet Sagnac (27\/11\/22) Langevin and the Sagnac effect Espace-temps de De Sitter, historique et consid\u00e9rations \u00e9pist\u00e9mologiques (7\/5\/23)<\/p>\n","protected":false},"author":1,"featured_media":0,"parent":0,"menu_order":0,"comment_status":"closed","ping_status":"closed","template":"","meta":{"footnotes":""},"class_list":["post-1827","page","type-page","status-publish","hentry"],"_links":{"self":[{"href":"https:\/\/vous-avez-dit-bigbang.fr\/index.php?rest_route=\/wp\/v2\/pages\/1827","targetHints":{"allow":["GET"]}}],"collection":[{"href":"https:\/\/vous-avez-dit-bigbang.fr\/index.php?rest_route=\/wp\/v2\/pages"}],"about":[{"href":"https:\/\/vous-avez-dit-bigbang.fr\/index.php?rest_route=\/wp\/v2\/types\/page"}],"author":[{"embeddable":true,"href":"https:\/\/vous-avez-dit-bigbang.fr\/index.php?rest_route=\/wp\/v2\/users\/1"}],"replies":[{"embeddable":true,"href":"https:\/\/vous-avez-dit-bigbang.fr\/index.php?rest_route=%2Fwp%2Fv2%2Fcomments&post=1827"}],"version-history":[{"count":10,"href":"https:\/\/vous-avez-dit-bigbang.fr\/index.php?rest_route=\/wp\/v2\/pages\/1827\/revisions"}],"predecessor-version":[{"id":3306,"href":"https:\/\/vous-avez-dit-bigbang.fr\/index.php?rest_route=\/wp\/v2\/pages\/1827\/revisions\/3306"}],"wp:attachment":[{"href":"https:\/\/vous-avez-dit-bigbang.fr\/index.php?rest_route=%2Fwp%2Fv2%2Fmedia&parent=1827"}],"curies":[{"name":"wp","href":"https:\/\/api.w.org\/{rel}","templated":true}]}}