{"id":1825,"date":"2022-12-27T16:19:17","date_gmt":"2022-12-27T15:19:17","guid":{"rendered":"https:\/\/vous-avez-dit-bigbang.fr\/?page_id=1825"},"modified":"2026-04-24T10:59:05","modified_gmt":"2026-04-24T08:59:05","slug":"physique","status":"publish","type":"page","link":"https:\/\/vous-avez-dit-bigbang.fr\/?page_id=1825","title":{"rendered":"Physique (relativit\u00e9- m\u00e9canique quantique) 24\/04\/26 -36 items"},"content":{"rendered":"\n<p> <a href=\"https:\/\/vous-avez-dit-bigbang.fr\/?page_id=3980\" data-type=\"page\" data-id=\"3980\">Vitesse limite et localit\u00e9 3\/12\/25<\/a><\/p>\n\n\n\n<p><a href=\"https:\/\/vous-avez-dit-bigbang.fr\/?page_id=3711\" data-type=\"page\" data-id=\"3711\">La sphere comme paradigme pour l\u2019hypersphere  01\/12\/25<\/a><\/p>\n\n\n\n<p> <a href=\"https:\/\/vous-avez-dit-bigbang.fr\/?page_id=3868\" data-type=\"page\" data-id=\"3868\">Lagrangien g\u00e9od\u00e9sique en relativit\u00e9 g\u00e9n\u00e9rale 24\/4\/26<\/a><\/p>\n\n\n\n<p><a href=\"https:\/\/vous-avez-dit-bigbang.fr\/?page_id=3613\" data-type=\"page\" data-id=\"3613\">Diff\u00e9rence entre temps et espace n\u2019est-elle que de nature relationnelle? 1\/06\/25<\/a><\/p>\n\n\n\n<p><a href=\"https:\/\/vous-avez-dit-bigbang.fr\/?page_id=3476\" data-type=\"page\" data-id=\"3476\">Introduction au formalisme ADM<\/a><\/p>\n\n\n\n<p><a href=\"https:\/\/vous-avez-dit-bigbang.fr\/?page_id=3470\" data-type=\"page\" data-id=\"3470\">Pendule de Foucault et autres dispositifs inertiels 2\/04\/25<\/a><\/p>\n\n\n\n<p><a href=\"https:\/\/vous-avez-dit-bigbang.fr\/?page_id=3384\" data-type=\"page\" data-id=\"3384\">Quantifier la gravitation par les ondelettes associ\u00e9s aux photons qui peuvent repr\u00e9senter des quantas d\u2019espace-temps. 28\/02\/25<\/a><\/p>\n\n\n\n<p><a href=\"https:\/\/vous-avez-dit-bigbang.fr\/?page_id=3169\" data-type=\"page\" data-id=\"3169\">Equation de Tsiolkovski classique avec utilisation de la rotation de la Terre et extension relativiste 25\/01\/2025<\/a> <\/p>\n\n\n\n<p><a href=\"https:\/\/vous-avez-dit-bigbang.fr\/?page_id=3288\" data-type=\"page\" data-id=\"3288\">Equation de Tsiolkovski relativiste, d\u00e9monstration alternative 24\/01\/25<\/a><\/p>\n\n\n\n<p> <a href=\"https:\/\/vous-avez-dit-bigbang.fr\/?page_id=3295\" data-type=\"page\" data-id=\"3295\">Plus vite que la lumi\u00e8re! 13\/12\/24<\/a><\/p>\n\n\n\n<p> <a href=\"https:\/\/vous-avez-dit-bigbang.fr\/?page_id=3119\" data-type=\"page\" data-id=\"3119\">Pourquoi la vitesse de la lumi\u00e8re est constante? 10\/12\/24<\/a><\/p>\n\n\n\n<p> <a href=\"https:\/\/vous-avez-dit-bigbang.fr\/?page_id=3100\" data-type=\"page\" data-id=\"3100\">Cours relativit\u00e9 g\u00e9n\u00e9rale: traduction de lecture notes on general relativity de Sean Carroll.<\/a><\/p>\n\n\n\n<p><a href=\"https:\/\/vous-avez-dit-bigbang.fr\/?page_id=3094\" data-type=\"page\" data-id=\"3094\">Le proc\u00e9d\u00e9 de Penrose et l\u2019assistance gravitationnelle 16\/11\/24<\/a><\/p>\n\n\n\n<p> <a href=\"https:\/\/vous-avez-dit-bigbang.fr\/?page_id=2278\" data-type=\"page\" data-id=\"2278\">Nombres complexes en physique: artefacts de repr\u00e9sentation ou r\u00e9v\u00e9lateurs de propri\u00e9t\u00e9s structurelles de la physique?2\/5\/23<\/a><\/p>\n\n\n\n<p><a href=\"https:\/\/vous-avez-dit-bigbang.fr\/?page_id=2945\" data-type=\"page\" data-id=\"2945\">Vitesse limite en relativit\u00e9&nbsp;: Cette d\u00e9finition a-t-elle un sens&nbsp;? 07\/07\/24<\/a><\/p>\n\n\n\n<p><a href=\"https:\/\/vous-avez-dit-bigbang.fr\/?page_id=1015\" data-type=\"page\" data-id=\"1015\">Le paradigme de la Lumi\u00e8re et complexit\u00e9 de la science (26\/01\/24)<\/a><\/p>\n\n\n\n<p><a href=\"https:\/\/vous-avez-dit-bigbang.fr\/?page_id=1631\" data-type=\"page\" data-id=\"1631\">Comment l\u2019existence d\u2019un invariant de vitesse en relativit\u00e9 d\u00e9truit l\u2019espace et le temps.26\/9\/22<\/a><\/p>\n\n\n\n<p><a href=\"https:\/\/vous-avez-dit-bigbang.fr\/?page_id=1294\" data-type=\"page\" data-id=\"1294\">Cours m\u00e9canique quantique Cours de th\u00e9orie des champs quantique<\/a><\/p>\n\n\n\n<p><a href=\"https:\/\/vous-avez-dit-bigbang.fr\/?page_id=199\" data-type=\"page\" data-id=\"199\">Espace-temps. Coordonn\u00e9es.  Celles de type nul, conduisent \u00e0 un nouveau paradigme.<\/a><\/p>\n\n\n\n<p><a href=\"https:\/\/vous-avez-dit-bigbang.fr\/?page_id=1677\" data-type=\"page\" data-id=\"1677\">L\u2019\u00e9quation d\u2019Einstein et la force de Planck<\/a><\/p>\n\n\n\n<p><a href=\"https:\/\/vous-avez-dit-bigbang.fr\/?page_id=192\" data-type=\"page\" data-id=\"192\">L\u2019inertie de la mati\u00e8re<\/a><\/p>\n\n\n\n<p><a href=\"https:\/\/vous-avez-dit-bigbang.fr\/?page_id=1628\" data-type=\"page\" data-id=\"1628\">L\u2019interpr\u00e9tation de l\u2019\u00e9quation d\u2019Einstein est-elle rigoureuse et correcte? 3\/10\/23<\/a><\/p>\n\n\n\n<p><a href=\"https:\/\/vous-avez-dit-bigbang.fr\/?page_id=1742\" data-type=\"page\" data-id=\"1742\">Paul Langevin et l\u2019effet Sagnac (27\/11\/22)<\/a><\/p>\n\n\n\n<p><a href=\"https:\/\/vous-avez-dit-bigbang.fr\/?page_id=2036\" data-type=\"page\" data-id=\"2036\">La nature de l\u2019action(18\/01\/22)<\/a><\/p>\n\n\n\n<p> <a href=\"https:\/\/vous-avez-dit-bigbang.fr\/?page_id=1541\" data-type=\"page\" data-id=\"1541\">Peut-on vraiment unifier relativit\u00e9 g\u00e9n\u00e9rale et m\u00e9canique quantique? (12\/11\/23)<\/a> <\/p>\n\n\n\n<p><a href=\"https:\/\/vous-avez-dit-bigbang.fr\/?page_id=293\" data-type=\"page\" data-id=\"293\">Remarque \u00e0 propos du rayonnement du corps noir en physique quantique<\/a><\/p>\n\n\n\n<p>  <a href=\"https:\/\/vous-avez-dit-bigbang.fr\/?page_id=2040\" data-type=\"page\" data-id=\"2040\">C\u2019est toujours la gravitation qui gagne! 28\/11\/21<\/a><\/p>\n\n\n\n<p> <a href=\"https:\/\/vous-avez-dit-bigbang.fr\/?page_id=2046\" data-type=\"page\" data-id=\"2046\">Paradoxe EPR (12\/03\/23)<\/a><\/p>\n\n\n\n<p><a href=\"https:\/\/vous-avez-dit-bigbang.fr\/?page_id=2048\" data-type=\"page\" data-id=\"2048\">Solution en g\u00e9om\u00e9trie euclidienne, avec rotation de Wick, du paradoxe des jumeaux<\/a><\/p>\n\n\n\n<p><a href=\"https:\/\/vous-avez-dit-bigbang.fr\/?page_id=2068\" data-type=\"page\" data-id=\"2068\">G\u00e9od\u00e9siques de type espace<\/a><\/p>\n\n\n\n<p><a href=\"https:\/\/vous-avez-dit-bigbang.fr\/?page_id=2065\" data-type=\"page\" data-id=\"2065\">Une d\u00e9monstration illustrant la puissance heuristique du principe de relativit\u00e9 12\/01\/23.<\/a><\/p>\n\n\n\n<p><a href=\"https:\/\/vous-avez-dit-bigbang.fr\/?page_id=880\" data-type=\"page\" data-id=\"880\">Expansion de l\u2019univers, inflation (6\/01\/22)<\/a><\/p>\n\n\n\n<p><a href=\"https:\/\/vous-avez-dit-bigbang.fr\/?page_id=2223\" data-type=\"page\" data-id=\"2223\">G\u00e9od\u00e9siques nulles en relativit\u00e9 : frustration de ne pas bien en comprendre toute la port\u00e9e: 9\/12\/23<\/a><\/p>\n\n\n\n<p> <a href=\"https:\/\/vous-avez-dit-bigbang.fr\/?page_id=2250\" data-type=\"page\" data-id=\"2250\">Paradoxe de la solution relativiste de Schwarzschild (10\/04\/23)<\/a><\/p>\n\n\n\n<p> <a href=\"https:\/\/vous-avez-dit-bigbang.fr\/?page_id=2298\" data-type=\"page\" data-id=\"2298\">CFT theories, th\u00e9ories conforme des champs: correspondance ADS\/CFT (20\/5\/23)<\/a><\/p>\n\n\n\n<p><a href=\"https:\/\/vous-avez-dit-bigbang.fr\/?page_id=2406\" data-type=\"page\" data-id=\"2406\">De la causalit\u00e9 en relativit\u00e9 26\/08\/23<\/a>   <\/p>\n\n\n\n<p><a href=\"https:\/\/vous-avez-dit-bigbang.fr\/?page_id=2604\" data-type=\"page\" data-id=\"2604\">Quelle complexit\u00e9 pour d\u00e9crire la physique ! (20\/12\/23)<\/a><\/p>\n\n\n\n<p><\/p>\n","protected":false},"excerpt":{"rendered":"<p>Vitesse limite et localit\u00e9 3\/12\/25 La sphere comme paradigme pour l\u2019hypersphere 01\/12\/25 Lagrangien g\u00e9od\u00e9sique en relativit\u00e9 g\u00e9n\u00e9rale 24\/4\/26 Diff\u00e9rence entre temps et espace n\u2019est-elle que de nature relationnelle? 1\/06\/25 Introduction au formalisme ADM Pendule de Foucault et autres dispositifs inertiels 2\/04\/25 Quantifier la gravitation par les ondelettes associ\u00e9s aux photons qui peuvent repr\u00e9senter des quantas &hellip; <a href=\"https:\/\/vous-avez-dit-bigbang.fr\/?page_id=1825\" class=\"more-link\">Continuer la lecture<span class=\"screen-reader-text\"> de &laquo;&nbsp;Physique (relativit\u00e9- m\u00e9canique quantique) 24\/04\/26 -36 items&nbsp;&raquo;<\/span><\/a><\/p>\n","protected":false},"author":1,"featured_media":0,"parent":0,"menu_order":0,"comment_status":"closed","ping_status":"closed","template":"","meta":{"footnotes":""},"class_list":["post-1825","page","type-page","status-publish","hentry"],"_links":{"self":[{"href":"https:\/\/vous-avez-dit-bigbang.fr\/index.php?rest_route=\/wp\/v2\/pages\/1825","targetHints":{"allow":["GET"]}}],"collection":[{"href":"https:\/\/vous-avez-dit-bigbang.fr\/index.php?rest_route=\/wp\/v2\/pages"}],"about":[{"href":"https:\/\/vous-avez-dit-bigbang.fr\/index.php?rest_route=\/wp\/v2\/types\/page"}],"author":[{"embeddable":true,"href":"https:\/\/vous-avez-dit-bigbang.fr\/index.php?rest_route=\/wp\/v2\/users\/1"}],"replies":[{"embeddable":true,"href":"https:\/\/vous-avez-dit-bigbang.fr\/index.php?rest_route=%2Fwp%2Fv2%2Fcomments&post=1825"}],"version-history":[{"count":88,"href":"https:\/\/vous-avez-dit-bigbang.fr\/index.php?rest_route=\/wp\/v2\/pages\/1825\/revisions"}],"predecessor-version":[{"id":4272,"href":"https:\/\/vous-avez-dit-bigbang.fr\/index.php?rest_route=\/wp\/v2\/pages\/1825\/revisions\/4272"}],"wp:attachment":[{"href":"https:\/\/vous-avez-dit-bigbang.fr\/index.php?rest_route=%2Fwp%2Fv2%2Fmedia&parent=1825"}],"curies":[{"name":"wp","href":"https:\/\/api.w.org\/{rel}","templated":true}]}}