{"id":1709,"date":"2022-11-03T11:15:36","date_gmt":"2022-11-03T10:15:36","guid":{"rendered":"https:\/\/vous-avez-dit-bigbang.fr\/?page_id=1709"},"modified":"2023-12-18T11:04:21","modified_gmt":"2023-12-18T10:04:21","slug":"les-lois-physiques-ne-sont-elles-quune-creation-de-notre-esprit-10-31-22","status":"publish","type":"page","link":"https:\/\/vous-avez-dit-bigbang.fr\/?page_id=1709","title":{"rendered":"Les lois physiques sont-elles une cr\u00e9ation de notre esprit ? 18\/12\/23"},"content":{"rendered":"\n<h2 class=\"wp-block-heading\">Introduction<\/h2>\n\n\n\n<p>Dans <a href=\"https:\/\/vous-avez-dit-bigbang.fr\/?page_id=1479\" data-type=\"page\" data-id=\"1479\">Paradigm, essence, existence, creation (updated 6\/09\/22)<\/a> nous avons expos\u00e9, les diff\u00e9rentes approches g\u00e9n\u00e9rales philosophiques de nos rapports avec la nature. Ici nous allons d\u00e9velopper, plus sp\u00e9cifiquement, un des points de vue de cette approche<\/p>\n\n\n\n<h2 class=\"wp-block-heading\">Expos\u00e9 du probl\u00e8me<\/h2>\n\n\n\n<p>Dans son ouvrage, Bouty <a href=\"https:\/\/vous-avez-dit-bigbang.fr\/?p=1692#_ftn1\">[1]<\/a>d\u00e9clare&nbsp;:<\/p>\n\n\n\n<p>\u00ab&nbsp;La science est un produit de l\u2019esprit humain, produit conforme aux lois de notre pens\u00e9e et adapt\u00e9 au monde ext\u00e9rieur. Elle offre donc deux aspects, l\u2019un subjectif, l\u2019autre objectif, tous deux \u00e9galement n\u00e9cessaires, car il nous est aussi impossible de changer quoi que ce soit aux lois de notre esprit qu\u2019\u00e0 celles du monde&nbsp;\u00bb.<\/p>\n\n\n\n<p>Bachelard dans son ouvrage <a href=\"https:\/\/vous-avez-dit-bigbang.fr\/?p=1692#_ftn2\">[2]<\/a> cite cette d\u00e9claration et la commente ainsi&nbsp;:<\/p>\n\n\n\n<p><em>\u00ab&nbsp;Etrange d\u00e9claration m\u00e9taphysique qui peut aussi bien conduire \u00e0 une sorte de rationalisme redoubl\u00e9 qui retrouverait, dans les lois du monde, les lois de notre esprit, qu\u2019\u00e0 un r\u00e9alisme universel imposant l\u2019invariabilit\u00e9 absolue \u00ab&nbsp;aux lois de notre esprit&nbsp;\u00bb con\u00e7ues comme une partie des lois du monde<\/em> !&nbsp;\u00bb<\/p>\n\n\n\n<p>En effet dans ces propos, deux interpr\u00e9tations sont pos\u00e9es.<\/p>\n\n\n\n<ul class=\"wp-block-list\">\n<li>Soit, qu\u2019en tant que partie du monde, notre esprit en incorpore ses lois, c\u2019est ce que Bachelard appelle le r\u00e9alisme&nbsp;: c\u2019est la nature qui dicte ses lois et celles de notre esprit. C\u2019est l\u2019hypoth\u00e8se qui para\u00eet la plus naturelle et qui est largement adopt\u00e9e.<\/li>\n<\/ul>\n\n\n\n<ul class=\"wp-block-list\">\n<li>Soit, la nature n\u2019a pas de lois, c\u2019est notre esprit qui les cr\u00e9\u00e9, car il en a besoin pour donner un sens \u00e0 son existence, en tant que partie de cette nature, et pour disposer de r\u00e8gles cr\u00e9ant un ordre dans cette nature, permettant de se comporter efficacement de mani\u00e8re reproductible dans ce monde sans lois. C\u2019est ce que Bachelard appelle le rationalisme dans son commentaire.<\/li>\n\n\n\n<li>Pour illustrer cela, imaginons que la nature soit repr\u00e9sent\u00e9e par une collection d\u2019objets (et de ph\u00e9nom\u00e8nes) apparemment disparates: <strong>c\u2019est sans doute l\u2019image que l\u2019homme des cavernes se faisait du monde. <\/strong><\/li>\n\n\n\n<li>Notre esprit va s\u2019attacher \u00e0 leur attribuer des caract\u00e8res (taille, forme couleurs, consistances, sym\u00e9tries, r\u00e9p\u00e9titivit\u00e9, p\u00e9riodicit\u00e9, et toutes qualit\u00e9s accessibles \u00e0 nos sens ) et op\u00e9rer \u00e0 des classements et des liens et \u00e0 essayer d\u2019en d\u00e9duire des r\u00e8gles (lois). <\/li>\n\n\n\n<li><\/li>\n\n\n\n<li><strong>L&rsquo;inn\u00e9 vs l&rsquo;appris<\/strong><\/li>\n\n\n\n<li><\/li>\n\n\n\n<li>Notons que cela <strong>pr\u00e9suppose des dispositions \u00ab\u00a0structurantes\u00a0\u00bb inn\u00e9es de notre esprit,<\/strong> par rapport au monde sensible, car, d&rsquo;une part il faut quelque chose pour \u00ab\u00a0amorcer\u00a0\u00bb la possibilit\u00e9 de prise de connaissance et s&rsquo;il \u00e9tait non structur\u00e9, au contact d&rsquo;un tel monde il ne pourrait que s&rsquo;impr\u00e9gner de son caract\u00e8re disparate, en donner une image \u00ab\u00a0brute\u00a0\u00bb. On sait que notre esprit s&rsquo;attache a chercher des corr\u00e9lations ou anti-corr\u00e9lations, selon de multiples crit\u00e8res, entre les donn\u00e9es qu&rsquo;il acquiert afin d&rsquo;en faire un ensemble \u00ab\u00a0coh\u00e9rent\u00a0\u00bb. <\/li>\n\n\n\n<li><\/li>\n\n\n\n<li>Quelle est la nature de ce que nous appelons \u00ab\u00a0coh\u00e9rence\u00a0\u00bb et comment cette facult\u00e9 de recherche de coh\u00e9rence se trouve dans notre esprit, est-elle inn\u00e9e ou acquise? <\/li>\n\n\n\n<li>Si elle est inn\u00e9e, elle sera au c\u0153ur m\u00eame de notre pens\u00e9e et raisonnement et en quelque sorte \u00ab\u00a0invisible\u00a0\u00bb car int\u00e9gr\u00e9e structurellement dans notre pens\u00e9e.<\/li>\n\n\n\n<li>Si elle est acquise par interaction avec le monde ext\u00e9rieur, alors il on ne s&rsquo;\u00e9tonnera pas qu&rsquo;elle soit adapt\u00e9e \u00e0 ce monde ext\u00e9rieur, puisque c&rsquo;est lui qui nous l&rsquo;a transmis, ce qui n&rsquo;exclut pas un m\u00e9canisme inn\u00e9, mais qui n&rsquo;a pas cette facult\u00e9, qui a pu nous la transf\u00e9rer.<\/li>\n\n\n\n<li><\/li>\n\n\n\n<li>Comme le crit\u00e8re d\u00e9terminant est l&rsquo;ad\u00e9quation de nos  actions envers nous m\u00eames et le monde ext\u00e9rieur, \u00e0 notre profit, on est tent\u00e9 de pencher pour une part d&rsquo;acquisition \u00e0 partir de monde ext\u00e9rieur, notre esprit \u00e9tant alors \u00ab\u00a0une auberge espagnole\u00a0\u00bb o\u00f9 on trouve ce qu&rsquo;on y a mis, l&rsquo;inn\u00e9 \u00e9tant alors l&rsquo;auberge elle-m\u00eame qui a son importance sur ce qu&rsquo;on peut y apporter.<\/li>\n\n\n\n<li><\/li>\n\n\n\n<li>Cette \u00ab\u00a0inn\u00e9\u00a0\u00bb, li\u00e9e sans doute \u00e0 des erreurs de retranscription de l&rsquo;ADN,  a \u00e9t\u00e9 sans doute un caract\u00e8re de s\u00e9lection naturelle offrant un \u00ab\u00a0avantage\u00a0\u00bb au Sapiens par rapport \u00e0 d&rsquo;autres esp\u00e8ces. <\/li>\n\n\n\n<li><\/li>\n\n\n\n<li> Bachelard, qui reconna\u00eet qu\u2019il est impossible de s\u00e9parer totalement rationalisme et r\u00e9alisme qui semblent avoir une intrication au moins partielle, laisse \u00e0 penser que l&rsquo;inn\u00e9 et l&rsquo;acquis s\u2019entrem\u00ealent sans qu&rsquo;il soit possible de les d\u00e9m\u00e8ler compl\u00e8tement. Il reconnait, toutefois \u00e0 l\u2019exp\u00e9rience le \u00ab\u00a0dernier mot\u00a0\u00bb lorsque ces deux approches sont en conflit. Selon lui, la nature a toujours le dernier mot, ce qui revient \u00e0 relativiser la rationalit\u00e9 de notre esprit. Pour synth\u00e9tiser cela, il d\u00e9clare entre autres\u00a0: \u00ab\u00a0La physique est une m\u00e9taphysique impure, car elle doit rendre des comptes \u00e0 l\u2019exp\u00e9rience.\u00a0\u00bb<\/li>\n<\/ul>\n\n\n\n<p>La premi\u00e8re hypoth\u00e8se ayant \u00e9t\u00e9 largement comment\u00e9e, en particulier sur ce site, int\u00e9ressons-nous \u00e0 la deuxi\u00e8me hypoth\u00e8se.&nbsp;&nbsp;<\/p>\n\n\n\n<h2 class=\"wp-block-heading\">Les lois physiques ne sont-elles qu\u2019une cr\u00e9ation de notre esprit&nbsp;?<\/h2>\n\n\n\n<p>Dans son article <a href=\"https:\/\/vous-avez-dit-bigbang.fr\/?p=1692#_ftn3\">[3]<\/a> Majid, rappelle que la connaissance du physicien est limit\u00e9e par son esprit. Le propos est un peu ambigu, car il peut se r\u00e9f\u00e9rer au r\u00e9alisme avec ses limites, mais il ouvre aussi une fen\u00eatre sur &nbsp;le rationalisme. Cependant nous voyons que le r\u00f4le de notre esprit est invoqu\u00e9 dans notre connaissance des lois physiques. <\/p>\n\n\n\n<p>Nous savons qu&rsquo;une des caract\u00e9ristiques essentielles de notre esprit est sa\u00a0\u00bbflexibilit\u00e9\u00a0\u00bb, mais les propos de Majid laisse entendre que cette flexibilit\u00e9 n&rsquo;est pas totale.<\/p>\n\n\n\n<p>Si c&rsquo;est cette flexibilit\u00e9 qui va lui permettre d&rsquo;assimiler des connaissances dans son rapport \u00e0 lui m\u00eame (le sujet a la capacit\u00e9 de se prendre comme \u00ab\u00a0objet\u00a0\u00bb) aux autres et de mani\u00e8re g\u00e9n\u00e9rale au monde \u00ab\u00a0ext\u00e9rieur\u00a0\u00bb, elle est support\u00e9e par une structure mat\u00e9rielle, un ensemble structur\u00e9 de mol\u00e9cules (elles-m\u00eames, ensemble d&rsquo;atomes ob\u00e9issant \u00e0 des r\u00e8gles physiques)  en interaction,  cet assemblage \u00e9tant soumis \u00e0 des contingences li\u00e9es \u00e0 sa nature.<\/p>\n\n\n\n<p>D&rsquo;ailleurs pour que ce processus d&rsquo;acquisition et de traitement d&rsquo;information puisse se produire, comme nous l&rsquo;avons indiqu\u00e9, il faut que la structure mat\u00e9rielle de notre esprit incorpore nativement cette possibilit\u00e9, avant m\u00eame toute acquisition de connaissance.<\/p>\n\n\n\n<p>Ainsi un b\u00e9b\u00e9, \u00e0 sa naissance, incorpore d&rsquo;une part tous les m\u00e9canismes vitaux de vie et survie (gestion de la respiration etc.) et m\u00eame s&rsquo;il ne sait encore rien du monde ext\u00e9rieur qu&rsquo;il va d\u00e9couvrir, il est dot\u00e9 mani\u00e8re \u00ab\u00a0c\u00e2bl\u00e9e\u00a0\u00bb (il l&rsquo;avait dans son ADN) dans son esprit ce qu&rsquo;il faut  pour \u00ab\u00a0apprendre\u00a0\u00bb, m\u00eame si les m\u00e9canismes sommaires au d\u00e9but (essai-erreur-r\u00e9ussite)  vont se perfectionner par la suite en particulier lorsqu&rsquo;il maitrisera le langage. <\/p>\n\n\n\n<p>Nous avons \u00e9voqu\u00e9 cet argument \u00e0 propos des premiers humains dans leur d\u00e9couverte et tentative de compr\u00e9hension du monde, qui sont d&rsquo;une certaine mani\u00e8re en situation similaire \u00e0 celle du nouveau n\u00e9. <\/p>\n\n\n\n<p><strong>Au niveau de l&rsquo;esprit, on ne part pas de rien, sinon l&rsquo;apprentissage peut \u00eatre chaotique, mais le fait qu&rsquo;on ne parte pas de rien \u00ab\u00a0biaise\u00a0\u00bb l&rsquo;objectivit\u00e9 de notre connaissance, car cette structure initiale oriente d&rsquo;une mani\u00e8re ou d&rsquo;une autre, sans que nous puissions en avoir conscience, (le fait de l&rsquo;\u00e9voquer n&rsquo;en r\u00e9v\u00e8le pas les rouages secrets) notre connaissance.<\/strong><\/p>\n\n\n\n<h2 class=\"wp-block-heading\">Le cas de la m\u00e9canique quantique<\/h2>\n\n\n\n<p>Wigner, lui, va beaucoup plus loin, car il d\u00e9clare clairement (\u00e0 propos de la m\u00e9canique quantique) qu\u2019il n\u2019y a pas de lois physiques sans une conscience humaine et que, \u00e0 ce titre, les lois sont une cr\u00e9ation de notre esprit.<\/p>\n\n\n\n<p>En effet, dans la pr\u00e9sentation qu\u2019on fait de la m\u00e9canique quantique, l\u2019\u00e9tat d\u2019un syst\u00e8me est d\u00e9fini par une fonction d\u2019onde qui repr\u00e9sente une superposition, en g\u00e9n\u00e9ral infinie, d\u2019\u00e9tats possibles et c\u2019est par un acte d\u2019une conscience (un exp\u00e9rimentateur) qu\u2019une mesure va \u00eatre faite, (formellement on applique un op\u00e9rateur math\u00e9matique d\u00e9pendant du type de mesure qu\u2019on veut effectuer), sur la fonction d\u2019onde, brisant cette superposition, et donnant un \u00e9tat particulier selon des lois de probabilit\u00e9 d\u00e9finies par la th\u00e9orie.<\/p>\n\n\n\n<p>Il y a bien un acte de conscience qui permet d\u2019acqu\u00e9rir une information d\u2019un type impos\u00e9 par la conscience, sur le syst\u00e8me, ce qui n\u2019est pas passif mais qui \u00ab&nbsp;d\u00e9truit&nbsp;\u00bb l\u2019\u00e9tat de superposition du syst\u00e8me (effondrement de la fonction d\u2019onde). La mesure a un caract\u00e8re \u00a0\u00bb&nbsp;destructif \u00ab\u00a0, ce qui d\u2019ailleurs peut \u00eatre utilis\u00e9 pour v\u00e9rifier qu\u2019un message quantique n\u2019a pas \u00e9t\u00e9 \u00ab&nbsp;intercept\u00e9&nbsp;\u00bb.<\/p>\n\n\n\n<p>Face \u00e0 l\u2019\u00e9tranget\u00e9 de la situation, Wigner propose une interpr\u00e9tation qui peut para\u00eetre radicale. C\u2019est la prise de connaissance d\u2019une mesure par une conscience qui est l\u2019acte fondamental de la mesure, pas l\u2019appareil qui la fait.<\/p>\n\n\n\n<p>Autrement dit ce qu\u2019on appelle l\u2019effondrement de la fonction d\u2019onde lors d\u2019une mesure, le fait que la mesure renvoie une valeur d\u00e9termin\u00e9e parmi celles en superposition, ne survient pas au moment o\u00f9 l\u2019appareil fait la mesure mais lorsqu\u2019il entre dans la conscience de l\u2019observateur. Cette hypoth\u00e8se qui peut para\u00eetre \u00ab&nbsp;extravagante&nbsp;\u00bb \u00e0 notre esprit est tr\u00e8s profonde, car elle fait entrer l\u2019humain dans la th\u00e9orie qu\u2019il construit. Il est partie int\u00e9grante du processus.<\/p>\n\n\n\n<p>Ainsi dans son paradoxe de \u00ab&nbsp;l\u2019ami&nbsp;\u00bb, (mesure indirecte), il va consid\u00e9rer le syst\u00e8me \u00ab\u00a0conscience de l\u2019ami observateur + appareil de mesure du syst\u00e8me \u00a0\u00bb comme syst\u00e8me et lui appliquera les lois de la m\u00e9canique quantique.<\/p>\n\n\n\n<p>En effet, sa conviction est que la conscience est n\u00e9cessaire au processus de mesure de la m\u00e9canique quantique et donc que la conscience, en g\u00e9n\u00e9ral, doit \u00eatre une \u00ab&nbsp;<strong>r\u00e9alit\u00e9 ultime<\/strong>&nbsp;\u00bb selon la philosophie Cogito ergo sum de Descartes : \u00ab&nbsp;Tout ce que la m\u00e9canique quantique pr\u00e9tend fournir sont des connexions de probabilit\u00e9 entre les impressions subs\u00e9quentes (aussi appel\u00e9es \u00ab&nbsp;aperceptions \u00ab&nbsp;) de la conscience&nbsp;\u00bb.<a href=\"https:\/\/vous-avez-dit-bigbang.fr\/?p=1692#_ftn4\">[4]<\/a><\/p>\n\n\n\n<p>Si la pens\u00e9e de Wigner est complexe, et qu\u2019on peut ne pas partager son analyse, sa proposition m\u00e9rite d\u2019\u00eatre m\u00e9dit\u00e9e, car d\u2019une part, l\u2019approche traditionnelle rationaliste est loin de donner totalement satisfaction, d\u2019autre part on ne peut pas exclure la pens\u00e9e du physicien (sa conscience) de la th\u00e9orie d\u00e9crivant la nature.<\/p>\n\n\n\n<p>C\u2019est sans doute en faisant cela qu\u2019on fera progresser la connaissance car on ne peut pas s\u2019abstraire du fait que la science est une activit\u00e9 humaine et, qu\u2019\u00e0 ce titre, elle en est partie int\u00e9grante!<\/p>\n\n\n\n<h2 class=\"wp-block-heading\">La cosmologie pour exemple<\/h2>\n\n\n\n<p>Si Wigner s\u2019est int\u00e9ress\u00e9 \u00e0 la m\u00e9canique quantique et ses aspects&nbsp;\u00ab&nbsp;particuli\u00e8rement paradoxaux&nbsp;\u00bb on peut aussi consid\u00e9rer d\u2019autres domaines scientifiques.<\/p>\n\n\n\n<p>&nbsp;Une id\u00e9e r\u00e9pandue, en particulier dans l\u2019\u00e9tude de la cosmologie, par exemple par sa description chronologique par le mod\u00e8le standard (Big Bang), auquel on pr\u00eate un caract\u00e8re&nbsp;\u00ab&nbsp;anthropomorphique&nbsp;\u00bb par ailleurs, est que l\u2019univers existerait, m\u00eame sans humains. Dans ce mod\u00e8le chronologique, notre apparition est tr\u00e8s tardive donc, dans on en d\u00e9duit que pendant ne phase tr\u00e8s longue du r\u00e9cit historique il n\u2019y a pas de conscience pour en rendre compte.<\/p>\n\n\n\n<p>Ceci se pr\u00e9sente comme une \u00e9vidence \u00e0 l\u2019esprit<\/p>\n\n\n\n<p>C\u2019est un argument bien curieux, parce qu\u2019il est produit par des humains qui estiment leur pr\u00e9sence non n\u00e9cessaire dans la description de l\u2019univers, alors qu\u2019il faut qu\u2019ils existent pour dire cela, au moins au moment o\u00f9 ils le disent!<\/p>\n\n\n\n<p>S\u2019il n\u2019y avait pas d\u2019humains ils ne pourraient rien dire, et pour cause&nbsp;!&nbsp;L\u2019argument&nbsp;\u00bb contient une contradiction interne, ce qui met en doute sa validit\u00e9 &nbsp;!<\/p>\n\n\n\n<p>Par ailleurs, comble de confusion, on attribue un caract\u00e8re anthropomorphique \u00e0 l\u2019univers&nbsp;: Une naissance-une vie une mort&nbsp;!<\/p>\n\n\n\n<p>L\u2019univers aurait des caract\u00e8res humains!<\/p>\n\n\n\n<p>Cela ne r\u00e9sout rien, d\u2019autant que le r\u00e9cit chronologique (Big Bang) n\u2019est qu\u2019une mani\u00e8re de d\u00e9crire l\u2019univers qui, si elle est pratique op\u00e9rationnellement, brouille sa nature profonde qui celle d\u2019un espace-temps, comme d\u00e9fini par l\u2019\u00e9quation d\u2019Einstein quelque chose qui n\u2019a ni d\u00e9but ni fin mais qui, simplement, a une existence.<\/p>\n\n\n\n<p>Il convient donc d\u2019en reprendre l\u2019analyse et sa description dans ce contexte d\u2019espace-temps qui fait table rase du temps et de l\u2019espace comme entit\u00e9s fondamentales.<\/p>\n\n\n\n<p>A suivre \u2026.<\/p>\n\n\n\n<p>.&nbsp;<\/p>\n\n\n\n<hr class=\"wp-block-separator has-alpha-channel-opacity\"\/>\n\n\n\n<p><a href=\"https:\/\/vous-avez-dit-bigbang.fr\/?p=1692#_ftnref1\">[1]<\/a> <strong>Bouty E.<\/strong>&nbsp; (1908).&nbsp; La V\u00e9rit\u00e9 scientifique&nbsp;: sa poursuite, Paris, <a href=\"https:\/\/fr.wikipedia.org\/wiki\/Ernest_Flammarion\">Ernest Flammarion<\/a>, coll.&nbsp;\u00ab&nbsp;Biblioth\u00e8que de philosophie scientifique 27&nbsp;\u00bb, 1908, 398&nbsp;p., 19 cm<\/p>\n\n\n\n<p><a href=\"https:\/\/vous-avez-dit-bigbang.fr\/?p=1692#_ftnref2\">[2]<\/a> <strong>-Bachelard G.<\/strong>&nbsp;: (1966). Le nouvel esprit scientifique 9<sup>i\u00e8me<\/sup> \u00e9dition 1966&nbsp;; PUF<\/p>\n\n\n\n<p><a href=\"https:\/\/vous-avez-dit-bigbang.fr\/?p=1692#_ftnref3\">[3]<\/a> <strong>-Majid S.<\/strong>(1991), \u00ab&nbsp;Principle of Representation-Theoretic Self-Duality&nbsp;\u00bb, Physics Essays, <strong>4<\/strong> (3): 395\u2013405, <a href=\"https:\/\/en.wikipedia.org\/wiki\/Bibcode\">Bibcode<\/a>:<a href=\"http:\/\/adsabs.harvard.edu\/abs\/1991PhyEs...4..395M\">1991PhyEs\u20264..395M<\/a>, <a href=\"https:\/\/en.wikipedia.org\/wiki\/Digital_object_identifier\">doi<\/a>:<a href=\"https:\/\/doi.org\/10.4006%2F1.3028923\">10.4006\/1.3028923<\/a>&nbsp;; <a>Traduction libre en&nbsp;: <\/a><a href=\"http:\/\/www-cosmosaf.iap.fr\/Principe_de_la_representation_theorique.pdf\">http:\/\/www-cosmosaf.iap.fr\/Principe_de_la_representation_theorique.pdf<\/a><\/p>\n\n\n\n<p><a href=\"https:\/\/vous-avez-dit-bigbang.fr\/?p=1692#_ftnref4\">[4]<\/a> Voir l\u2019excellent article de Wikipedia&nbsp;: https:\/\/fr.wikipedia.org\/wiki\/Paradoxe_de_Wigner<\/p>\n","protected":false},"excerpt":{"rendered":"<p>Introduction Dans Paradigm, essence, existence, creation (updated 6\/09\/22) nous avons expos\u00e9, les diff\u00e9rentes approches g\u00e9n\u00e9rales philosophiques de nos rapports avec la nature. Ici nous allons d\u00e9velopper, plus sp\u00e9cifiquement, un des points de vue de cette approche Expos\u00e9 du probl\u00e8me Dans son ouvrage, Bouty [1]d\u00e9clare&nbsp;: \u00ab&nbsp;La science est un produit de l\u2019esprit humain, produit conforme aux &hellip; <a href=\"https:\/\/vous-avez-dit-bigbang.fr\/?page_id=1709\" class=\"more-link\">Continuer la lecture<span class=\"screen-reader-text\"> de &laquo;&nbsp;Les lois physiques sont-elles une cr\u00e9ation de notre esprit ? 18\/12\/23&nbsp;&raquo;<\/span><\/a><\/p>\n","protected":false},"author":1,"featured_media":0,"parent":0,"menu_order":0,"comment_status":"closed","ping_status":"closed","template":"","meta":{"footnotes":""},"class_list":["post-1709","page","type-page","status-publish","hentry"],"_links":{"self":[{"href":"https:\/\/vous-avez-dit-bigbang.fr\/index.php?rest_route=\/wp\/v2\/pages\/1709","targetHints":{"allow":["GET"]}}],"collection":[{"href":"https:\/\/vous-avez-dit-bigbang.fr\/index.php?rest_route=\/wp\/v2\/pages"}],"about":[{"href":"https:\/\/vous-avez-dit-bigbang.fr\/index.php?rest_route=\/wp\/v2\/types\/page"}],"author":[{"embeddable":true,"href":"https:\/\/vous-avez-dit-bigbang.fr\/index.php?rest_route=\/wp\/v2\/users\/1"}],"replies":[{"embeddable":true,"href":"https:\/\/vous-avez-dit-bigbang.fr\/index.php?rest_route=%2Fwp%2Fv2%2Fcomments&post=1709"}],"version-history":[{"count":8,"href":"https:\/\/vous-avez-dit-bigbang.fr\/index.php?rest_route=\/wp\/v2\/pages\/1709\/revisions"}],"predecessor-version":[{"id":2593,"href":"https:\/\/vous-avez-dit-bigbang.fr\/index.php?rest_route=\/wp\/v2\/pages\/1709\/revisions\/2593"}],"wp:attachment":[{"href":"https:\/\/vous-avez-dit-bigbang.fr\/index.php?rest_route=%2Fwp%2Fv2%2Fmedia&parent=1709"}],"curies":[{"name":"wp","href":"https:\/\/api.w.org\/{rel}","templated":true}]}}